{"id":167257,"date":"2025-08-20T22:36:36","date_gmt":"2025-08-20T22:36:36","guid":{"rendered":"https:\/\/www.otiumhome.fi\/?p=167257"},"modified":"2025-08-25T22:32:49","modified_gmt":"2025-08-25T22:32:49","slug":"poytalevy-suorakaide-120x70x2-cm-taysi-akasiapuu","status":"publish","type":"product","link":"https:\/\/www.otiumhome.fi\/index.php\/tuote\/poytalevy-suorakaide-120x70x2-cm-taysi-akasiapuu\/","title":{"rendered":"P\u00f6yt\u00e4levy suorakaide 120x70x2 cm t\u00e4ysi akasiapuu"},"content":{"rendered":"<p>K\u00e4yt\u00e4 t\u00e4t\u00e4 puista p\u00f6yt\u00e4levy\u00e4 p\u00f6yt\u00e4si ehostamiseksi. Se on erinomainen ratkaisu p\u00f6yt\u00e4levyjen vaihtoon kotona tai yrityksiss\u00e4.<\/p>\n<ul>\n<li>Pitk\u00e4kestoinen materiaali: T\u00e4ysi akasiapuu on kaunis luonnonmateriaali. Akasiapuu on tihe\u00e4syinen, tukeva ja kest\u00e4v\u00e4 trooppinen lehtipuu.<\/li>\n<li>Useita k\u00e4ytt\u00f6kohteita: Valitsemastasi koosta riippuen t\u00e4t\u00e4 p\u00f6yt\u00e4levy\u00e4 voidaan k\u00e4ytt\u00e4\u00e4 ruoka-, bistro-, ja sivup\u00f6yd\u00e4ss\u00e4, sek\u00e4 baari- tai sohvap\u00f6yd\u00e4ss\u00e4.<\/li>\n<li>Helppo huoltaa: Sile\u00e4n pinnan ansiosta p\u00f6yt\u00e4levy on helppo puhdistaa kostealla liinalla ja se tarvitsee vain v\u00e4h\u00e4ist\u00e4 huoltoa.<\/li>\n<li>Tukeva ja vakaa p\u00f6yt\u00e4taso: Puurunko takaa tukevuuden ja vakauden. Lis\u00e4ksi p\u00f6yt\u00e4levyn 2 cm paksuus tuo ylim\u00e4\u00e4r\u00e4ist\u00e4 vakautta.<\/li>\n<\/ul>\n<ul>\n<li>Materiaali: luonnollisesti \u00f6ljytty akaasiapuu<\/li>\n<li>Mitat: 120 x 70 x 2 cm (P x L x Paks.)<\/li>\n<li>Muoto: suorakulmainen<\/li>\n<li>Toimitus sis\u00e4lt\u00e4\u00e4 vain p\u00f6yt\u00e4levyn<\/li>\n<\/ul>\n","protected":false},"excerpt":{"rendered":"<ul>\n<li>Materiaali: luonnollisesti \u00f6ljytty akaasiapuu<\/li>\n<li>Mitat: 120 x 70 x 2 cm (P x L x Paks.)<\/li>\n<li>Muoto: suorakulmainen<\/li>\n<li>Toimitus sis\u00e4lt\u00e4\u00e4 vain p\u00f6yt\u00e4levyn<\/li>\n<\/ul>\n","protected":false},"featured_media":100000167257,"comment_status":"closed","ping_status":"closed","template":"","meta":[],"product_brand":[],"product_cat":[84,8578],"product_tag":[],"class_list":{"0":"post-167257","1":"product","2":"type-product","3":"status-publish","4":"has-post-thumbnail","6":"product_cat-huonekalut","7":"product_cat-poytalevyt","9":"first","10":"instock","11":"taxable","12":"shipping-taxable","13":"purchasable","14":"product-type-simple"},"_links":{"self":[{"href":"https:\/\/www.otiumhome.fi\/index.php\/wp-json\/wp\/v2\/product\/167257","targetHints":{"allow":["GET"]}}],"collection":[{"href":"https:\/\/www.otiumhome.fi\/index.php\/wp-json\/wp\/v2\/product"}],"about":[{"href":"https:\/\/www.otiumhome.fi\/index.php\/wp-json\/wp\/v2\/types\/product"}],"replies":[{"embeddable":true,"href":"https:\/\/www.otiumhome.fi\/index.php\/wp-json\/wp\/v2\/comments?post=167257"}],"wp:featuredmedia":[{"embeddable":true,"href":"https:\/\/www.otiumhome.fi\/index.php\/wp-json\/"}],"wp:attachment":[{"href":"https:\/\/www.otiumhome.fi\/index.php\/wp-json\/wp\/v2\/media?parent=167257"}],"wp:term":[{"taxonomy":"product_brand","embeddable":true,"href":"https:\/\/www.otiumhome.fi\/index.php\/wp-json\/wp\/v2\/product_brand?post=167257"},{"taxonomy":"product_cat","embeddable":true,"href":"https:\/\/www.otiumhome.fi\/index.php\/wp-json\/wp\/v2\/product_cat?post=167257"},{"taxonomy":"product_tag","embeddable":true,"href":"https:\/\/www.otiumhome.fi\/index.php\/wp-json\/wp\/v2\/product_tag?post=167257"}],"curies":[{"name":"wp","href":"https:\/\/api.w.org\/{rel}","templated":true}]}}