{"id":167191,"date":"2025-08-20T21:14:49","date_gmt":"2025-08-20T21:14:49","guid":{"rendered":"https:\/\/www.otiumhome.fi\/?p=167191"},"modified":"2025-08-21T05:43:24","modified_gmt":"2025-08-21T05:43:24","slug":"kirjahylly-senkki-ruskea-tammi-66x30x130-cm-tekninen-puu","status":"publish","type":"product","link":"https:\/\/www.otiumhome.fi\/index.php\/tuote\/kirjahylly-senkki-ruskea-tammi-66x30x130-cm-tekninen-puu\/","title":{"rendered":"Kirjahylly \/ Senkki ruskea tammi 66x30x130 cm tekninen puu"},"content":{"rendered":"<p>T\u00e4m\u00e4 tyylikk\u00e4\u00e4sti muotoiltu klassinen kirjakaappi on koristeellinen ja k\u00e4yt\u00e4nn\u00f6llinen lis\u00e4 nykyiseen sisustukseesi.<\/p>\n<\/p>\n<ul>\n<li>Kest\u00e4v\u00e4 materiaali: Tekninen puu on poikkeuksellisen laadukasta ja sile\u00e4pintaista. Se on luja, vakaa ja kosteudelle vastustuskykyinen.<\/li>\n<li>Runsaasti s\u00e4ilytystilaa: Kahdeksalla lokerolla varustettu kirjahylly tarjoaa runsaasti s\u00e4ilytystilaa lehdille, kirjoille, DVD-levyille, multimedialaitteille ja koriste-esineille niiden j\u00e4rjestyksess\u00e4 ja k\u00e4den ulottuvilla pit\u00e4miseen.<\/li>\n<li>Monipuolinen hylly: Kirjahylly voidaan sijoittaa vaakasuoraan my\u00f6s sivukaapiksi, joten se on t\u00e4ydellinen valinta asuintilaasi.<\/li>\n<li>Helposti puhdistettava pinta: Kirjahylly on helppo puhdistaa kostealla liinalla.<\/li>\n<\/ul>\n<p>Varoitus:<\/p>\n<ul>\n<li>Kaatumisen est\u00e4miseksi on t\u00e4t\u00e4 tuotetta k\u00e4ytett\u00e4v\u00e4 mukana toimitetun sein\u00e4kiinnityslaitteen kanssa.<\/li>\n<\/ul>\n<p>Huomioi:<\/p>\n<ul>\n<li>Jokaisen tuotteen mukana on laatikossa kokoonpano-ohje helppoa asennusta varten.<\/li>\n<\/ul>\n<ul>\n<li>V\u00e4ri: ruskea tammi<\/li>\n<li>Materiaali: tekninen puu<\/li>\n<li>Mitat: 66 x 30 x 130 cm (L x S x K)<\/li>\n<li>Vaakamitat: 130 x 30 x 66 cm (L x S x K)<\/li>\n<li>Voidaan k\u00e4ytt\u00e4\u00e4 vaakatasossa sivup\u00f6yt\u00e4n\u00e4<\/li>\n<li>Legal Documents:\n<p><span>Lis\u00e4tietoja huonekalujesi kaatumisen est\u00e4misest\u00e4 voit l\u00f6yt\u00e4\u00e4 <span style=\"text-decoration: underline\"><strong><a title=\"https:\/\/bit.ly\/3bVwkQp\" href=\"https:\/\/bit.ly\/3bVwkQp\" target=\"_blank\">t\u00e4\u00e4lt\u00e4<\/a><\/strong><\/span><\/span><\/p>\n<\/li>\n<\/ul>\n","protected":false},"excerpt":{"rendered":"<ul>\n<li>V\u00e4ri: ruskea tammi<\/li>\n<li>Materiaali: tekninen puu<\/li>\n<li>Mitat: 66 x 30 x 130 cm (L x S x K)<\/li>\n<li>Vaakamitat: 130 x 30 x 66 cm (L x S x K)<\/li>\n<li>Voidaan k\u00e4ytt\u00e4\u00e4 vaakatasossa sivup\u00f6yt\u00e4n\u00e4<\/li>\n<li>Legal Documents:\n<p><span>Lis\u00e4tietoja huonekalujesi kaatumisen est\u00e4misest\u00e4 voit l\u00f6yt\u00e4\u00e4 <span style=\"text-decoration: underline\"><strong><a title=\"https:\/\/bit.ly\/3bVwkQp\" href=\"https:\/\/bit.ly\/3bVwkQp\" target=\"_blank\">t\u00e4\u00e4lt\u00e4<\/a><\/strong><\/span><\/span><\/p>\n<\/li>\n<\/ul>\n","protected":false},"featured_media":100000167191,"comment_status":"closed","ping_status":"closed","template":"","meta":[],"product_brand":[],"product_cat":[84,8547],"product_tag":[],"class_list":{"0":"post-167191","1":"product","2":"type-product","3":"status-publish","4":"has-post-thumbnail","6":"product_cat-huonekalut","7":"product_cat-kirjahyllyt","9":"first","10":"instock","11":"taxable","12":"shipping-taxable","13":"purchasable","14":"product-type-simple"},"_links":{"self":[{"href":"https:\/\/www.otiumhome.fi\/index.php\/wp-json\/wp\/v2\/product\/167191","targetHints":{"allow":["GET"]}}],"collection":[{"href":"https:\/\/www.otiumhome.fi\/index.php\/wp-json\/wp\/v2\/product"}],"about":[{"href":"https:\/\/www.otiumhome.fi\/index.php\/wp-json\/wp\/v2\/types\/product"}],"replies":[{"embeddable":true,"href":"https:\/\/www.otiumhome.fi\/index.php\/wp-json\/wp\/v2\/comments?post=167191"}],"wp:featuredmedia":[{"embeddable":true,"href":"https:\/\/www.otiumhome.fi\/index.php\/wp-json\/"}],"wp:attachment":[{"href":"https:\/\/www.otiumhome.fi\/index.php\/wp-json\/wp\/v2\/media?parent=167191"}],"wp:term":[{"taxonomy":"product_brand","embeddable":true,"href":"https:\/\/www.otiumhome.fi\/index.php\/wp-json\/wp\/v2\/product_brand?post=167191"},{"taxonomy":"product_cat","embeddable":true,"href":"https:\/\/www.otiumhome.fi\/index.php\/wp-json\/wp\/v2\/product_cat?post=167191"},{"taxonomy":"product_tag","embeddable":true,"href":"https:\/\/www.otiumhome.fi\/index.php\/wp-json\/wp\/v2\/product_tag?post=167191"}],"curies":[{"name":"wp","href":"https:\/\/api.w.org\/{rel}","templated":true}]}}