{"id":167187,"date":"2025-08-20T21:08:39","date_gmt":"2025-08-20T21:08:39","guid":{"rendered":"https:\/\/www.otiumhome.fi\/?p=167187"},"modified":"2025-12-09T05:05:51","modified_gmt":"2025-12-09T05:05:51","slug":"kirjahylly-musta-tammi-92-x-29-x-188-cm-tekninen-puu","status":"publish","type":"product","link":"https:\/\/www.otiumhome.fi\/index.php\/tuote\/kirjahylly-musta-tammi-92-x-29-x-188-cm-tekninen-puu\/","title":{"rendered":"Kirjahylly Musta tammi. 92 x 29 x 188 cm Tekninen puu"},"content":{"rendered":"<p>T\u00e4m\u00e4 moderni kirjahylly on upea kaluste, joka on tehty niille, jotka arvostavat yksinkertaisuutta ja toimivuutta. Sen puhtaat linjat ja minimalistinen vieh\u00e4tys tekee siit\u00e4 hienon lis\u00e4yksen mihin tahansa olohuoneeseen, tarjoten tyylik\u00e4st\u00e4 s\u00e4ilytyst\u00e4 rakastamillesi kirjoille ja koriste-esineille. T\u00e4m\u00e4n suorakaiteen muotoisen vapaasti seisovan yksik\u00f6n hieno muotoilu t\u00e4ydent\u00e4\u00e4 moderneja sisustuksia samalla, kun se tarjoaa k\u00e4yt\u00e4nn\u00f6n s\u00e4ilytysratkaisuja. Olipa kyseess\u00e4 ker\u00e4ilyesineiden esittely tai romaanien j\u00e4rjest\u00e4minen, t\u00e4m\u00e4 kaappi on kuin kotiisi keskipisteeksi, lis\u00e4ten modernia eleganssia, jota vieraat ja perheesi ihailevat.<\/p>\n<ul>\n<li><b>Materiaalit:<\/b> Rakennus on tehty teknisest\u00e4 puusta, joka tuo yhteen kest\u00e4vyyden ja tyylin, t\u00e4ydellisesti nykyaikaisiin sisustuksiin. T\u00e4m\u00e4 kest\u00e4v\u00e4 materiaali takaa tukea kaikille kirjoillesi ja aarteillesi, s\u00e4ilytt\u00e4en ulkon\u00e4k\u00f6ns\u00e4 my\u00f6s vuosien k\u00e4yt\u00f6n aikana. T\u00e4m\u00e4 ensiluokkainen valinta antaa varmuuden, ett\u00e4 kaappi kest\u00e4\u00e4 arjen vaatimukset.<\/li>\n<li><b>Komponentit:<\/b> Kaappi sis\u00e4lt\u00e4\u00e4 useita teknisest\u00e4 puusta valmistettuja hyllyj\u00e4, jotka tukevat erikokoisia kirjoja ja koriste-esineit\u00e4. Jokainen hylly tarjoaa runsaasti tilaa, mik\u00e4 tekee j\u00e4rjest\u00e4misest\u00e4 helppoa. Laajennettu suunnittelu mahdollistaa helpon integroinnin eri ymp\u00e4rist\u00f6ihin, tarjoamalla s\u00e4ilytyksen lis\u00e4ksi hieno n\u00e4yttelyalue rakastamillesi ker\u00e4ilyesineille, pit\u00e4en kaiken helposti saatavilla ja houkuttelevasti j\u00e4rjestettyn\u00e4.<\/li>\n<li><b>Ominaisuudet \/ Toiminta \/ Suunnittelu:<\/b> Moderni siluetti ilman liiallista yksityiskohtaisuutta, se t\u00e4ytt\u00e4\u00e4 sek\u00e4 minimalistiset ett\u00e4 k\u00e4yt\u00e4nn\u00f6lliset suunnittelun vaatimukset. Suorakaiteen muotoa voi mukauttaa erilaisiin tyyleihin ja huoneen j\u00e4rjestelyihin, tehden siit\u00e4 monipuolisen lis\u00e4n niin intiimeille lukunurkkille kuin suuremmille olohuoneille. Kaappi on luotettava, samalla yll\u00e4pit\u00e4en keve\u00e4\u00e4 muotoilua, toimii k\u00e4yt\u00e4nn\u00f6llisen\u00e4 s\u00e4ilytysrakenteena ja tyylikk\u00e4\u00e4n\u00e4 koristeena.<\/li>\n<li><b>Suositellut k\u00e4ytt\u00f6tarkoitukset:<\/b> T\u00e4m\u00e4 kaappi on t\u00e4ydellinen sis\u00e4k\u00e4ytt\u00f6\u00f6n, mahtaen tilaansa olohuoneissa, kotitoimistoissa ja lukutasoilla. Se on ratkaisu niin lukijoille kuin sisustajille, pit\u00e4en kirjastoja, koristeita ja jopa huonekasveja. Sen monipuolisuus ulottuu mihin tahansa kotiin, jossa tarvitaan tyylik\u00e4st\u00e4 ja k\u00e4yt\u00e4nn\u00f6llist\u00e4 s\u00e4ilytystilaa.<\/li>\n<li><b>Huolto ja yll\u00e4pito:<\/b> S\u00e4ilytt\u00e4\u00e4ksesi hienostuneen ilmeen, pyyhi s\u00e4\u00e4nn\u00f6llisesti pehme\u00e4ll\u00e4, kuivalla liinalla ja v\u00e4lt\u00e4 voimakkaita kemikaaleja. T\u00e4m\u00e4 lempe\u00e4 hoito pit\u00e4\u00e4 sen n\u00e4ytt\u00e4v\u00e4n\u00e4 ja pident\u00e4\u00e4 kaapin ik\u00e4\u00e4. S\u00e4\u00e4nn\u00f6llinen huolto auttaa yksikk\u00f6\u00e4 s\u00e4ilytt\u00e4m\u00e4\u00e4n vetovoimansa ja k\u00e4yt\u00e4nn\u00f6llisyytens\u00e4, varmistaen sen paikan kodin koristeena pitk\u00e4\u00e4n.<\/li>\n<\/ul>\n<ul>\n<li>V\u00e4ri: Musta tammi.<\/li>\n<li>Materiaali: Tekninen puu<\/li>\n<li>Yleiset mitat: 92 x 29 x 188 cm (P x L x K)<\/li>\n<li>9 hyllyill\u00e4<\/li>\n<li>S\u00e4ilytysm\u00e4\u00e4r\u00e4: 9<\/li>\n<li>Kest\u00e4v\u00e4<\/li>\n<li>Kokoonpano vaaditaan: Kyll\u00e4<\/li>\n<\/ul>\n","protected":false},"excerpt":{"rendered":"<ul>\n<li>V\u00e4ri: Musta tammi.<\/li>\n<li>Materiaali: Tekninen puu<\/li>\n<li>Yleiset mitat: 92 x 29 x 188 cm (P x L x K)<\/li>\n<li>9 hyllyill\u00e4<\/li>\n<li>S\u00e4ilytysm\u00e4\u00e4r\u00e4: 9<\/li>\n<li>Kest\u00e4v\u00e4<\/li>\n<li>Kokoonpano vaaditaan: Kyll\u00e4<\/li>\n<\/ul>\n","protected":false},"featured_media":100000167187,"comment_status":"closed","ping_status":"closed","template":"","meta":[],"product_brand":[],"product_cat":[84,8547],"product_tag":[],"class_list":{"0":"post-167187","1":"product","2":"type-product","3":"status-publish","4":"has-post-thumbnail","6":"product_cat-huonekalut","7":"product_cat-kirjahyllyt","9":"first","10":"instock","11":"taxable","12":"shipping-taxable","13":"purchasable","14":"product-type-simple"},"_links":{"self":[{"href":"https:\/\/www.otiumhome.fi\/index.php\/wp-json\/wp\/v2\/product\/167187","targetHints":{"allow":["GET"]}}],"collection":[{"href":"https:\/\/www.otiumhome.fi\/index.php\/wp-json\/wp\/v2\/product"}],"about":[{"href":"https:\/\/www.otiumhome.fi\/index.php\/wp-json\/wp\/v2\/types\/product"}],"replies":[{"embeddable":true,"href":"https:\/\/www.otiumhome.fi\/index.php\/wp-json\/wp\/v2\/comments?post=167187"}],"wp:featuredmedia":[{"embeddable":true,"href":"https:\/\/www.otiumhome.fi\/index.php\/wp-json\/"}],"wp:attachment":[{"href":"https:\/\/www.otiumhome.fi\/index.php\/wp-json\/wp\/v2\/media?parent=167187"}],"wp:term":[{"taxonomy":"product_brand","embeddable":true,"href":"https:\/\/www.otiumhome.fi\/index.php\/wp-json\/wp\/v2\/product_brand?post=167187"},{"taxonomy":"product_cat","embeddable":true,"href":"https:\/\/www.otiumhome.fi\/index.php\/wp-json\/wp\/v2\/product_cat?post=167187"},{"taxonomy":"product_tag","embeddable":true,"href":"https:\/\/www.otiumhome.fi\/index.php\/wp-json\/wp\/v2\/product_tag?post=167187"}],"curies":[{"name":"wp","href":"https:\/\/api.w.org\/{rel}","templated":true}]}}