{"id":167185,"date":"2025-08-20T21:08:26","date_gmt":"2025-08-20T21:08:26","guid":{"rendered":"https:\/\/www.otiumhome.fi\/?p=167185"},"modified":"2025-08-21T06:46:04","modified_gmt":"2025-08-21T06:46:04","slug":"kirjahylly-artesaani-tammi-80x30x189-cm-lastulevy","status":"publish","type":"product","link":"https:\/\/www.otiumhome.fi\/index.php\/tuote\/kirjahylly-artesaani-tammi-80x30x189-cm-lastulevy\/","title":{"rendered":"Kirjahylly artesaani tammi 80x30x189 cm lastulevy"},"content":{"rendered":"<p>T\u00e4m\u00e4 tyylikk\u00e4\u00e4sti muotoiltu klassinen kirjakaappi on koristeellinen ja k\u00e4yt\u00e4nn\u00f6llinen lis\u00e4 nykyiseen sisustukseesi.<\/p>\n<ul>\n<li>Pitk\u00e4ik\u00e4inen materiaali: Tekninen puu on poikkeuksellisen laadukasta ja sile\u00e4pintaista. Se on luja, vakaa ja kosteudelle vastustuskykyinen.<\/li>\n<li>Runsaasti s\u00e4ilytystilaa: Kirjahyllyss\u00e4 on viisi tilavaa osastoa, jotka tarjoavat reilusti s\u00e4ilytystilaa lehdille, kirjoille, DVD-levyille, multimedialaitteille ja muille koriste-esineille niiden j\u00e4rjestyksess\u00e4 ja ulottuvilla pit\u00e4miseen.<\/li>\n<li>Monipuolinen hylly: Kirjahylly toimii my\u00f6s tilanjakajana tehden siit\u00e4 t\u00e4ydellisen valinnan asuintiloihisi.<\/li>\n<li>Helppo huoltaa: S\u00e4ilytyshylly on helppo puhdistaa kostealla liinalla ja tarvitsee vain v\u00e4h\u00e4ist\u00e4 huoltoa.<\/li>\n<\/ul>\n<p>Varoitus:<\/p>\n<ul>\n<li>Kaatumisen est\u00e4miseksi t\u00e4t\u00e4 tuotetta on k\u00e4ytett\u00e4v\u00e4 mukana toimitetun sein\u00e4kiinnityslaitteen kanssa.<\/li>\n<\/ul>\n<ul>\n<li>V\u00e4ri: Artesaani tammi<\/li>\n<li>Materiaali: Tekninen puu<\/li>\n<li>Mitat: 80 x 30 x 189 cm (L x S x K)<\/li>\n<li>Viisi avointa lokeroa<\/li>\n<li>Asennus vaaditaan: Kyll\u00e4<\/li>\n<\/ul>\n","protected":false},"excerpt":{"rendered":"<ul>\n<li>V\u00e4ri: Artesaani tammi<\/li>\n<li>Materiaali: Tekninen puu<\/li>\n<li>Mitat: 80 x 30 x 189 cm (L x S x K)<\/li>\n<li>Viisi avointa lokeroa<\/li>\n<li>Asennus vaaditaan: Kyll\u00e4<\/li>\n<\/ul>\n","protected":false},"featured_media":100000167185,"comment_status":"closed","ping_status":"closed","template":"","meta":[],"product_brand":[],"product_cat":[84,8547],"product_tag":[],"class_list":{"0":"post-167185","1":"product","2":"type-product","3":"status-publish","4":"has-post-thumbnail","6":"product_cat-huonekalut","7":"product_cat-kirjahyllyt","9":"first","10":"instock","11":"taxable","12":"shipping-taxable","13":"purchasable","14":"product-type-simple"},"_links":{"self":[{"href":"https:\/\/www.otiumhome.fi\/index.php\/wp-json\/wp\/v2\/product\/167185","targetHints":{"allow":["GET"]}}],"collection":[{"href":"https:\/\/www.otiumhome.fi\/index.php\/wp-json\/wp\/v2\/product"}],"about":[{"href":"https:\/\/www.otiumhome.fi\/index.php\/wp-json\/wp\/v2\/types\/product"}],"replies":[{"embeddable":true,"href":"https:\/\/www.otiumhome.fi\/index.php\/wp-json\/wp\/v2\/comments?post=167185"}],"wp:featuredmedia":[{"embeddable":true,"href":"https:\/\/www.otiumhome.fi\/index.php\/wp-json\/"}],"wp:attachment":[{"href":"https:\/\/www.otiumhome.fi\/index.php\/wp-json\/wp\/v2\/media?parent=167185"}],"wp:term":[{"taxonomy":"product_brand","embeddable":true,"href":"https:\/\/www.otiumhome.fi\/index.php\/wp-json\/wp\/v2\/product_brand?post=167185"},{"taxonomy":"product_cat","embeddable":true,"href":"https:\/\/www.otiumhome.fi\/index.php\/wp-json\/wp\/v2\/product_cat?post=167185"},{"taxonomy":"product_tag","embeddable":true,"href":"https:\/\/www.otiumhome.fi\/index.php\/wp-json\/wp\/v2\/product_tag?post=167185"}],"curies":[{"name":"wp","href":"https:\/\/api.w.org\/{rel}","templated":true}]}}