{"id":167178,"date":"2025-08-20T21:04:32","date_gmt":"2025-08-20T21:04:32","guid":{"rendered":"https:\/\/www.otiumhome.fi\/?p=167178"},"modified":"2025-08-21T06:10:12","modified_gmt":"2025-08-21T06:10:12","slug":"vaatekaappi-kerma-75x50x160-cm","status":"publish","type":"product","link":"https:\/\/www.otiumhome.fi\/index.php\/tuote\/vaatekaappi-kerma-75x50x160-cm\/","title":{"rendered":"Vaatekaappi kerma 75x50x160 cm"},"content":{"rendered":"<p>Kaapissa on tukeva rautakehys ja vetoketjullinen kangaspeite, se suojaa vaatteesi lialta ja p\u00f6lylt\u00e4.<\/p>\n<\/p>\n<p>K\u00e4yt\u00e4nn\u00f6llinen plug-in-j\u00e4rjestelm\u00e4 mahdollistaa t\u00e4m\u00e4n vaatekaapin asentamisen poraamatta tai ruuvaamatta. Pohjakehys koostuu tukevista rautaputkista, jotka on liitetty toisiinsa liittimill\u00e4. Kangaspeite on valmistettu hengitt\u00e4v\u00e4st\u00e4 polyesterist\u00e4. Vaatekaappi koostuu rungosta ja vaatetelineest\u00e4.<\/p>\n<ul>\n<li>V\u00e4ri: kerma<\/li>\n<li>Mitat: 75 x 50 x 160 cm (L x S x K)<\/li>\n<li>Materiaali: rautaputki + 100 % polyesteri<\/li>\n<li>Vetoketjuilla<\/li>\n<li>VAROITUS! Kaatumisen est\u00e4miseksi t\u00e4t\u00e4 tuotetta on k\u00e4ytett\u00e4v\u00e4 mukana toimitetun sein\u00e4kiinnityslaitteen kanssa.<\/li>\n<li>Legal Documents:\n<p><span>Lis\u00e4tietoja huonekalujesi kaatumisen est\u00e4misest\u00e4 voit l\u00f6yt\u00e4\u00e4 <span style=\"text-decoration: underline\"><strong><a title=\"https:\/\/bit.ly\/3bVwkQp\" href=\"https:\/\/bit.ly\/3bVwkQp\" target=\"_blank\">t\u00e4\u00e4lt\u00e4<\/a><\/strong><\/span><\/span><\/p>\n<\/li>\n<\/ul>\n","protected":false},"excerpt":{"rendered":"<ul>\n<li>V\u00e4ri: kerma<\/li>\n<li>Mitat: 75 x 50 x 160 cm (L x S x K)<\/li>\n<li>Materiaali: rautaputki + 100 % polyesteri<\/li>\n<li>Vetoketjuilla<\/li>\n<li>VAROITUS! Kaatumisen est\u00e4miseksi t\u00e4t\u00e4 tuotetta on k\u00e4ytett\u00e4v\u00e4 mukana toimitetun sein\u00e4kiinnityslaitteen kanssa.<\/li>\n<li>Legal Documents:\n<p><span>Lis\u00e4tietoja huonekalujesi kaatumisen est\u00e4misest\u00e4 voit l\u00f6yt\u00e4\u00e4 <span style=\"text-decoration: underline\"><strong><a title=\"https:\/\/bit.ly\/3bVwkQp\" href=\"https:\/\/bit.ly\/3bVwkQp\" target=\"_blank\">t\u00e4\u00e4lt\u00e4<\/a><\/strong><\/span><\/span><\/p>\n<\/li>\n<\/ul>\n","protected":false},"featured_media":100000167178,"comment_status":"closed","ping_status":"closed","template":"","meta":[],"product_brand":[],"product_cat":[84,8539],"product_tag":[],"class_list":{"0":"post-167178","1":"product","2":"type-product","3":"status-publish","4":"has-post-thumbnail","6":"product_cat-huonekalut","7":"product_cat-kaapit-vaatekaapit","9":"first","10":"instock","11":"taxable","12":"shipping-taxable","13":"purchasable","14":"product-type-simple"},"_links":{"self":[{"href":"https:\/\/www.otiumhome.fi\/index.php\/wp-json\/wp\/v2\/product\/167178","targetHints":{"allow":["GET"]}}],"collection":[{"href":"https:\/\/www.otiumhome.fi\/index.php\/wp-json\/wp\/v2\/product"}],"about":[{"href":"https:\/\/www.otiumhome.fi\/index.php\/wp-json\/wp\/v2\/types\/product"}],"replies":[{"embeddable":true,"href":"https:\/\/www.otiumhome.fi\/index.php\/wp-json\/wp\/v2\/comments?post=167178"}],"wp:featuredmedia":[{"embeddable":true,"href":"https:\/\/www.otiumhome.fi\/index.php\/wp-json\/"}],"wp:attachment":[{"href":"https:\/\/www.otiumhome.fi\/index.php\/wp-json\/wp\/v2\/media?parent=167178"}],"wp:term":[{"taxonomy":"product_brand","embeddable":true,"href":"https:\/\/www.otiumhome.fi\/index.php\/wp-json\/wp\/v2\/product_brand?post=167178"},{"taxonomy":"product_cat","embeddable":true,"href":"https:\/\/www.otiumhome.fi\/index.php\/wp-json\/wp\/v2\/product_cat?post=167178"},{"taxonomy":"product_tag","embeddable":true,"href":"https:\/\/www.otiumhome.fi\/index.php\/wp-json\/wp\/v2\/product_tag?post=167178"}],"curies":[{"name":"wp","href":"https:\/\/api.w.org\/{rel}","templated":true}]}}