{"id":167172,"date":"2025-08-20T20:57:27","date_gmt":"2025-08-20T20:57:27","guid":{"rendered":"https:\/\/www.otiumhome.fi\/?p=167172"},"modified":"2025-08-21T11:38:42","modified_gmt":"2025-08-21T11:38:42","slug":"sailytyslaatikko-110cm-luonnollinen-kuburottinki-taysi-mahonkipuu","status":"publish","type":"product","link":"https:\/\/www.otiumhome.fi\/index.php\/tuote\/sailytyslaatikko-110cm-luonnollinen-kuburottinki-taysi-mahonkipuu\/","title":{"rendered":"S\u00e4ilytyslaatikko 110cm luonnollinen kuburottinki\/t\u00e4ysi mahonkipuu"},"content":{"rendered":"<p>Lis\u00e4\u00e4 hitunen luonnollista vieh\u00e4tysvoimaa sisustukseesi t\u00e4ll\u00e4 ainutlaatuisella rottinkipenkill\u00e4!<\/p>\n<\/p>\n<ul>\n<li>Runsaasti s\u00e4ilytystilaa: S\u00e4ngynp\u00e4\u00e4tylaatikko tarjoaa runsaasti tilaa p\u00e4ivitt\u00e4istarvikkeiden s\u00e4ilytt\u00e4miseen.<\/li>\n<li>Mukava istuin: Eteisen penkin istuinosan pehme\u00e4 kubu-rottinki on eritt\u00e4in mukava.<\/li>\n<li>Tukeva ja vakaa runko: S\u00e4ilytyspenkin puurunko takaa tukevuuden ja vakauden.<\/li>\n<li>Laaja k\u00e4ytt\u00f6: Puinen penkki on t\u00e4ydellinen yhdistelm\u00e4 tyyli\u00e4 ja toimivuutta, josta tulee katseenvangitsija olohuoneessa, makuuhuoneessa tai eteisess\u00e4. Se voidaan sijoittaa my\u00f6s sohvan viereen tai s\u00e4ngynp\u00e4\u00e4tyyn.<\/li>\n<\/ul>\n<p>Huomioi:<\/p>\n<ul>\n<li>Jokaisen tuotteen mukana on laatikossa kokoonpano-ohje helppoa asennusta varten.<\/li>\n<\/ul>\n<ul>\n<li>Materiaali: luonnollinen kubu-rottinki, t\u00e4ysi mahonkipuu<\/li>\n<li>Mitat: 110 x 35 x 35 cm (L x S x K)<\/li>\n<li>Maksimikantavuus (per istuin): 110 kg<\/li>\n<\/ul>\n","protected":false},"excerpt":{"rendered":"<ul>\n<li>Materiaali: luonnollinen kubu-rottinki, t\u00e4ysi mahonkipuu<\/li>\n<li>Mitat: 110 x 35 x 35 cm (L x S x K)<\/li>\n<li>Maksimikantavuus (per istuin): 110 kg<\/li>\n<\/ul>\n","protected":false},"featured_media":100000167172,"comment_status":"closed","ping_status":"closed","template":"","meta":[],"product_brand":[],"product_cat":[8538,84],"product_tag":[],"class_list":{"0":"post-167172","1":"product","2":"type-product","3":"status-publish","4":"has-post-thumbnail","6":"product_cat-eteis-sailytyspenkit","7":"product_cat-huonekalut","9":"first","10":"outofstock","11":"taxable","12":"shipping-taxable","13":"purchasable","14":"product-type-simple"},"_links":{"self":[{"href":"https:\/\/www.otiumhome.fi\/index.php\/wp-json\/wp\/v2\/product\/167172","targetHints":{"allow":["GET"]}}],"collection":[{"href":"https:\/\/www.otiumhome.fi\/index.php\/wp-json\/wp\/v2\/product"}],"about":[{"href":"https:\/\/www.otiumhome.fi\/index.php\/wp-json\/wp\/v2\/types\/product"}],"replies":[{"embeddable":true,"href":"https:\/\/www.otiumhome.fi\/index.php\/wp-json\/wp\/v2\/comments?post=167172"}],"wp:featuredmedia":[{"embeddable":true,"href":"https:\/\/www.otiumhome.fi\/index.php\/wp-json\/"}],"wp:attachment":[{"href":"https:\/\/www.otiumhome.fi\/index.php\/wp-json\/wp\/v2\/media?parent=167172"}],"wp:term":[{"taxonomy":"product_brand","embeddable":true,"href":"https:\/\/www.otiumhome.fi\/index.php\/wp-json\/wp\/v2\/product_brand?post=167172"},{"taxonomy":"product_cat","embeddable":true,"href":"https:\/\/www.otiumhome.fi\/index.php\/wp-json\/wp\/v2\/product_cat?post=167172"},{"taxonomy":"product_tag","embeddable":true,"href":"https:\/\/www.otiumhome.fi\/index.php\/wp-json\/wp\/v2\/product_tag?post=167172"}],"curies":[{"name":"wp","href":"https:\/\/api.w.org\/{rel}","templated":true}]}}