{"id":166581,"date":"2025-08-16T00:39:00","date_gmt":"2025-08-16T00:39:00","guid":{"rendered":"https:\/\/www.otiumhome.fi\/?p=166581"},"modified":"2025-08-20T23:33:32","modified_gmt":"2025-08-20T23:33:32","slug":"sangynrunko-laatikoilla-75x190-cm-small-single","status":"publish","type":"product","link":"https:\/\/www.otiumhome.fi\/index.php\/tuote\/sangynrunko-laatikoilla-75x190-cm-small-single\/","title":{"rendered":"S\u00e4ngynrunko laatikoilla 75&#215;190 cm Small Single"},"content":{"rendered":"<p>Yksinkertaisen ajaton puinen s\u00e4ngynrunko on k\u00e4yt\u00e4nn\u00f6llinen sek\u00e4 koristeellinen lis\u00e4 makuuhuoneeseesi.<\/p>\n<\/p>\n<ul>\n<li>T\u00e4ysi m\u00e4nty: T\u00e4ysi m\u00e4ntypuu on kaunis luonnollinen materiaali. M\u00e4nnyll\u00e4 on suorat puunsyyt ja sen oksanpaikat antavat materiaalille sen ominaisen rustiikkisen ilmeen.<\/li>\n<li>Tukevat s\u00e4leet: Vaneris\u00e4leet tarjoavat hyv\u00e4n painon jakautumisen, taaten patjan pysymisen paikallaan jokaisen k\u00e4\u00e4nn\u00f6ksen ja liikahduksen my\u00f6t\u00e4, joita unissasi teet.<\/li>\n<li>S\u00e4ilytystoiminto: Mukana toimitetut s\u00e4nkylaatikot tarjoavat runsaasti s\u00e4ilytystilaa t\u00e4rkeiden tavaroiden s\u00e4ilytt\u00e4miseen, t\u00e4m\u00e4 pit\u00e4\u00e4 huoneesi puhtaana ja siistin\u00e4.<\/li>\n<\/ul>\n<p>Huomioi:<\/p>\n<ul>\n<li>Toimitus sis\u00e4lt\u00e4\u00e4 vain s\u00e4ngynrungon. Patja ei sis\u00e4lly toimitukseen. Voit etsi\u00e4 myym\u00e4l\u00e4st\u00e4mme sopivia patjoja.<\/li>\n<li>T\u00e4m\u00e4 s\u00e4ngynrunko sopii patjalle, jonka mitat ovat 75 x 190 cm (2FT6 Small Single).<\/li>\n<\/ul>\n<ul>\n<li>S\u00e4ngynrungon materiaali: t\u00e4ysi m\u00e4nty (k\u00e4sittelem\u00e4t\u00f6n)<\/li>\n<li>S\u00e4lemateriaali: Vaneri<\/li>\n<li>Mitat: 195,5 x 80,5 x 51 cm (P x L x K)<\/li>\n<li>Laatikon mitat: 90 x 78 x 18 cm (L x S x K)<\/li>\n<li>Sopivan patjan koko: 75 x 190 cm (L x P) (2FT6 Small Single) (patja ei mukana)<\/li>\n<li>Asennus vaaditaan: kyll\u00e4<\/li>\n<li><strong>Toimitus sis\u00e4lt\u00e4\u00e4:<\/strong><\/li>\n<li>1 x s\u00e4ngyn runko<\/li>\n<li>2 x s\u00e4ngyn vetolaatikko<\/li>\n<\/ul>\n","protected":false},"excerpt":{"rendered":"<ul>\n<li>S\u00e4ngynrungon materiaali: t\u00e4ysi m\u00e4nty (k\u00e4sittelem\u00e4t\u00f6n)<\/li>\n<li>S\u00e4lemateriaali: Vaneri<\/li>\n<li>Mitat: 195,5 x 80,5 x 51 cm (P x L x K)<\/li>\n<li>Laatikon mitat: 90 x 78 x 18 cm (L x S x K)<\/li>\n<li>Sopivan patjan koko: 75 x 190 cm (L x P) (2FT6 Small Single) (patja ei mukana)<\/li>\n<li>Asennus vaaditaan: kyll\u00e4<\/li>\n<li><strong>Toimitus sis\u00e4lt\u00e4\u00e4:<\/strong><\/li>\n<li>1 x s\u00e4ngyn runko<\/li>\n<li>2 x s\u00e4ngyn vetolaatikko<\/li>\n<\/ul>\n","protected":false},"featured_media":100000166581,"comment_status":"closed","ping_status":"closed","template":"","meta":[],"product_brand":[],"product_cat":[84,8638],"product_tag":[],"class_list":{"0":"post-166581","1":"product","2":"type-product","3":"status-publish","4":"has-post-thumbnail","6":"product_cat-huonekalut","7":"product_cat-sangyt-sangynrungot","9":"first","10":"instock","11":"taxable","12":"shipping-taxable","13":"purchasable","14":"product-type-simple"},"_links":{"self":[{"href":"https:\/\/www.otiumhome.fi\/index.php\/wp-json\/wp\/v2\/product\/166581","targetHints":{"allow":["GET"]}}],"collection":[{"href":"https:\/\/www.otiumhome.fi\/index.php\/wp-json\/wp\/v2\/product"}],"about":[{"href":"https:\/\/www.otiumhome.fi\/index.php\/wp-json\/wp\/v2\/types\/product"}],"replies":[{"embeddable":true,"href":"https:\/\/www.otiumhome.fi\/index.php\/wp-json\/wp\/v2\/comments?post=166581"}],"wp:featuredmedia":[{"embeddable":true,"href":"https:\/\/www.otiumhome.fi\/index.php\/wp-json\/"}],"wp:attachment":[{"href":"https:\/\/www.otiumhome.fi\/index.php\/wp-json\/wp\/v2\/media?parent=166581"}],"wp:term":[{"taxonomy":"product_brand","embeddable":true,"href":"https:\/\/www.otiumhome.fi\/index.php\/wp-json\/wp\/v2\/product_brand?post=166581"},{"taxonomy":"product_cat","embeddable":true,"href":"https:\/\/www.otiumhome.fi\/index.php\/wp-json\/wp\/v2\/product_cat?post=166581"},{"taxonomy":"product_tag","embeddable":true,"href":"https:\/\/www.otiumhome.fi\/index.php\/wp-json\/wp\/v2\/product_tag?post=166581"}],"curies":[{"name":"wp","href":"https:\/\/api.w.org\/{rel}","templated":true}]}}