{"id":166575,"date":"2025-08-16T00:31:39","date_gmt":"2025-08-16T00:31:39","guid":{"rendered":"https:\/\/www.otiumhome.fi\/?p=166575"},"modified":"2025-09-30T00:53:20","modified_gmt":"2025-09-30T00:53:20","slug":"sangynpaaty-sailytystilalla-90-cm-massiivipuusta-mantya","status":"publish","type":"product","link":"https:\/\/www.otiumhome.fi\/index.php\/tuote\/sangynpaaty-sailytystilalla-90-cm-massiivipuusta-mantya\/","title":{"rendered":"S\u00e4ngynp\u00e4\u00e4ty s\u00e4ilytystilalla 90 cm massiivipuusta m\u00e4nty\u00e4"},"content":{"rendered":"<p>T\u00e4m\u00e4 tyylik\u00e4s s\u00e4ngynp\u00e4\u00e4ty antaa s\u00e4ngynrungolle t\u00e4ydellisen ilmeen ja sopii mihin tahansa makuuhuoneeseen.<\/p>\n<\/p>\n<ul>\n<li>Vakaa ja kest\u00e4v\u00e4 runko: Massiivim\u00e4nty tunnetaan lujuudestaan ja kest\u00e4vyydest\u00e4\u00e4n. Sen suorat syyt ja erottuvat oksat lis\u00e4\u00e4v\u00e4t sen maalaismaista vieh\u00e4tyst\u00e4.<\/li>\n<li>Runsaasti s\u00e4ilytystilaa: T\u00e4ss\u00e4 tyylikk\u00e4\u00e4ss\u00e4 s\u00e4ngynp\u00e4\u00e4dyss\u00e4 on 3 k\u00e4tev\u00e4\u00e4 lokeroa ja 2 laatikkoa, jotka tarjoavat runsaasti s\u00e4ilytystilaa kaikkien y\u00f6tarvikkeiden pit\u00e4miseksi helposti k\u00e4den ulottuvilla.<\/li>\n<li>Tilaa s\u00e4\u00e4st\u00e4v\u00e4: T\u00e4m\u00e4 s\u00e4ngynp\u00e4\u00e4ty on tilaa s\u00e4\u00e4st\u00e4v\u00e4 vaihtoehto, joka voi korvata y\u00f6p\u00f6yd\u00e4n tarpeen, auttaa maksimoimaan makuuhuonetilasi ja tekee siit\u00e4 ihanteellisen pieniin tai rajoitettuihin tiloihin.<\/li>\n<li>Itsen\u00e4inen s\u00e4ngynp\u00e4\u00e4ty: Irrotettava s\u00e4ngynp\u00e4\u00e4ty tarjoaa vaivattoman ratkaisun vaivattomaan sijoitteluun ja uudelleensijoittamiseen ilman sein\u00e4asennusta.<\/li>\n<\/ul>\n<ul>\n<li>Materiaali: Massiivim\u00e4nty (k\u00e4sittelem\u00e4t\u00f6n)<\/li>\n<li>Mitat: 96 x 23 x 110 cm (L x S x K)<\/li>\n<li>Sopii patjan leveydelle: 90 cm<\/li>\n<li>S\u00e4ilytyslokeroilla<\/li>\n<li>2 laatikolla<\/li>\n<li>Kokoaminen vaaditaan: Kyll\u00e4<\/li>\n<\/ul>\n","protected":false},"excerpt":{"rendered":"<ul>\n<li>Materiaali: Massiivim\u00e4nty (k\u00e4sittelem\u00e4t\u00f6n)<\/li>\n<li>Mitat: 96 x 23 x 110 cm (L x S x K)<\/li>\n<li>Sopii patjan leveydelle: 90 cm<\/li>\n<li>S\u00e4ilytyslokeroilla<\/li>\n<li>2 laatikolla<\/li>\n<li>Kokoaminen vaaditaan: Kyll\u00e4<\/li>\n<\/ul>\n","protected":false},"featured_media":100000166575,"comment_status":"closed","ping_status":"closed","template":"","meta":[],"product_brand":[],"product_cat":[84,8636],"product_tag":[],"class_list":{"0":"post-166575","1":"product","2":"type-product","3":"status-publish","4":"has-post-thumbnail","6":"product_cat-huonekalut","7":"product_cat-sangynpaadyt","9":"first","10":"instock","11":"taxable","12":"shipping-taxable","13":"purchasable","14":"product-type-simple"},"_links":{"self":[{"href":"https:\/\/www.otiumhome.fi\/index.php\/wp-json\/wp\/v2\/product\/166575","targetHints":{"allow":["GET"]}}],"collection":[{"href":"https:\/\/www.otiumhome.fi\/index.php\/wp-json\/wp\/v2\/product"}],"about":[{"href":"https:\/\/www.otiumhome.fi\/index.php\/wp-json\/wp\/v2\/types\/product"}],"replies":[{"embeddable":true,"href":"https:\/\/www.otiumhome.fi\/index.php\/wp-json\/wp\/v2\/comments?post=166575"}],"wp:featuredmedia":[{"embeddable":true,"href":"https:\/\/www.otiumhome.fi\/index.php\/wp-json\/"}],"wp:attachment":[{"href":"https:\/\/www.otiumhome.fi\/index.php\/wp-json\/wp\/v2\/media?parent=166575"}],"wp:term":[{"taxonomy":"product_brand","embeddable":true,"href":"https:\/\/www.otiumhome.fi\/index.php\/wp-json\/wp\/v2\/product_brand?post=166575"},{"taxonomy":"product_cat","embeddable":true,"href":"https:\/\/www.otiumhome.fi\/index.php\/wp-json\/wp\/v2\/product_cat?post=166575"},{"taxonomy":"product_tag","embeddable":true,"href":"https:\/\/www.otiumhome.fi\/index.php\/wp-json\/wp\/v2\/product_tag?post=166575"}],"curies":[{"name":"wp","href":"https:\/\/api.w.org\/{rel}","templated":true}]}}