{"id":166346,"date":"2025-08-15T22:40:51","date_gmt":"2025-08-15T22:40:51","guid":{"rendered":"https:\/\/www.otiumhome.fi\/?p=166346"},"modified":"2025-12-14T08:06:30","modified_gmt":"2025-12-14T08:06:30","slug":"nojatuoli-valkoinen-luonnollinen-kubu-rottinki-ja-taysi-mahonki","status":"publish","type":"product","link":"https:\/\/www.otiumhome.fi\/index.php\/tuote\/nojatuoli-valkoinen-luonnollinen-kubu-rottinki-ja-taysi-mahonki\/","title":{"rendered":"Nojatuoli valkoinen luonnollinen kubu-rottinki ja t\u00e4ysi mahonki"},"content":{"rendered":"<p>Lis\u00e4\u00e4 luonnollista vieh\u00e4tysvoimaa sisustukseesi ainutlaatuisella kuburottinkisella nojatuolillamme! Se on t\u00e4ydellinen yhdistelm\u00e4 tyyli\u00e4 ja toiminnallisuutta, ja siit\u00e4 tulee katseenvangitsija olo- tai makuuhuoneeseesi.<\/p>\n<\/p>\n<p>Pehme\u00e4n kuburottinkisen istuimen ja selk\u00e4nojan ansiosta tuoli on eritt\u00e4in mukava ja helppo puhdistaa kostealla liinalla. Lis\u00e4ksi t\u00e4ysmahonkinen runko varmistaa nojatuolin vakauden ja kest\u00e4vyyden. Kubu-rottinkituoli sopii mihin tahansa sisustukseen ja on helppo koota.<\/p>\n<ul>\n<li>V\u00e4ri: valkoinen<\/li>\n<li>Materiaali: luonnollinen kubu-rottinki, t\u00e4ysi mahonki<\/li>\n<li>Mitat: 60 x 77 x 70 cm (L x S x K)<\/li>\n<li>Istuimen korkeus maasta: 42 cm<\/li>\n<li>K\u00e4sinojat: ei<\/li>\n<li>Asennus vaaditaan: kyll\u00e4<\/li>\n<\/ul>\n","protected":false},"excerpt":{"rendered":"<ul>\n<li>V\u00e4ri: valkoinen<\/li>\n<li>Materiaali: luonnollinen kubu-rottinki, t\u00e4ysi mahonki<\/li>\n<li>Mitat: 60 x 77 x 70 cm (L x S x K)<\/li>\n<li>Istuimen korkeus maasta: 42 cm<\/li>\n<li>K\u00e4sinojat: ei<\/li>\n<li>Asennus vaaditaan: kyll\u00e4<\/li>\n<\/ul>\n","protected":false},"featured_media":100000166346,"comment_status":"closed","ping_status":"closed","template":"","meta":[],"product_brand":[],"product_cat":[84,8568],"product_tag":[],"class_list":{"0":"post-166346","1":"product","2":"type-product","3":"status-publish","4":"has-post-thumbnail","6":"product_cat-huonekalut","7":"product_cat-noja-mekanismi-vuodetuolit","9":"first","10":"instock","11":"taxable","12":"shipping-taxable","13":"purchasable","14":"product-type-simple"},"_links":{"self":[{"href":"https:\/\/www.otiumhome.fi\/index.php\/wp-json\/wp\/v2\/product\/166346","targetHints":{"allow":["GET"]}}],"collection":[{"href":"https:\/\/www.otiumhome.fi\/index.php\/wp-json\/wp\/v2\/product"}],"about":[{"href":"https:\/\/www.otiumhome.fi\/index.php\/wp-json\/wp\/v2\/types\/product"}],"replies":[{"embeddable":true,"href":"https:\/\/www.otiumhome.fi\/index.php\/wp-json\/wp\/v2\/comments?post=166346"}],"wp:featuredmedia":[{"embeddable":true,"href":"https:\/\/www.otiumhome.fi\/index.php\/wp-json\/"}],"wp:attachment":[{"href":"https:\/\/www.otiumhome.fi\/index.php\/wp-json\/wp\/v2\/media?parent=166346"}],"wp:term":[{"taxonomy":"product_brand","embeddable":true,"href":"https:\/\/www.otiumhome.fi\/index.php\/wp-json\/wp\/v2\/product_brand?post=166346"},{"taxonomy":"product_cat","embeddable":true,"href":"https:\/\/www.otiumhome.fi\/index.php\/wp-json\/wp\/v2\/product_cat?post=166346"},{"taxonomy":"product_tag","embeddable":true,"href":"https:\/\/www.otiumhome.fi\/index.php\/wp-json\/wp\/v2\/product_tag?post=166346"}],"curies":[{"name":"wp","href":"https:\/\/api.w.org\/{rel}","templated":true}]}}