{"id":165953,"date":"2025-08-15T21:25:56","date_gmt":"2025-08-15T21:25:56","guid":{"rendered":"https:\/\/www.otiumhome.fi\/?p=165953"},"modified":"2025-08-16T12:27:33","modified_gmt":"2025-08-16T12:27:33","slug":"5-osainen-kylpyhuonekaappisarja-valkoinen-tekninen-puu","status":"publish","type":"product","link":"https:\/\/www.otiumhome.fi\/index.php\/tuote\/5-osainen-kylpyhuonekaappisarja-valkoinen-tekninen-puu\/","title":{"rendered":"5-osainen Kylpyhuonekaappisarja valkoinen tekninen puu"},"content":{"rendered":"<p>T\u00e4m\u00e4 kaunis kylpyhuonekaappisarja riitt\u00e4v\u00e4ll\u00e4 s\u00e4ilytystilalla on muotoilultaan yksinkertaisen ajaton.<\/p>\n<\/p>\n<ul>\n<li>Helposti puhdistettava materiaali: Tekninen puu on poikkeuksellisen laadukasta ja sile\u00e4pintaista. Se on luja, vakaa ja kosteudelle vastustuskykyinen. <\/li>\n<li>Runsaasti s\u00e4ilytystilaa: T\u00e4m\u00e4 kylpyhuonekalusteen runsas s\u00e4ilytystila helpottaa tavaroiden j\u00e4rjest\u00e4mist\u00e4. <\/li>\n<li>Tyylik\u00e4s suunnittelu: Puhtaat linjat ja tyylik\u00e4s muotoilu sulautuu t\u00e4ydellisesti kylpyhuoneeseesi. <\/li>\n<\/ul>\n<p>Varoitus:<\/p>\n<ul>\n<li>Kaatumisen est\u00e4miseksi on t\u00e4t\u00e4 tuotetta k\u00e4ytett\u00e4v\u00e4 mukana toimitetun sein\u00e4kiinnityslaitteen kanssa.<\/li>\n<\/ul>\n<p>Huomioi:<\/p>\n<ul>\n<li>Sein\u00e4\u00e4n kiinnitett\u00e4v\u00e4t ruuvit ja tulpat eiv\u00e4t sis\u00e4lly toimitukseen. Etsi ja k\u00e4yt\u00e4 sein\u00e4\u00e4si sopivia ruuveja ja tulppia. Jos olet ep\u00e4varma, kysy ammattilaisen neuvoa. Lue ja seuraa asennusohjeiden jokaista vaihetta huolella.<\/li>\n<li>Jokaisen tuotteen mukana on laatikossa kokoonpano-ohje helppoa asennusta varten.<\/li>\n<\/ul>\n<ul>\n<li>V\u00e4ri: Valkoinen<\/li>\n<li>Materiaali: tekninen puu, lasi<\/li>\n<li>Lattiakaapin mitat: 32 x 34 x 90 cm (P x L x K)<\/li>\n<li>Alakaapin mitat (S): 64,5 x 33,5 x 59 cm (P x L x K)<\/li>\n<li>Alakaapin mitat (L): 32 x 34 x 188,5 cm (P x L x K)<\/li>\n<li>Peilillisen sein\u00e4kaapin mitat: 64 x 20 x 67 cm (P x L x K)<\/li>\n<li>Sein\u00e4kaapin mitat: 32 x 20 x 67 cm (P x L x K)<\/li>\n<li><strong>Toimitus sis\u00e4lt\u00e4\u00e4:<\/strong><\/li>\n<li>1 x Lattiakaappi<\/li>\n<li>1 x Alakaappi (S)<\/li>\n<li>1 x Alakaappi (L)<\/li>\n<li>1 x Sein\u00e4kaappi peilill\u00e4<\/li>\n<li>1 x sein\u00e4kaappi<\/li>\n<li>Legal Documents:\n<p><span>Lis\u00e4tietoja huonekalujesi kaatumisen est\u00e4misest\u00e4 voit l\u00f6yt\u00e4\u00e4 <span style=\"text-decoration: underline\"><strong><a title=\"https:\/\/bit.ly\/3bVwkQp\" href=\"https:\/\/bit.ly\/3bVwkQp\" target=\"_blank\">t\u00e4\u00e4lt\u00e4<\/a><\/strong><\/span><\/span><\/p>\n<\/li>\n<\/ul>\n","protected":false},"excerpt":{"rendered":"<ul>\n<li>V\u00e4ri: Valkoinen<\/li>\n<li>Materiaali: tekninen puu, lasi<\/li>\n<li>Lattiakaapin mitat: 32 x 34 x 90 cm (P x L x K)<\/li>\n<li>Alakaapin mitat (S): 64,5 x 33,5 x 59 cm (P x L x K)<\/li>\n<li>Alakaapin mitat (L): 32 x 34 x 188,5 cm (P x L x K)<\/li>\n<li>Peilillisen sein\u00e4kaapin mitat: 64 x 20 x 67 cm (P x L x K)<\/li>\n<li>Sein\u00e4kaapin mitat: 32 x 20 x 67 cm (P x L x K)<\/li>\n<li><strong>Toimitus sis\u00e4lt\u00e4\u00e4:<\/strong><\/li>\n<li>1 x Lattiakaappi<\/li>\n<li>1 x Alakaappi (S)<\/li>\n<li>1 x Alakaappi (L)<\/li>\n<li>1 x Sein\u00e4kaappi peilill\u00e4<\/li>\n<li>1 x sein\u00e4kaappi<\/li>\n<li>Legal Documents:\n<p><span>Lis\u00e4tietoja huonekalujesi kaatumisen est\u00e4misest\u00e4 voit l\u00f6yt\u00e4\u00e4 <span style=\"text-decoration: underline\"><strong><a title=\"https:\/\/bit.ly\/3bVwkQp\" href=\"https:\/\/bit.ly\/3bVwkQp\" target=\"_blank\">t\u00e4\u00e4lt\u00e4<\/a><\/strong><\/span><\/span><\/p>\n<\/li>\n<\/ul>\n","protected":false},"featured_media":100000165953,"comment_status":"closed","ping_status":"closed","template":"","meta":[],"product_brand":[],"product_cat":[84,8560],"product_tag":[],"class_list":{"0":"post-165953","1":"product","2":"type-product","3":"status-publish","4":"has-post-thumbnail","6":"product_cat-huonekalut","7":"product_cat-kylpyhuoneen-kalusteet","9":"first","10":"outofstock","11":"taxable","12":"shipping-taxable","13":"purchasable","14":"product-type-simple"},"_links":{"self":[{"href":"https:\/\/www.otiumhome.fi\/index.php\/wp-json\/wp\/v2\/product\/165953","targetHints":{"allow":["GET"]}}],"collection":[{"href":"https:\/\/www.otiumhome.fi\/index.php\/wp-json\/wp\/v2\/product"}],"about":[{"href":"https:\/\/www.otiumhome.fi\/index.php\/wp-json\/wp\/v2\/types\/product"}],"replies":[{"embeddable":true,"href":"https:\/\/www.otiumhome.fi\/index.php\/wp-json\/wp\/v2\/comments?post=165953"}],"wp:featuredmedia":[{"embeddable":true,"href":"https:\/\/www.otiumhome.fi\/index.php\/wp-json\/"}],"wp:attachment":[{"href":"https:\/\/www.otiumhome.fi\/index.php\/wp-json\/wp\/v2\/media?parent=165953"}],"wp:term":[{"taxonomy":"product_brand","embeddable":true,"href":"https:\/\/www.otiumhome.fi\/index.php\/wp-json\/wp\/v2\/product_brand?post=165953"},{"taxonomy":"product_cat","embeddable":true,"href":"https:\/\/www.otiumhome.fi\/index.php\/wp-json\/wp\/v2\/product_cat?post=165953"},{"taxonomy":"product_tag","embeddable":true,"href":"https:\/\/www.otiumhome.fi\/index.php\/wp-json\/wp\/v2\/product_tag?post=165953"}],"curies":[{"name":"wp","href":"https:\/\/api.w.org\/{rel}","templated":true}]}}