{"id":165952,"date":"2025-08-15T21:18:39","date_gmt":"2025-08-15T21:18:39","guid":{"rendered":"https:\/\/www.otiumhome.fi\/?p=165952"},"modified":"2025-12-19T15:53:46","modified_gmt":"2025-12-19T15:53:46","slug":"jakkara-luonnollinen-bambu-30-x-30-x-36-cm-bambu","status":"publish","type":"product","link":"https:\/\/www.otiumhome.fi\/index.php\/tuote\/jakkara-luonnollinen-bambu-30-x-30-x-36-cm-bambu\/","title":{"rendered":"Jakkara Luonnollinen bambu 30 x 30 x 36 cm Bambu"},"content":{"rendered":"<p>T\u00e4m\u00e4 selk\u00e4nojaton jakkara tuo mist\u00e4 vain rustiikkista vieh\u00e4tyst\u00e4, sill\u00e4 sen bambu on luonnollisen kaunis. Se sopii t\u00e4ydellisesti esim. olohuonesetteihin erikoisella ja tyylikk\u00e4\u00e4ll\u00e4 tavalla. T\u00e4m\u00e4 malli on optimoitu niille, jotka arvostavat rustiikkista tyyli\u00e4 ja minimalistista muotoa, mik\u00e4 tekee siit\u00e4 loistavan vaihtoehdon pienille, mutta tyylikk\u00e4ille tiloille.<\/p>\n<ul>\n<li><b>Bambu materiaali:<\/b> T\u00e4ysin bambusta valmistettu, t\u00e4m\u00e4 jakkara yhdist\u00e4\u00e4 luonnollisen vieh\u00e4tyksen tukevuuteen. Bambua tunnetaan kest\u00e4vyydest\u00e4\u00e4n ja voimastaan, eik\u00e4 t\u00e4m\u00e4 tuote ole poikkeus. Se lis\u00e4\u00e4 rustiikkista ilmett\u00e4 ja vieh\u00e4tysvoimaa kotiin.<\/li>\n<li><b>Rustiikkinen muotoilu:<\/b> Jakkara tuo luontoa sis\u00e4tiloihin, ja se sopii t\u00e4ydellisesti mukaviin ymp\u00e4rist\u00f6ihin. Minimalistinen ja selk\u00e4nojaton rakenne tekee siit\u00e4 sopivan tiiviisiin tai pieniinkin tilak\u00e4yt\u00f6ksiin, joten se on monik\u00e4ytt\u00f6inen lis\u00e4 mihin tahansa kotiin.<\/li>\n<li><b>Tukijalka tuki:<\/b> Jakkara on varustettu bambutukijaloilla, jotka takaavat tukevuuden ja vakauden. Rakenne tuo esiin rustiikkista vieh\u00e4tyst\u00e4, yhdist\u00e4en kauniisti voiman ja tyylin. T\u00e4m\u00e4 on loistava vaihtoehto niille, jotka tarvitsevat luotettavaa tukea.<\/li>\n<li><b>Ekologinen valinta:<\/b> T\u00e4m\u00e4 jakkara on tehty kest\u00e4v\u00e4sti hankitusta bambusta, mik\u00e4 tekee siit\u00e4 ymp\u00e4rist\u00f6yst\u00e4v\u00e4llisen valinnan, joka n\u00e4ytt\u00e4\u00e4 edelleen upealta. T\u00e4m\u00e4 toimii erityisesti niille, jotka arvostavat vihreit\u00e4 valintoja ilman, ett\u00e4 tyylist\u00e4 pit\u00e4\u00e4 tinki\u00e4.<\/li>\n<li><b>Kokoamista ei tarvita:<\/b> Toimitetaan valmiina, t\u00e4m\u00e4 jakkara ei vaadi kokoamista, joten voit k\u00e4ytt\u00e4\u00e4 sit\u00e4 heti. Helppo k\u00e4ytt\u00f6 tekee t\u00e4st\u00e4 makoisasta lis\u00e4st\u00e4 loistavan valinnan niille, jotka haluavat elegantteja ja k\u00e4yt\u00e4nn\u00f6llisi\u00e4 huonekaluja nopeasti.<\/li>\n<\/ul>\n<p><strong>T\u00e4rke\u00e4\u00e4 tiet\u00e4\u00e4:<\/strong><\/p>\n<ul>\n<li>Enimm\u00e4ispaino 110 kg per paikka.<\/li>\n<\/ul>\n<ul>\n<li>V\u00e4ri: Luonnollinen bambu<\/li>\n<li>Materiaali: Bambu<\/li>\n<li>Yleiset mitat: 30 x 30 x 36 cm (P x L x K)<\/li>\n<li>Paino: 2,2 kg<\/li>\n<li>Kest\u00e4v\u00e4<\/li>\n<li>Istuinalue: 30 x 30 cm (L x S)<\/li>\n<li>Istuimen korkeus maasta: 36 cm<\/li>\n<li>Enimm\u00e4ispaino: 110 kg<\/li>\n<li>Vain sis\u00e4k\u00e4ytt\u00f6\u00f6n<\/li>\n<li>Toimitus-:<\/li>\n<li>1 x jakkara<\/li>\n<\/ul>\n","protected":false},"excerpt":{"rendered":"<ul>\n<li>V\u00e4ri: Luonnollinen bambu<\/li>\n<li>Materiaali: Bambu<\/li>\n<li>Yleiset mitat: 30 x 30 x 36 cm (P x L x K)<\/li>\n<li>Paino: 2,2 kg<\/li>\n<li>Kest\u00e4v\u00e4<\/li>\n<li>Istuinalue: 30 x 30 cm (L x S)<\/li>\n<li>Istuimen korkeus maasta: 36 cm<\/li>\n<li>Enimm\u00e4ispaino: 110 kg<\/li>\n<li>Vain sis\u00e4k\u00e4ytt\u00f6\u00f6n<\/li>\n<li>Toimitus-:<\/li>\n<li>1 x jakkara<\/li>\n<\/ul>\n","protected":false},"featured_media":100000165952,"comment_status":"closed","ping_status":"closed","template":"","meta":[],"product_brand":[],"product_cat":[84,8558],"product_tag":[],"class_list":{"0":"post-165952","1":"product","2":"type-product","3":"status-publish","4":"has-post-thumbnail","6":"product_cat-huonekalut","7":"product_cat-kokoontaitettavat-tuolit-jakkarat","9":"first","10":"instock","11":"taxable","12":"shipping-taxable","13":"purchasable","14":"product-type-simple"},"_links":{"self":[{"href":"https:\/\/www.otiumhome.fi\/index.php\/wp-json\/wp\/v2\/product\/165952","targetHints":{"allow":["GET"]}}],"collection":[{"href":"https:\/\/www.otiumhome.fi\/index.php\/wp-json\/wp\/v2\/product"}],"about":[{"href":"https:\/\/www.otiumhome.fi\/index.php\/wp-json\/wp\/v2\/types\/product"}],"replies":[{"embeddable":true,"href":"https:\/\/www.otiumhome.fi\/index.php\/wp-json\/wp\/v2\/comments?post=165952"}],"wp:featuredmedia":[{"embeddable":true,"href":"https:\/\/www.otiumhome.fi\/index.php\/wp-json\/"}],"wp:attachment":[{"href":"https:\/\/www.otiumhome.fi\/index.php\/wp-json\/wp\/v2\/media?parent=165952"}],"wp:term":[{"taxonomy":"product_brand","embeddable":true,"href":"https:\/\/www.otiumhome.fi\/index.php\/wp-json\/wp\/v2\/product_brand?post=165952"},{"taxonomy":"product_cat","embeddable":true,"href":"https:\/\/www.otiumhome.fi\/index.php\/wp-json\/wp\/v2\/product_cat?post=165952"},{"taxonomy":"product_tag","embeddable":true,"href":"https:\/\/www.otiumhome.fi\/index.php\/wp-json\/wp\/v2\/product_tag?post=165952"}],"curies":[{"name":"wp","href":"https:\/\/api.w.org\/{rel}","templated":true}]}}