{"id":165704,"date":"2025-08-15T20:45:48","date_gmt":"2025-08-15T20:45:48","guid":{"rendered":"https:\/\/www.otiumhome.fi\/?p=165704"},"modified":"2025-08-16T07:01:33","modified_gmt":"2025-08-16T07:01:33","slug":"kirjahylly-ruskea-tammi-50x25x106-cm","status":"publish","type":"product","link":"https:\/\/www.otiumhome.fi\/index.php\/tuote\/kirjahylly-ruskea-tammi-50x25x106-cm\/","title":{"rendered":"Kirjahylly ruskea tammi 50x25x106 cm"},"content":{"rendered":"<p>Sulavalinjaisella ja klassisella suunnittelulla varustettu trendik\u00e4s kirjahylly on koristeellinen ja k\u00e4yt\u00e4nn\u00f6llinen lis\u00e4 kotiisi.<\/p>\n<\/p>\n<ul>\n<li>Tukeva materiaali: Tekninen puu on poikkeuksellisen laadukasta ja sile\u00e4pintaista. Se on my\u00f6s luja, vakaa ja kosteudelle vastustuskykyinen.<\/li>\n<li>Reilusti s\u00e4ilytystilaa: Seitsem\u00e4n lokeron suunnittelulla varustettu kirjahylly tarjoaa runsaasti s\u00e4ilytystilaa lehdille, kirjoille, DVD-levyille, multimedialaitteille ja suosikki koriste-esineillesi, niiden j\u00e4rjestyksess\u00e4 ja k\u00e4den ulottuvilla pit\u00e4miseen.<\/li>\n<li>Helppo puhdistus: T\u00e4m\u00e4 kirjahylly on helppo puhdistaa kostealla liinalla.<\/li>\n<\/ul>\n<p>Varoitus:<\/p>\n<ul>\n<li>Kaatumisen est\u00e4miseksi on t\u00e4t\u00e4 tuotetta k\u00e4ytett\u00e4v\u00e4 mukana toimitetun sein\u00e4kiinnityslaitteen kanssa.<\/li>\n<\/ul>\n<ul>\n<li>V\u00e4ri: ruskea tammi<\/li>\n<li>Materiaali: tekninen puu<\/li>\n<li>Koko: 50 x 25 x 106 cm (L x S x K)<\/li>\n<li>Asennus vaaditaan: kyll\u00e4<\/li>\n<li>Legal Documents:\n<p><span>Lis\u00e4tietoja huonekalujesi kaatumisen est\u00e4misest\u00e4 voit l\u00f6yt\u00e4\u00e4 <span style=\"text-decoration: underline\"><strong><a title=\"https:\/\/bit.ly\/3bVwkQp\" href=\"https:\/\/bit.ly\/3bVwkQp\" target=\"_blank\">t\u00e4\u00e4lt\u00e4<\/a><\/strong><\/span><\/span><\/p>\n<\/li>\n<\/ul>\n","protected":false},"excerpt":{"rendered":"<ul>\n<li>V\u00e4ri: ruskea tammi<\/li>\n<li>Materiaali: tekninen puu<\/li>\n<li>Koko: 50 x 25 x 106 cm (L x S x K)<\/li>\n<li>Asennus vaaditaan: kyll\u00e4<\/li>\n<li>Legal Documents:\n<p><span>Lis\u00e4tietoja huonekalujesi kaatumisen est\u00e4misest\u00e4 voit l\u00f6yt\u00e4\u00e4 <span style=\"text-decoration: underline\"><strong><a title=\"https:\/\/bit.ly\/3bVwkQp\" href=\"https:\/\/bit.ly\/3bVwkQp\" target=\"_blank\">t\u00e4\u00e4lt\u00e4<\/a><\/strong><\/span><\/span><\/p>\n<\/li>\n<\/ul>\n","protected":false},"featured_media":100000165704,"comment_status":"closed","ping_status":"closed","template":"","meta":[],"product_brand":[],"product_cat":[84,8547],"product_tag":[],"class_list":{"0":"post-165704","1":"product","2":"type-product","3":"status-publish","4":"has-post-thumbnail","6":"product_cat-huonekalut","7":"product_cat-kirjahyllyt","9":"first","10":"outofstock","11":"taxable","12":"shipping-taxable","13":"purchasable","14":"product-type-simple"},"_links":{"self":[{"href":"https:\/\/www.otiumhome.fi\/index.php\/wp-json\/wp\/v2\/product\/165704","targetHints":{"allow":["GET"]}}],"collection":[{"href":"https:\/\/www.otiumhome.fi\/index.php\/wp-json\/wp\/v2\/product"}],"about":[{"href":"https:\/\/www.otiumhome.fi\/index.php\/wp-json\/wp\/v2\/types\/product"}],"replies":[{"embeddable":true,"href":"https:\/\/www.otiumhome.fi\/index.php\/wp-json\/wp\/v2\/comments?post=165704"}],"wp:featuredmedia":[{"embeddable":true,"href":"https:\/\/www.otiumhome.fi\/index.php\/wp-json\/"}],"wp:attachment":[{"href":"https:\/\/www.otiumhome.fi\/index.php\/wp-json\/wp\/v2\/media?parent=165704"}],"wp:term":[{"taxonomy":"product_brand","embeddable":true,"href":"https:\/\/www.otiumhome.fi\/index.php\/wp-json\/wp\/v2\/product_brand?post=165704"},{"taxonomy":"product_cat","embeddable":true,"href":"https:\/\/www.otiumhome.fi\/index.php\/wp-json\/wp\/v2\/product_cat?post=165704"},{"taxonomy":"product_tag","embeddable":true,"href":"https:\/\/www.otiumhome.fi\/index.php\/wp-json\/wp\/v2\/product_tag?post=165704"}],"curies":[{"name":"wp","href":"https:\/\/api.w.org\/{rel}","templated":true}]}}