{"id":165702,"date":"2025-08-15T20:45:46","date_gmt":"2025-08-15T20:45:46","guid":{"rendered":"https:\/\/www.otiumhome.fi\/?p=165702"},"modified":"2025-08-16T05:35:35","modified_gmt":"2025-08-16T05:35:35","slug":"kirjahylly-sonoma-tammi-91x36x176-cm-tekninen-puu-ja-teras","status":"publish","type":"product","link":"https:\/\/www.otiumhome.fi\/index.php\/tuote\/kirjahylly-sonoma-tammi-91x36x176-cm-tekninen-puu-ja-teras\/","title":{"rendered":"Kirjahylly Sonoma-tammi 91x36x176 cm tekninen puu ja ter\u00e4s"},"content":{"rendered":"<p>Luo lis\u00e4\u00e4 s\u00e4ilytystilaa kotiisi tai toimistoosi t\u00e4ll\u00e4 kirjahyllyll\u00e4! Siin\u00e4 on tilaa kaikille aarteillesi.<\/p>\n<\/p>\n<ul>\n<li> Kest\u00e4v\u00e4 materiaali: S\u00e4ilytyshylly on valmistettu teknisest\u00e4 puusta. Tekninen puu on poikkeuksellisen laadukasta ja sile\u00e4pintaista. Se on my\u00f6s luja, vakaa ja kosteudelle vastustuskykyinen. <\/li>\n<li>Tukeva ja vakaa runko: Ter\u00e4s takaa tukevuuden ja vakauden. <\/li>\n<li>Runsaasti s\u00e4ilytystilaa: Kirjahylly tarjoaa runsaasti s\u00e4ilytystilaa lehdille, kirjoille, koriste-esineille ja muille p\u00e4ivitt\u00e4istavaroille niiden j\u00e4rjestyksess\u00e4 ja k\u00e4den ulottuvilla pit\u00e4miseen.<\/li>\n<li>S\u00e4\u00e4dett\u00e4v\u00e4t jalat: Nelj\u00e4 muovipehmustettua ja s\u00e4\u00e4dett\u00e4v\u00e4\u00e4 jalkaa pit\u00e4v\u00e4t kirjatelineen tasapainossa ep\u00e4tasaisella alustalla ja lis\u00e4\u00e4v\u00e4t vakautta.<\/li>\n<li>Teollinen tyyli: Lis\u00e4\u00e4 vieh\u00e4tt\u00e4v\u00e4\u00e4 teollista tyyli\u00e4 nykyiseen sisustukseesi. Se tuo vanhojen tehtaiden ja teollisuustilojen inspiroimaa tyyli\u00e4 olohuoneeseesi.<\/li>\n<\/ul>\n<p>Varoitus:<\/p>\n<ul>\n<li> Kaatumisen est\u00e4miseksi on t\u00e4t\u00e4 tuotetta k\u00e4ytett\u00e4v\u00e4 mukana toimitettavan sein\u00e4kiinnityslaitteen kanssa.<\/li>\n<\/ul>\n<p>Hyv\u00e4 tiet\u00e4\u00e4:<\/p>\n<ul>\n<li>Sein\u00e4\u00e4n kiinnitett\u00e4v\u00e4t ruuvit ja tulpat eiv\u00e4t sis\u00e4lly toimitukseen. Suosittelemme etsim\u00e4\u00e4n ja k\u00e4ytt\u00e4m\u00e4\u00e4n sein\u00e4\u00e4si sopivia ruuveja ja tulppia. Jos olet ep\u00e4varma, kysy ammattilaisen neuvoa. Lue ja noudata ohjeiden jokaista vaihetta.<\/li>\n<\/ul>\n<ul>\n<li>V\u00e4ri: Sonoma-tammi<\/li>\n<li>Materiaali: tekninen puu, ter\u00e4s<\/li>\n<li>Mitat: 91 x 36 x 176 cm (L x S x K)<\/li>\n<li>Asennus vaaditaan: Kyll\u00e4<\/li>\n<li>Legal Documents:\n<p><span>Lis\u00e4tietoja huonekalujesi kaatumisen est\u00e4misest\u00e4 voit l\u00f6yt\u00e4\u00e4 <span style=\"text-decoration: underline\"><strong><a title=\"https:\/\/bit.ly\/3bVwkQp\" href=\"https:\/\/bit.ly\/3bVwkQp\" target=\"_blank\">t\u00e4\u00e4lt\u00e4<\/a><\/strong><\/span><\/span><\/p>\n<\/li>\n<\/ul>\n","protected":false},"excerpt":{"rendered":"<ul>\n<li>V\u00e4ri: Sonoma-tammi<\/li>\n<li>Materiaali: tekninen puu, ter\u00e4s<\/li>\n<li>Mitat: 91 x 36 x 176 cm (L x S x K)<\/li>\n<li>Asennus vaaditaan: Kyll\u00e4<\/li>\n<li>Legal Documents:\n<p><span>Lis\u00e4tietoja huonekalujesi kaatumisen est\u00e4misest\u00e4 voit l\u00f6yt\u00e4\u00e4 <span style=\"text-decoration: underline\"><strong><a title=\"https:\/\/bit.ly\/3bVwkQp\" href=\"https:\/\/bit.ly\/3bVwkQp\" target=\"_blank\">t\u00e4\u00e4lt\u00e4<\/a><\/strong><\/span><\/span><\/p>\n<\/li>\n<\/ul>\n","protected":false},"featured_media":100000165702,"comment_status":"closed","ping_status":"closed","template":"","meta":[],"product_brand":[],"product_cat":[84,8547],"product_tag":[],"class_list":{"0":"post-165702","1":"product","2":"type-product","3":"status-publish","4":"has-post-thumbnail","6":"product_cat-huonekalut","7":"product_cat-kirjahyllyt","9":"first","10":"instock","11":"taxable","12":"shipping-taxable","13":"purchasable","14":"product-type-simple"},"_links":{"self":[{"href":"https:\/\/www.otiumhome.fi\/index.php\/wp-json\/wp\/v2\/product\/165702","targetHints":{"allow":["GET"]}}],"collection":[{"href":"https:\/\/www.otiumhome.fi\/index.php\/wp-json\/wp\/v2\/product"}],"about":[{"href":"https:\/\/www.otiumhome.fi\/index.php\/wp-json\/wp\/v2\/types\/product"}],"replies":[{"embeddable":true,"href":"https:\/\/www.otiumhome.fi\/index.php\/wp-json\/wp\/v2\/comments?post=165702"}],"wp:featuredmedia":[{"embeddable":true,"href":"https:\/\/www.otiumhome.fi\/index.php\/wp-json\/"}],"wp:attachment":[{"href":"https:\/\/www.otiumhome.fi\/index.php\/wp-json\/wp\/v2\/media?parent=165702"}],"wp:term":[{"taxonomy":"product_brand","embeddable":true,"href":"https:\/\/www.otiumhome.fi\/index.php\/wp-json\/wp\/v2\/product_brand?post=165702"},{"taxonomy":"product_cat","embeddable":true,"href":"https:\/\/www.otiumhome.fi\/index.php\/wp-json\/wp\/v2\/product_cat?post=165702"},{"taxonomy":"product_tag","embeddable":true,"href":"https:\/\/www.otiumhome.fi\/index.php\/wp-json\/wp\/v2\/product_tag?post=165702"}],"curies":[{"name":"wp","href":"https:\/\/api.w.org\/{rel}","templated":true}]}}