{"id":165665,"date":"2025-08-15T20:36:37","date_gmt":"2025-08-15T20:36:37","guid":{"rendered":"https:\/\/www.otiumhome.fi\/?p=165665"},"modified":"2025-12-14T05:38:01","modified_gmt":"2025-12-14T05:38:01","slug":"penkki-110-cm-musta-luonnollinen-kubu-rottinki-taysi-mahonkipuu","status":"publish","type":"product","link":"https:\/\/www.otiumhome.fi\/index.php\/tuote\/penkki-110-cm-musta-luonnollinen-kubu-rottinki-taysi-mahonkipuu\/","title":{"rendered":"Penkki 110 cm musta luonnollinen kubu-rottinki\/t\u00e4ysi mahonkipuu"},"content":{"rendered":"<p>Lis\u00e4\u00e4 luonnollista vieh\u00e4tysvoimaa sisustukseesi ainutlaatuisella rottinkisella penkill\u00e4mme! Se on t\u00e4ydellinen yhdistelm\u00e4 tyyli\u00e4 ja toiminnallisuutta, ja siit\u00e4 tulee katseenvangitsija kotiisi!<\/p>\n<\/p>\n<p>Pehme\u00e4n kuburottinkisen istuimen ansiosta eteisen penkki on eritt\u00e4in mukava ja helppo puhdistaa kostealla liinalla. Lis\u00e4ksi t\u00e4ysmahonkipuiset jalat lis\u00e4\u00e4v\u00e4t ruokasalin penkin vakautta ja kest\u00e4vyytt\u00e4. Kuburottinkipenkki sopii mihin tahansa sisustukseen ja on helppo koota.<\/p>\n<ul>\n<li>V\u00e4ri: musta<\/li>\n<li>Materiaali: luonnollinen kubu-rottinki, t\u00e4ysi mahonkipuu<\/li>\n<li>Mitat: 110 x 35 x 45 cm (L x S x K)<\/li>\n<li>K\u00e4sinojat: ei<\/li>\n<li>Asennus vaaditaan: kyll\u00e4<\/li>\n<\/ul>\n","protected":false},"excerpt":{"rendered":"<ul>\n<li>V\u00e4ri: musta<\/li>\n<li>Materiaali: luonnollinen kubu-rottinki, t\u00e4ysi mahonkipuu<\/li>\n<li>Mitat: 110 x 35 x 45 cm (L x S x K)<\/li>\n<li>K\u00e4sinojat: ei<\/li>\n<li>Asennus vaaditaan: kyll\u00e4<\/li>\n<\/ul>\n","protected":false},"featured_media":100000165665,"comment_status":"closed","ping_status":"closed","template":"","meta":[],"product_brand":[],"product_cat":[84,8541],"product_tag":[],"class_list":{"0":"post-165665","1":"product","2":"type-product","3":"status-publish","4":"has-post-thumbnail","6":"product_cat-huonekalut","7":"product_cat-keittio-ruokapoydan-penkit","9":"first","10":"instock","11":"taxable","12":"shipping-taxable","13":"purchasable","14":"product-type-simple"},"_links":{"self":[{"href":"https:\/\/www.otiumhome.fi\/index.php\/wp-json\/wp\/v2\/product\/165665","targetHints":{"allow":["GET"]}}],"collection":[{"href":"https:\/\/www.otiumhome.fi\/index.php\/wp-json\/wp\/v2\/product"}],"about":[{"href":"https:\/\/www.otiumhome.fi\/index.php\/wp-json\/wp\/v2\/types\/product"}],"replies":[{"embeddable":true,"href":"https:\/\/www.otiumhome.fi\/index.php\/wp-json\/wp\/v2\/comments?post=165665"}],"wp:featuredmedia":[{"embeddable":true,"href":"https:\/\/www.otiumhome.fi\/index.php\/wp-json\/"}],"wp:attachment":[{"href":"https:\/\/www.otiumhome.fi\/index.php\/wp-json\/wp\/v2\/media?parent=165665"}],"wp:term":[{"taxonomy":"product_brand","embeddable":true,"href":"https:\/\/www.otiumhome.fi\/index.php\/wp-json\/wp\/v2\/product_brand?post=165665"},{"taxonomy":"product_cat","embeddable":true,"href":"https:\/\/www.otiumhome.fi\/index.php\/wp-json\/wp\/v2\/product_cat?post=165665"},{"taxonomy":"product_tag","embeddable":true,"href":"https:\/\/www.otiumhome.fi\/index.php\/wp-json\/wp\/v2\/product_tag?post=165665"}],"curies":[{"name":"wp","href":"https:\/\/api.w.org\/{rel}","templated":true}]}}