{"id":165339,"date":"2025-08-11T01:24:34","date_gmt":"2025-08-11T01:24:34","guid":{"rendered":"https:\/\/www.otiumhome.fi\/?p=165339"},"modified":"2025-08-16T01:30:29","modified_gmt":"2025-08-16T01:30:29","slug":"metallinen-sangynrunko-paadylla-musta-80x200-cm","status":"publish","type":"product","link":"https:\/\/www.otiumhome.fi\/index.php\/tuote\/metallinen-sangynrunko-paadylla-musta-80x200-cm\/","title":{"rendered":"Metallinen s\u00e4ngynrunko p\u00e4\u00e4dyll\u00e4 musta 80&#215;200 cm"},"content":{"rendered":"<p>Jos etsit vankkaa s\u00e4ngynrunkoa makuuhuoneeseesi, niin t\u00e4m\u00e4 klassinen s\u00e4ngynrunko, jossa on tyylik\u00e4s ja ajaton muotoilu, on t\u00e4ydellinen valinta sinulle!<\/p>\n<\/p>\n<ul>\n<li> Vankka metallirakenne: S\u00e4ngynrunko on valmistettu jauhemaalatusta ter\u00e4ksest\u00e4. Ter\u00e4s on poikkeuksellisen kova ja vahva materiaali, joka tarjoaa erinomaisen tukevuuden ja vakauden.<\/li>\n<li>Metalliset s\u00e4leet ja jalat: Metallisessa s\u00e4ngynrungossa on metallis\u00e4leet ja keskijalat, jotka tarjoavat patjallesi kaipaamaasi tukea ja hengitt\u00e4vyytt\u00e4.<\/li>\n<li>Ylim\u00e4\u00e4r\u00e4inen s\u00e4ilytystila: Mukavuutesi vuoksi vierasvuoteessa on my\u00f6s ylim\u00e4\u00e4r\u00e4inen tila, joka pit\u00e4\u00e4 s\u00e4ilytyslaatikot poissa n\u00e4kyvist\u00e4.<\/li>\n<li>Erinomainen tuki: S\u00e4ngynrungon p\u00e4\u00e4ty tarjoaa sinulle erinomaisen selk\u00e4tuen s\u00e4ngyll\u00e4 istuessasi, kun luet kirjaa tai katselet televisiota.<\/li>\n<\/ul>\n<p>Hyv\u00e4 tiet\u00e4\u00e4:<\/p>\n<ul>\n<li>Patja ei sis\u00e4lly t\u00e4h\u00e4n s\u00e4nkyyn. Tarjoamme monipuolisen valikoiman patjoja, jotka l\u00f6yd\u00e4t tarkistamalla myym\u00e4l\u00e4mme valikoiman.<\/li>\n<\/ul>\n<ul>\n<li>V\u00e4ri: Musta<\/li>\n<li>Materiaali: ter\u00e4s<\/li>\n<li>Kokonaismitat: 207 x 85 x 97 cm (P x L x K)<\/li>\n<li>Vapaa korkeus s\u00e4ngyn alla: 26 cm<\/li>\n<li>Sopiva patjan koko: 80 x 200 cm (L x P) (patja ei sis\u00e4lly toimitukseen)<\/li>\n<li>Asennus vaaditaan: kyll\u00e4<\/li>\n<\/ul>\n","protected":false},"excerpt":{"rendered":"<ul>\n<li>V\u00e4ri: Musta<\/li>\n<li>Materiaali: ter\u00e4s<\/li>\n<li>Kokonaismitat: 207 x 85 x 97 cm (P x L x K)<\/li>\n<li>Vapaa korkeus s\u00e4ngyn alla: 26 cm<\/li>\n<li>Sopiva patjan koko: 80 x 200 cm (L x P) (patja ei sis\u00e4lly toimitukseen)<\/li>\n<li>Asennus vaaditaan: kyll\u00e4<\/li>\n<\/ul>\n","protected":false},"featured_media":100000165339,"comment_status":"closed","ping_status":"closed","template":"","meta":[],"product_brand":[],"product_cat":[84,8638],"product_tag":[],"class_list":{"0":"post-165339","1":"product","2":"type-product","3":"status-publish","4":"has-post-thumbnail","6":"product_cat-huonekalut","7":"product_cat-sangyt-sangynrungot","9":"first","10":"instock","11":"taxable","12":"shipping-taxable","13":"purchasable","14":"product-type-simple"},"_links":{"self":[{"href":"https:\/\/www.otiumhome.fi\/index.php\/wp-json\/wp\/v2\/product\/165339","targetHints":{"allow":["GET"]}}],"collection":[{"href":"https:\/\/www.otiumhome.fi\/index.php\/wp-json\/wp\/v2\/product"}],"about":[{"href":"https:\/\/www.otiumhome.fi\/index.php\/wp-json\/wp\/v2\/types\/product"}],"replies":[{"embeddable":true,"href":"https:\/\/www.otiumhome.fi\/index.php\/wp-json\/wp\/v2\/comments?post=165339"}],"wp:featuredmedia":[{"embeddable":true,"href":"https:\/\/www.otiumhome.fi\/index.php\/wp-json\/"}],"wp:attachment":[{"href":"https:\/\/www.otiumhome.fi\/index.php\/wp-json\/wp\/v2\/media?parent=165339"}],"wp:term":[{"taxonomy":"product_brand","embeddable":true,"href":"https:\/\/www.otiumhome.fi\/index.php\/wp-json\/wp\/v2\/product_brand?post=165339"},{"taxonomy":"product_cat","embeddable":true,"href":"https:\/\/www.otiumhome.fi\/index.php\/wp-json\/wp\/v2\/product_cat?post=165339"},{"taxonomy":"product_tag","embeddable":true,"href":"https:\/\/www.otiumhome.fi\/index.php\/wp-json\/wp\/v2\/product_tag?post=165339"}],"curies":[{"name":"wp","href":"https:\/\/api.w.org\/{rel}","templated":true}]}}