{"id":165284,"date":"2025-08-10T22:08:31","date_gmt":"2025-08-10T22:08:31","guid":{"rendered":"https:\/\/www.otiumhome.fi\/?p=165284"},"modified":"2025-08-15T23:18:28","modified_gmt":"2025-08-15T23:18:28","slug":"poytalevy-valkoinen-90x45x25-cm-taysi-manty-ovaali","status":"publish","type":"product","link":"https:\/\/www.otiumhome.fi\/index.php\/tuote\/poytalevy-valkoinen-90x45x25-cm-taysi-manty-ovaali\/","title":{"rendered":"P\u00f6yt\u00e4levy valkoinen 90x45x2,5 cm t\u00e4ysi m\u00e4nty ovaali"},"content":{"rendered":"<p>Anna p\u00f6yd\u00e4llesi uusi el\u00e4m\u00e4 t\u00e4ll\u00e4 puisella p\u00f6yt\u00e4levyll\u00e4. Se on erinomainen ratkaisu p\u00f6yd\u00e4n p\u00e4ivitt\u00e4miseen kotona tai kaupallisissa tiloissa, kuten ravintolassa, kahvilassa, hotellissa, jne. <\/p>\n<\/p>\n<ul>\n<li>Kest\u00e4v\u00e4 materiaali: T\u00e4ysi m\u00e4nty on kaunis luonnonmateriaali. M\u00e4nnyll\u00e4 on suorat puunsyyt ja sen oksanpaikat antavat materiaalille sen ominaisen, rustiikkisen ilmeen.<\/li>\n<li>Monipuolinen p\u00f6yt\u00e4levy: T\u00e4t\u00e4 puista p\u00f6yt\u00e4levy\u00e4 voidaan k\u00e4ytt\u00e4\u00e4 sohva-, sivu-, baari-, puhelin-, konsoli- ja y\u00f6p\u00f6ydiss\u00e4 tai kalustelevyin\u00e4. Voit my\u00f6s yhdist\u00e4\u00e4 t\u00e4m\u00e4 t\u00e4yspuisen p\u00f6yt\u00e4levyn mink\u00e4 tahansa tyylisten p\u00f6yd\u00e4njalkojen kanssa omia erityistarpeitasi vastaamaan.<\/li>\n<li>K\u00e4sitelty pinta: Vaihtop\u00f6yt\u00e4levy on k\u00e4sitelty valkoisella maalilla, joten se on k\u00e4ytt\u00f6valmis, eik\u00e4 lis\u00e4viimeistelyj\u00e4 tarvita.<\/li>\n<\/ul>\n<p>Hyv\u00e4 tiet\u00e4\u00e4:<\/p>\n<ul>\n<li>Jokainen kappale on ainutlaatuisen eroavilla v\u00e4reill\u00e4 ja puunsyill\u00e4. Toimitus on sattumanvarainen, t\u00e4m\u00e4 takaa tuotteesi erityisyyden ja ainutlaatuisuuden.<\/li>\n<\/ul>\n<ul>\n<li>V\u00e4ri: Valkoinen<\/li>\n<li>Materiaali: t\u00e4ysi m\u00e4nty<\/li>\n<li>Mitat: 90 x 45 x 2,5 cm (P x L x Paks.)<\/li>\n<\/ul>\n","protected":false},"excerpt":{"rendered":"<ul>\n<li>V\u00e4ri: Valkoinen<\/li>\n<li>Materiaali: t\u00e4ysi m\u00e4nty<\/li>\n<li>Mitat: 90 x 45 x 2,5 cm (P x L x Paks.)<\/li>\n<\/ul>\n","protected":false},"featured_media":100000165284,"comment_status":"closed","ping_status":"closed","template":"","meta":[],"product_brand":[],"product_cat":[84,8578],"product_tag":[],"class_list":{"0":"post-165284","1":"product","2":"type-product","3":"status-publish","4":"has-post-thumbnail","6":"product_cat-huonekalut","7":"product_cat-poytalevyt","9":"first","10":"instock","11":"taxable","12":"shipping-taxable","13":"purchasable","14":"product-type-simple"},"_links":{"self":[{"href":"https:\/\/www.otiumhome.fi\/index.php\/wp-json\/wp\/v2\/product\/165284","targetHints":{"allow":["GET"]}}],"collection":[{"href":"https:\/\/www.otiumhome.fi\/index.php\/wp-json\/wp\/v2\/product"}],"about":[{"href":"https:\/\/www.otiumhome.fi\/index.php\/wp-json\/wp\/v2\/types\/product"}],"replies":[{"embeddable":true,"href":"https:\/\/www.otiumhome.fi\/index.php\/wp-json\/wp\/v2\/comments?post=165284"}],"wp:featuredmedia":[{"embeddable":true,"href":"https:\/\/www.otiumhome.fi\/index.php\/wp-json\/"}],"wp:attachment":[{"href":"https:\/\/www.otiumhome.fi\/index.php\/wp-json\/wp\/v2\/media?parent=165284"}],"wp:term":[{"taxonomy":"product_brand","embeddable":true,"href":"https:\/\/www.otiumhome.fi\/index.php\/wp-json\/wp\/v2\/product_brand?post=165284"},{"taxonomy":"product_cat","embeddable":true,"href":"https:\/\/www.otiumhome.fi\/index.php\/wp-json\/wp\/v2\/product_cat?post=165284"},{"taxonomy":"product_tag","embeddable":true,"href":"https:\/\/www.otiumhome.fi\/index.php\/wp-json\/wp\/v2\/product_tag?post=165284"}],"curies":[{"name":"wp","href":"https:\/\/api.w.org\/{rel}","templated":true}]}}