{"id":165212,"date":"2025-08-10T20:14:31","date_gmt":"2025-08-10T20:14:31","guid":{"rendered":"https:\/\/www.otiumhome.fi\/?p=165212"},"modified":"2025-08-11T12:12:40","modified_gmt":"2025-08-11T12:12:40","slug":"kirjahylly-harmaa-sonoma-80x30x785-cm-tekninen-puu-ja-rauta","status":"publish","type":"product","link":"https:\/\/www.otiumhome.fi\/index.php\/tuote\/kirjahylly-harmaa-sonoma-80x30x785-cm-tekninen-puu-ja-rauta\/","title":{"rendered":"Kirjahylly harmaa Sonoma 80x30x78,5 cm tekninen puu ja rauta"},"content":{"rendered":"<p>Luo lis\u00e4\u00e4 s\u00e4ilytystilaa kotiisi tai toimistoosi t\u00e4ll\u00e4 kirjahyllyll\u00e4!<\/p>\n<\/p>\n<ul>\n<li>Kest\u00e4v\u00e4 materiaali: T\u00e4m\u00e4 kirjahylly on valmistettu teknisest\u00e4 puusta, joka on poikkeuksellisen laadukasta ja sile\u00e4pintaista. Se on my\u00f6s luja, vakaa ja kosteudelle vastustuskykyinen. <\/li>\n<li>Tukeva runko: Metallirunko takaa tukevuuden ja vakauden.<\/li>\n<li>Runsaasti s\u00e4ilytystilaa: Kirjateline tarjoaa runsaasti s\u00e4ilytystilaa lehdille, kirjoille, koriste-esineille ja muille p\u00e4ivitt\u00e4istavaroille niiden j\u00e4rjestyksess\u00e4 ja k\u00e4den ulottuvilla pit\u00e4miseen.<\/li>\n<li>S\u00e4\u00e4dett\u00e4v\u00e4t jalat: Nelj\u00e4 muovipehmustettua ja s\u00e4\u00e4dett\u00e4v\u00e4\u00e4 jalkaa pit\u00e4v\u00e4t s\u00e4ilytystelineen tasapainossa ep\u00e4tasaisella alustalla ja lis\u00e4\u00e4v\u00e4t vakautta.<\/li>\n<li>Teollinen tyyli: Lis\u00e4\u00e4 vieh\u00e4tt\u00e4v\u00e4\u00e4 teollista tyyli\u00e4 nykyiseen sisustukseesi. Se tuo vanhojen tehtaiden ja teollisuustilojen inspiroimaa tyyli\u00e4 olohuoneeseesi.<\/li>\n<\/ul>\n<p>Varoitus:<\/p>\n<ul>\n<li>Kaatumisen est\u00e4miseksi on t\u00e4t\u00e4 tuotetta k\u00e4ytett\u00e4v\u00e4 mukana toimitettavan sein\u00e4kiinnityslaitteen kanssa.<\/li>\n<\/ul>\n<ul>\n<li>V\u00e4ri: harmaa Sonoma <\/li>\n<li>Materiaali: Tekninen puu, rauta <\/li>\n<li>Mitat: 80 x 30 x 78,5 cm (L x S x K)<\/li>\n<li>Asennus vaaditaan: kyll\u00e4<\/li>\n<li>Legal Documents:\n<p><span>Lis\u00e4tietoja huonekalujesi kaatumisen est\u00e4misest\u00e4 voit l\u00f6yt\u00e4\u00e4 <span style=\"text-decoration: underline\"><strong><a title=\"https:\/\/bit.ly\/3bVwkQp\" href=\"https:\/\/bit.ly\/3bVwkQp\" target=\"_blank\">t\u00e4\u00e4lt\u00e4<\/a><\/strong><\/span><\/span><\/p>\n<\/li>\n<\/ul>\n","protected":false},"excerpt":{"rendered":"<ul>\n<li>V\u00e4ri: harmaa Sonoma <\/li>\n<li>Materiaali: Tekninen puu, rauta <\/li>\n<li>Mitat: 80 x 30 x 78,5 cm (L x S x K)<\/li>\n<li>Asennus vaaditaan: kyll\u00e4<\/li>\n<li>Legal Documents:\n<p><span>Lis\u00e4tietoja huonekalujesi kaatumisen est\u00e4misest\u00e4 voit l\u00f6yt\u00e4\u00e4 <span style=\"text-decoration: underline\"><strong><a title=\"https:\/\/bit.ly\/3bVwkQp\" href=\"https:\/\/bit.ly\/3bVwkQp\" target=\"_blank\">t\u00e4\u00e4lt\u00e4<\/a><\/strong><\/span><\/span><\/p>\n<\/li>\n<\/ul>\n","protected":false},"featured_media":100000165212,"comment_status":"closed","ping_status":"closed","template":"","meta":[],"product_brand":[],"product_cat":[84,8547],"product_tag":[],"class_list":{"0":"post-165212","1":"product","2":"type-product","3":"status-publish","4":"has-post-thumbnail","6":"product_cat-huonekalut","7":"product_cat-kirjahyllyt","9":"first","10":"instock","11":"taxable","12":"shipping-taxable","13":"purchasable","14":"product-type-simple"},"_links":{"self":[{"href":"https:\/\/www.otiumhome.fi\/index.php\/wp-json\/wp\/v2\/product\/165212","targetHints":{"allow":["GET"]}}],"collection":[{"href":"https:\/\/www.otiumhome.fi\/index.php\/wp-json\/wp\/v2\/product"}],"about":[{"href":"https:\/\/www.otiumhome.fi\/index.php\/wp-json\/wp\/v2\/types\/product"}],"replies":[{"embeddable":true,"href":"https:\/\/www.otiumhome.fi\/index.php\/wp-json\/wp\/v2\/comments?post=165212"}],"wp:featuredmedia":[{"embeddable":true,"href":"https:\/\/www.otiumhome.fi\/index.php\/wp-json\/"}],"wp:attachment":[{"href":"https:\/\/www.otiumhome.fi\/index.php\/wp-json\/wp\/v2\/media?parent=165212"}],"wp:term":[{"taxonomy":"product_brand","embeddable":true,"href":"https:\/\/www.otiumhome.fi\/index.php\/wp-json\/wp\/v2\/product_brand?post=165212"},{"taxonomy":"product_cat","embeddable":true,"href":"https:\/\/www.otiumhome.fi\/index.php\/wp-json\/wp\/v2\/product_cat?post=165212"},{"taxonomy":"product_tag","embeddable":true,"href":"https:\/\/www.otiumhome.fi\/index.php\/wp-json\/wp\/v2\/product_tag?post=165212"}],"curies":[{"name":"wp","href":"https:\/\/api.w.org\/{rel}","templated":true}]}}