{"id":165202,"date":"2025-08-10T20:12:34","date_gmt":"2025-08-10T20:12:34","guid":{"rendered":"https:\/\/www.otiumhome.fi\/?p=165202"},"modified":"2025-08-11T12:09:55","modified_gmt":"2025-08-11T12:09:55","slug":"4-kerroksinen-kalteva-hylly-vaaleanrusk-ja-musta-64x34x1505-cm","status":"publish","type":"product","link":"https:\/\/www.otiumhome.fi\/index.php\/tuote\/4-kerroksinen-kalteva-hylly-vaaleanrusk-ja-musta-64x34x1505-cm\/","title":{"rendered":"4-kerroksinen kalteva hylly vaaleanrusk ja musta 64x34x150,5 cm"},"content":{"rendered":"<p>Luo ylim\u00e4\u00e4r\u00e4ist\u00e4 s\u00e4ilytystilaa rajoitetussa tilassa t\u00e4ll\u00e4 4-kerroksisella kaltevalla hyllyll\u00e4!<\/p>\n<\/p>\n<ul>\n<li>Kest\u00e4v\u00e4 ter\u00e4srakenne: S\u00e4ilytyshyllyss\u00e4 on kest\u00e4v\u00e4 ter\u00e4srunko, joka takaa sen tukevuuden ja vakauden.<\/li>\n<li>Runsaasti s\u00e4ilytystilaa: Kirjahylly vie v\u00e4h\u00e4n tilaa ja tarjoaa samalla runsaasti tilaa kirjojen, kasvien, valokuvien ja muiden tavaroiden s\u00e4ilytt\u00e4miseen.<\/li>\n<li>Laaja k\u00e4ytt\u00f6: K\u00e4yt\u00e4nn\u00f6llinen hylly sopii t\u00e4ydellisesti kotiisi ja toimistoosi, mukaan lukien olohuone, kylpyhuone, makuuhuone, parveke, jne.<\/li>\n<li>Kalteva suunnittelu: Kirjahylly voidaan laittaa nojaamaan mukavasti sein\u00e4\u00e4 vasten.<\/li>\n<\/ul>\n<p>VAROITUS:<\/p>\n<ul>\n<li>Kaatumisen est\u00e4miseksi t\u00e4t\u00e4 tuotetta on k\u00e4ytett\u00e4v\u00e4 mukana toimitettavan sein\u00e4kiinnityslaitteen kanssa.<\/li>\n<\/ul>\n<p>Huomioi:<\/p>\n<ul>\n<li>Jokaisen tuotteen mukana on laatikossa kokoonpano-ohje helppoa asennusta varten.<\/li>\n<\/ul>\n<ul>\n<li>V\u00e4ri: vaaleanruskea ja musta<\/li>\n<li>Materiaali: tekninen puu, ter\u00e4s<\/li>\n<li>Mitat: 64 x 34 x 150,5 cm (L x S x K)<\/li>\n<li>Enimm\u00e4iskantavuus (yhteens\u00e4): 40 kg<\/li>\n<li>Enimm\u00e4iskantavuus per hylly: 10 kg<\/li>\n<li>Legal Documents:\n<p><span>Lis\u00e4tietoja huonekalujesi kaatumisen est\u00e4misest\u00e4 voit l\u00f6yt\u00e4\u00e4 <span style=\"text-decoration: underline\"><strong><a title=\"https:\/\/bit.ly\/3bVwkQp\" href=\"https:\/\/bit.ly\/3bVwkQp\" target=\"_blank\">t\u00e4\u00e4lt\u00e4<\/a><\/strong><\/span><\/span><\/p>\n<\/li>\n<\/ul>\n","protected":false},"excerpt":{"rendered":"<ul>\n<li>V\u00e4ri: vaaleanruskea ja musta<\/li>\n<li>Materiaali: tekninen puu, ter\u00e4s<\/li>\n<li>Mitat: 64 x 34 x 150,5 cm (L x S x K)<\/li>\n<li>Enimm\u00e4iskantavuus (yhteens\u00e4): 40 kg<\/li>\n<li>Enimm\u00e4iskantavuus per hylly: 10 kg<\/li>\n<li>Legal Documents:\n<p><span>Lis\u00e4tietoja huonekalujesi kaatumisen est\u00e4misest\u00e4 voit l\u00f6yt\u00e4\u00e4 <span style=\"text-decoration: underline\"><strong><a title=\"https:\/\/bit.ly\/3bVwkQp\" href=\"https:\/\/bit.ly\/3bVwkQp\" target=\"_blank\">t\u00e4\u00e4lt\u00e4<\/a><\/strong><\/span><\/span><\/p>\n<\/li>\n<\/ul>\n","protected":false},"featured_media":100000165202,"comment_status":"closed","ping_status":"closed","template":"","meta":[],"product_brand":[],"product_cat":[84,8547],"product_tag":[],"class_list":{"0":"post-165202","1":"product","2":"type-product","3":"status-publish","4":"has-post-thumbnail","6":"product_cat-huonekalut","7":"product_cat-kirjahyllyt","9":"first","10":"instock","11":"taxable","12":"shipping-taxable","13":"purchasable","14":"product-type-simple"},"_links":{"self":[{"href":"https:\/\/www.otiumhome.fi\/index.php\/wp-json\/wp\/v2\/product\/165202","targetHints":{"allow":["GET"]}}],"collection":[{"href":"https:\/\/www.otiumhome.fi\/index.php\/wp-json\/wp\/v2\/product"}],"about":[{"href":"https:\/\/www.otiumhome.fi\/index.php\/wp-json\/wp\/v2\/types\/product"}],"replies":[{"embeddable":true,"href":"https:\/\/www.otiumhome.fi\/index.php\/wp-json\/wp\/v2\/comments?post=165202"}],"wp:featuredmedia":[{"embeddable":true,"href":"https:\/\/www.otiumhome.fi\/index.php\/wp-json\/"}],"wp:attachment":[{"href":"https:\/\/www.otiumhome.fi\/index.php\/wp-json\/wp\/v2\/media?parent=165202"}],"wp:term":[{"taxonomy":"product_brand","embeddable":true,"href":"https:\/\/www.otiumhome.fi\/index.php\/wp-json\/wp\/v2\/product_brand?post=165202"},{"taxonomy":"product_cat","embeddable":true,"href":"https:\/\/www.otiumhome.fi\/index.php\/wp-json\/wp\/v2\/product_cat?post=165202"},{"taxonomy":"product_tag","embeddable":true,"href":"https:\/\/www.otiumhome.fi\/index.php\/wp-json\/wp\/v2\/product_tag?post=165202"}],"curies":[{"name":"wp","href":"https:\/\/api.w.org\/{rel}","templated":true}]}}