{"id":164942,"date":"2025-08-07T14:10:23","date_gmt":"2025-08-07T14:10:23","guid":{"rendered":"https:\/\/www.otiumhome.fi\/?p=164942"},"modified":"2025-08-09T00:17:53","modified_gmt":"2025-08-09T00:17:53","slug":"sailytyslaatikko-ruskea-tammi-60x35x35-cm-tekninen-puu","status":"publish","type":"product","link":"https:\/\/www.otiumhome.fi\/index.php\/tuote\/sailytyslaatikko-ruskea-tammi-60x35x35-cm-tekninen-puu\/","title":{"rendered":"S\u00e4ilytyslaatikko ruskea tammi 60x35x35 cm tekninen puu"},"content":{"rendered":"<p>T\u00e4m\u00e4 s\u00e4ilytyslaatikko on ihanteellinen s\u00e4ilytysratkaisu ja on loistava koristeellinen lis\u00e4 asuintilaasi.<\/p>\n<\/p>\n<ul>\n<li>Kest\u00e4v\u00e4 materiaali: Tekninen puu on poikkeuksellisen laadukasta ja sile\u00e4pintaista. Se on luja, vakaa ja kosteudelle vastustuskykyinen.<\/li>\n<li>Runsaasti s\u00e4ilytystilaa: T\u00e4ss\u00e4 huopalaatikossa on runsaasti s\u00e4ilytystilaa vaatteiden, peittojen, lelujen, tyynyjen ja muiden p\u00e4ivitt\u00e4istavaroiden hyv\u00e4ss\u00e4 j\u00e4rjestyksess\u00e4 pit\u00e4miseen.<\/li>\n<li>Helppo avata ja sulkea: Ovipaneelin muotoilu varmistaa, ett\u00e4 s\u00e4ilytyslaatikon kansi avautuu ja sulkeutuu helposti.<\/li>\n<li>Monipuolinen k\u00e4ytt\u00f6: S\u00e4ilytysarkun vakaa yl\u00e4taso tarjoaa turvallisen pinnan v\u00e4lipalojen, juomien, maljakoiden, hedelm\u00e4kulhojen tai muiden koristeiden sijoittamiseen. T\u00e4t\u00e4 s\u00e4ilytyslaatikkoa voidaan k\u00e4ytt\u00e4\u00e4 my\u00f6s sohvap\u00f6yt\u00e4n\u00e4, olohuoneen p\u00f6yt\u00e4n\u00e4, sivup\u00f6yt\u00e4n\u00e4, jne.<\/li>\n<\/ul>\n<ul>\n<li>V\u00e4ri: Ruskea tammi<\/li>\n<li>Materiaali: Tekninen puu<\/li>\n<li>Mitat: 60 x 35 x 35 cm (P x L x K)<\/li>\n<li>Asennus vaaditaan: Kyll\u00e4<\/li>\n<\/ul>\n","protected":false},"excerpt":{"rendered":"<ul>\n<li>V\u00e4ri: Ruskea tammi<\/li>\n<li>Materiaali: Tekninen puu<\/li>\n<li>Mitat: 60 x 35 x 35 cm (P x L x K)<\/li>\n<li>Asennus vaaditaan: Kyll\u00e4<\/li>\n<\/ul>\n","protected":false},"featured_media":100000164942,"comment_status":"closed","ping_status":"closed","template":"","meta":[],"product_brand":[],"product_cat":[84,8564],"product_tag":[],"class_list":{"0":"post-164942","1":"product","2":"type-product","3":"status-publish","4":"has-post-thumbnail","6":"product_cat-huonekalut","7":"product_cat-sailytysarkut","9":"first","10":"instock","11":"taxable","12":"shipping-taxable","13":"purchasable","14":"product-type-simple"},"_links":{"self":[{"href":"https:\/\/www.otiumhome.fi\/index.php\/wp-json\/wp\/v2\/product\/164942","targetHints":{"allow":["GET"]}}],"collection":[{"href":"https:\/\/www.otiumhome.fi\/index.php\/wp-json\/wp\/v2\/product"}],"about":[{"href":"https:\/\/www.otiumhome.fi\/index.php\/wp-json\/wp\/v2\/types\/product"}],"replies":[{"embeddable":true,"href":"https:\/\/www.otiumhome.fi\/index.php\/wp-json\/wp\/v2\/comments?post=164942"}],"wp:featuredmedia":[{"embeddable":true,"href":"https:\/\/www.otiumhome.fi\/index.php\/wp-json\/"}],"wp:attachment":[{"href":"https:\/\/www.otiumhome.fi\/index.php\/wp-json\/wp\/v2\/media?parent=164942"}],"wp:term":[{"taxonomy":"product_brand","embeddable":true,"href":"https:\/\/www.otiumhome.fi\/index.php\/wp-json\/wp\/v2\/product_brand?post=164942"},{"taxonomy":"product_cat","embeddable":true,"href":"https:\/\/www.otiumhome.fi\/index.php\/wp-json\/wp\/v2\/product_cat?post=164942"},{"taxonomy":"product_tag","embeddable":true,"href":"https:\/\/www.otiumhome.fi\/index.php\/wp-json\/wp\/v2\/product_tag?post=164942"}],"curies":[{"name":"wp","href":"https:\/\/api.w.org\/{rel}","templated":true}]}}