{"id":164922,"date":"2025-08-07T13:16:28","date_gmt":"2025-08-07T13:16:28","guid":{"rendered":"https:\/\/www.otiumhome.fi\/?p=164922"},"modified":"2025-12-14T09:18:39","modified_gmt":"2025-12-14T09:18:39","slug":"sivupoytasarja-2-pcs-ruskea-60-x-335-x-75-cm-kiintea-mango-puu","status":"publish","type":"product","link":"https:\/\/www.otiumhome.fi\/index.php\/tuote\/sivupoytasarja-2-pcs-ruskea-60-x-335-x-75-cm-kiintea-mango-puu\/","title":{"rendered":"Sivup\u00f6yt\u00e4sarja 2 pcs Ruskea 60 x 33,5 x 75 cm Kiinte\u00e4 mango puu"},"content":{"rendered":"<p>T\u00e4m\u00e4 perinteinen sivup\u00f6yt\u00e4setti, joka on tehty t\u00e4ysimango-puusta, tuo esiin t\u00e4ydellisen yhdistelm\u00e4n nykyaikaista yksinkertaisuutta ja klassista l\u00e4mp\u00f6\u00e4 mihin tahansa sis\u00e4tilaan. Sen tyylik\u00e4s suorakaiteen muoto ja puun luonnolliset ruskeat v\u00e4rit luovat kutsuvan tunnelman, joka sopii moneen sisustustyyliin. T\u00e4m\u00e4 sivup\u00f6yt\u00e4 on olennainen osa k\u00e4yt\u00e4nn\u00f6llist\u00e4 el\u00e4m\u00e4\u00e4, jos arvostat sek\u00e4 kauniita muotoja ett\u00e4 toimivuutta. Kompaktin koon ja kest\u00e4v\u00e4n rakenteen ansiosta t\u00e4m\u00e4 sivup\u00f6yt\u00e4setti liittyy saumattomasti olemassa olevaan sisustukseen samalla, kun se tarjoaa runsaasti s\u00e4ilytysratkaisuja.<\/p>\n<ul><\/br><\/p>\n<li><b>T\u00e4ysi mangopuu rakennus<\/b> Kest\u00e4vyys ja kauneus yhdistyv\u00e4t t\u00e4ss\u00e4 sivup\u00f6yt\u00e4setiss\u00e4, joka on valmistettu t\u00e4ysimango-puusta. T\u00e4m\u00e4n ansiosta se kest\u00e4\u00e4 pitk\u00e4\u00e4n ja n\u00e4ytt\u00e4\u00e4 hyv\u00e4lt\u00e4 miss\u00e4 tahansa kodissa. Materiaalivalinta tekee siit\u00e4 kest\u00e4v\u00e4n tavalliselle sis\u00e4k\u00e4yt\u00f6lle ja tarjoaa tukevan perustan kaikille s\u00e4ilytystarpeille.<\/li>\n<p><\/br><\/p>\n<li><b>Ruskeat viimeistelykorostukset<\/b> Kaunis ruskea viimeistely tuo esiin puun syykuviot ja lis\u00e4\u00e4 muotoilun vieh\u00e4tysvoimaa. L\u00e4mmin s\u00e4vy sulautuu hyvin moneen v\u00e4rimaailmaan, k\u00e4y perinteisiin kuin moderniinkin kotiin tuoden monipuolisuutta ja ajattomuutta.<\/li>\n<p><\/br><\/p>\n<li><b>Tilavat kaappi sisustukset<\/b> T\u00e4ss\u00e4 isossa kaapissa on paljon tilaa kodin astioille, koristeille tai muille tarvikkeille. Selke\u00e4 muotoilu antaa vaihtoehtoja riippuen siit\u00e4, haluatko asioita esille vai piiloon.<\/li>\n<p><\/br><\/p>\n<li><b>Toiminnallinen moderni suunnittelu<\/b> Sivup\u00f6yt\u00e4 on t\u00e4ydellinen lis\u00e4 minimalistiseen tyyliin. Sen yksinkertainen ja k\u00e4yt\u00e4nn\u00f6llinen muotoilu yhdist\u00e4\u00e4 perinteisen ja nykyaikaisen kalustuksen, mik\u00e4 tekee siit\u00e4 hyv\u00e4n vaihtoehdon tiiviille kaupunkikodille.<\/li>\n<p><\/br><\/p>\n<li><b>Kootavien ominaisuuksien yst\u00e4v\u00e4llisyys<\/b> Kokoamista varten tarvitaan kaksi henkil\u00f6\u00e4 ja ruuvimeisseli, joten asennus on helppoa. Kest\u00e4v\u00e4 mangopuurakenne auttaa sujuvassa kokoamisessa, ja voit luottaa t\u00e4m\u00e4n huonekalun kest\u00e4vyyteen pitk\u00e4ll\u00e4 aikav\u00e4lill\u00e4.<\/li>\n<p><\/br><\/ul>\n<ul>\n<li>V\u00e4ri: Ruskea<\/li>\n<li>Materiaali: Kiinte\u00e4 mango puu<\/li>\n<li>Yleiset mitat: 60 x 33,5 x 75 cm (P x L x K)<\/li>\n<li>6 laatikoilla<\/li>\n<li>S\u00e4ilytysm\u00e4\u00e4r\u00e4: 6<\/li>\n<li>Kokoonpano vaaditaan: Kyll\u00e4<\/li>\n<li>Toimitus-:<\/li>\n<li>2 kpl Kattop\u00f6yt\u00e4\u00e4<\/li>\n<\/ul>\n","protected":false},"excerpt":{"rendered":"<ul>\n<li>V\u00e4ri: Ruskea<\/li>\n<li>Materiaali: Kiinte\u00e4 mango puu<\/li>\n<li>Yleiset mitat: 60 x 33,5 x 75 cm (P x L x K)<\/li>\n<li>6 laatikoilla<\/li>\n<li>S\u00e4ilytysm\u00e4\u00e4r\u00e4: 6<\/li>\n<li>Kokoonpano vaaditaan: Kyll\u00e4<\/li>\n<li>Toimitus-:<\/li>\n<li>2 kpl Kattop\u00f6yt\u00e4\u00e4<\/li>\n<\/ul>\n","protected":false},"featured_media":100000164922,"comment_status":"closed","ping_status":"closed","template":"","meta":[],"product_brand":[],"product_cat":[84,8635],"product_tag":[],"class_list":{"0":"post-164922","1":"product","2":"type-product","3":"status-publish","4":"has-post-thumbnail","6":"product_cat-huonekalut","7":"product_cat-sailytys-lukkokaapit","9":"first","10":"outofstock","11":"taxable","12":"shipping-taxable","13":"purchasable","14":"product-type-simple"},"_links":{"self":[{"href":"https:\/\/www.otiumhome.fi\/index.php\/wp-json\/wp\/v2\/product\/164922","targetHints":{"allow":["GET"]}}],"collection":[{"href":"https:\/\/www.otiumhome.fi\/index.php\/wp-json\/wp\/v2\/product"}],"about":[{"href":"https:\/\/www.otiumhome.fi\/index.php\/wp-json\/wp\/v2\/types\/product"}],"replies":[{"embeddable":true,"href":"https:\/\/www.otiumhome.fi\/index.php\/wp-json\/wp\/v2\/comments?post=164922"}],"wp:featuredmedia":[{"embeddable":true,"href":"https:\/\/www.otiumhome.fi\/index.php\/wp-json\/"}],"wp:attachment":[{"href":"https:\/\/www.otiumhome.fi\/index.php\/wp-json\/wp\/v2\/media?parent=164922"}],"wp:term":[{"taxonomy":"product_brand","embeddable":true,"href":"https:\/\/www.otiumhome.fi\/index.php\/wp-json\/wp\/v2\/product_brand?post=164922"},{"taxonomy":"product_cat","embeddable":true,"href":"https:\/\/www.otiumhome.fi\/index.php\/wp-json\/wp\/v2\/product_cat?post=164922"},{"taxonomy":"product_tag","embeddable":true,"href":"https:\/\/www.otiumhome.fi\/index.php\/wp-json\/wp\/v2\/product_tag?post=164922"}],"curies":[{"name":"wp","href":"https:\/\/api.w.org\/{rel}","templated":true}]}}