{"id":164889,"date":"2025-08-07T07:38:40","date_gmt":"2025-08-07T07:38:40","guid":{"rendered":"https:\/\/www.otiumhome.fi\/?p=164889"},"modified":"2025-08-09T02:55:25","modified_gmt":"2025-08-09T02:55:25","slug":"seinahyllyt-tangoilla-2-kpl-savutammi-80x16x14-cm","status":"publish","type":"product","link":"https:\/\/www.otiumhome.fi\/index.php\/tuote\/seinahyllyt-tangoilla-2-kpl-savutammi-80x16x14-cm\/","title":{"rendered":"Sein\u00e4hyllyt tangoilla 2 kpl savutammi 80x16x14 cm"},"content":{"rendered":"<p>Maksimoi sis\u00e4tilasi ja muuta sein\u00e4si tyylikk\u00e4\u00e4ksi n\u00e4iden sein\u00e4hyllyjen avulla!<\/p>\n<\/p>\n<ul>\n<li>K\u00e4yt\u00e4nn\u00f6llinen materiaali: Tekninen puu on poikkeuksellisen laadukasta ja sile\u00e4pintaista. Se on my\u00f6s luja, vakaa ja kosteudelle vastustuskykyinen. Teknisest\u00e4 puusta valmistetut kelluvat hyllyt on helppo puhdistaa.<\/li>\n<li>Runsaasti s\u00e4ilytystilaa: Sein\u00e4hyllyjen s\u00e4ilytystila helpottaa tavaroiden j\u00e4rjest\u00e4mist\u00e4.<\/li>\n<li>Sein\u00e4kiinnitett\u00e4v\u00e4 muotoilu: N\u00e4m\u00e4 esittelyhyllyt ei vie lainkaan lattiatilaa. Voit kiinnitt\u00e4\u00e4 ne helposti sein\u00e4lle.<\/li>\n<li>Monitoiminen tanko: N\u00e4iss\u00e4 kelluvissa sein\u00e4hyllyiss\u00e4 on ter\u00e4stangot, jotka est\u00e4v\u00e4t tavaroidesi putoamisen. Kun ripustat hyllyn yl\u00f6salaisin, etutankoa voidaan k\u00e4ytt\u00e4\u00e4 pyyhetelineen\u00e4.<\/li>\n<\/ul>\n<p>Hyv\u00e4 tiet\u00e4\u00e4:<\/p>\n<ul>\n<li>Sein\u00e4\u00e4n kiinnitett\u00e4v\u00e4t ruuvit ja tulpat eiv\u00e4t sis\u00e4lly toimitukseen. Suosittelemme etsim\u00e4\u00e4n ja k\u00e4ytt\u00e4m\u00e4\u00e4n sein\u00e4\u00e4si sopivia ruuveja ja tulppia. Jos olet ep\u00e4varma, kysy ammattilaisen neuvoa. Lue ja noudata ohjeiden jokaista vaihetta.<\/li>\n<\/ul>\n<ul>\n<li>V\u00e4ri: savutammi<\/li>\n<li>Materiaali: tekninen puu, ter\u00e4s<\/li>\n<li>Mitat: 80 x 16 x 14 cm (L x S x K)<\/li>\n<li>Asennus vaaditaan: Kyll\u00e4<\/li>\n<li><strong>Toimitus sis\u00e4lt\u00e4\u00e4:<\/strong><\/li>\n<li>2 x sein\u00e4hylly<\/li>\n<\/ul>\n","protected":false},"excerpt":{"rendered":"<ul>\n<li>V\u00e4ri: savutammi<\/li>\n<li>Materiaali: tekninen puu, ter\u00e4s<\/li>\n<li>Mitat: 80 x 16 x 14 cm (L x S x K)<\/li>\n<li>Asennus vaaditaan: Kyll\u00e4<\/li>\n<li><strong>Toimitus sis\u00e4lt\u00e4\u00e4:<\/strong><\/li>\n<li>2 x sein\u00e4hylly<\/li>\n<\/ul>\n","protected":false},"featured_media":100000164889,"comment_status":"closed","ping_status":"closed","template":"","meta":[],"product_brand":[],"product_cat":[84,8634],"product_tag":[],"class_list":{"0":"post-164889","1":"product","2":"type-product","3":"status-publish","4":"has-post-thumbnail","6":"product_cat-huonekalut","7":"product_cat-seinahyllyt","9":"first","10":"outofstock","11":"taxable","12":"shipping-taxable","13":"purchasable","14":"product-type-simple"},"_links":{"self":[{"href":"https:\/\/www.otiumhome.fi\/index.php\/wp-json\/wp\/v2\/product\/164889","targetHints":{"allow":["GET"]}}],"collection":[{"href":"https:\/\/www.otiumhome.fi\/index.php\/wp-json\/wp\/v2\/product"}],"about":[{"href":"https:\/\/www.otiumhome.fi\/index.php\/wp-json\/wp\/v2\/types\/product"}],"replies":[{"embeddable":true,"href":"https:\/\/www.otiumhome.fi\/index.php\/wp-json\/wp\/v2\/comments?post=164889"}],"wp:featuredmedia":[{"embeddable":true,"href":"https:\/\/www.otiumhome.fi\/index.php\/wp-json\/"}],"wp:attachment":[{"href":"https:\/\/www.otiumhome.fi\/index.php\/wp-json\/wp\/v2\/media?parent=164889"}],"wp:term":[{"taxonomy":"product_brand","embeddable":true,"href":"https:\/\/www.otiumhome.fi\/index.php\/wp-json\/wp\/v2\/product_brand?post=164889"},{"taxonomy":"product_cat","embeddable":true,"href":"https:\/\/www.otiumhome.fi\/index.php\/wp-json\/wp\/v2\/product_cat?post=164889"},{"taxonomy":"product_tag","embeddable":true,"href":"https:\/\/www.otiumhome.fi\/index.php\/wp-json\/wp\/v2\/product_tag?post=164889"}],"curies":[{"name":"wp","href":"https:\/\/api.w.org\/{rel}","templated":true}]}}