{"id":164885,"date":"2025-08-07T07:00:17","date_gmt":"2025-08-07T07:00:17","guid":{"rendered":"https:\/\/www.otiumhome.fi\/?p=164885"},"modified":"2025-08-09T02:29:43","modified_gmt":"2025-08-09T02:29:43","slug":"kelluvat-hyllyt-3-kpl-160x40x2-cm-oljytty-taysi-akasiapuu","status":"publish","type":"product","link":"https:\/\/www.otiumhome.fi\/index.php\/tuote\/kelluvat-hyllyt-3-kpl-160x40x2-cm-oljytty-taysi-akasiapuu\/","title":{"rendered":"Kelluvat hyllyt 3 kpl 160x40x2 cm \u00f6ljytty t\u00e4ysi akasiapuu"},"content":{"rendered":"<p>Muuta paljas sein\u00e4si koristeelliseksi ja k\u00e4yt\u00e4nn\u00f6lliseksi, tilaa s\u00e4\u00e4st\u00e4v\u00e4ksi s\u00e4ilytystilaksi n\u00e4ill\u00e4 kelluvilla puuhyllyill\u00e4!<\/p>\n<\/p>\n<ul>\n<li>Tukeva ja vakaa materiaali: T\u00e4ysi akasiapuu tunnetaan lujuudestaan ja kest\u00e4vyydest\u00e4\u00e4n. Sen monipuoliset v\u00e4rit ja ainutlaatuiset puunsyyn kuviot antavat sille vieh\u00e4tt\u00e4v\u00e4n ulkon\u00e4\u00f6n. Loistavan vakauden ja s\u00e4\u00e4nkest\u00e4vyyden ansiosta se on ihanteellinen materiaali sis\u00e4- ja ulkokalusteiden valmistamiseen.<\/li>\n<li>\u00d6ljyk\u00e4sitelty pinta: T\u00e4m\u00e4 hyllylevy on valmistettu \u00f6ljytyst\u00e4 akasiapuusta, joka saa sen kest\u00e4m\u00e4\u00e4n paremmin kosteutta ja vesivaurioita, samalla se s\u00e4ilytt\u00e4\u00e4 ainutlaatuisen luonteensa.<\/li>\n<li>Vapaamuotoinen tee-se-itse: Voit j\u00e4rjest\u00e4\u00e4 hyllyt satunnaiseen kuvioon, kuten oikealta vasemmalle, ylh\u00e4\u00e4lt\u00e4 alas tai tikapuumaisesti. Useampia hyllyj\u00e4 k\u00e4ytt\u00e4m\u00e4ll\u00e4 voit luoda ainutlaatuisia ja persoonallisia kuvioita.<\/li>\n<li>Tilaa s\u00e4\u00e4st\u00e4v\u00e4: T\u00e4m\u00e4 kelluva hylly maksimoi k\u00e4ytt\u00e4m\u00e4tt\u00f6m\u00e4n sein\u00e4tilan, muuttaen sen kompaktiksi ja tehokkaaksi s\u00e4ilytystilaksi.<\/li>\n<li>Laaja k\u00e4ytt\u00f6: T\u00e4t\u00e4 monipuolista sein\u00e4asennettavaa hylly\u00e4 voidaan k\u00e4ytt\u00e4\u00e4 erilaisissa ymp\u00e4rist\u00f6iss\u00e4, kuten keitti\u00f6ss\u00e4, kylpyhuoneessa, olohuoneessa, makuuhuoneessa, ty\u00f6huoneessa, autotallissa, jne.<\/li>\n<\/ul>\n<p>Hyv\u00e4 tiet\u00e4\u00e4:<\/p>\n<ul>\n<li>Jokainen kappale on ainutlaatuisen eroavilla v\u00e4reill\u00e4 ja puunsyill\u00e4. Toimitus on sattumanvarainen, t\u00e4m\u00e4 takaa tuotteesi erityisyyden ja ainutlaatuisuuden.<\/li>\n<li>Toimitus sis\u00e4lt\u00e4\u00e4 vain sein\u00e4hyllyt. Ruuvit ja kiinnikkeet eiv\u00e4t sis\u00e4lly toimitukseen.<\/li>\n<li>\u00d6ljyviimeistely on suositeltavaa uusia kerran vuodessa, laadun ja ulkon\u00e4\u00f6n s\u00e4ilytt\u00e4miseksi.<\/li>\n<\/ul>\n<ul>\n<li>Materiaali: \u00d6ljytty t\u00e4ysi akasiapuu <\/li>\n<li>Mitat: 160 x 40 x 2 cm (P x L x Paks.)<\/li>\n<li>Muoto: Suorakulmainen<\/li>\n<li><strong>Toimitus sis\u00e4lt\u00e4\u00e4:<\/strong><\/li>\n<li>3 x kelluva hylly<\/li>\n<\/ul>\n","protected":false},"excerpt":{"rendered":"<ul>\n<li>Materiaali: \u00d6ljytty t\u00e4ysi akasiapuu <\/li>\n<li>Mitat: 160 x 40 x 2 cm (P x L x Paks.)<\/li>\n<li>Muoto: Suorakulmainen<\/li>\n<li><strong>Toimitus sis\u00e4lt\u00e4\u00e4:<\/strong><\/li>\n<li>3 x kelluva hylly<\/li>\n<\/ul>\n","protected":false},"featured_media":100000164885,"comment_status":"closed","ping_status":"closed","template":"","meta":[],"product_brand":[],"product_cat":[84,8634],"product_tag":[],"class_list":{"0":"post-164885","1":"product","2":"type-product","3":"status-publish","4":"has-post-thumbnail","6":"product_cat-huonekalut","7":"product_cat-seinahyllyt","9":"first","10":"instock","11":"taxable","12":"shipping-taxable","13":"purchasable","14":"product-type-simple"},"_links":{"self":[{"href":"https:\/\/www.otiumhome.fi\/index.php\/wp-json\/wp\/v2\/product\/164885","targetHints":{"allow":["GET"]}}],"collection":[{"href":"https:\/\/www.otiumhome.fi\/index.php\/wp-json\/wp\/v2\/product"}],"about":[{"href":"https:\/\/www.otiumhome.fi\/index.php\/wp-json\/wp\/v2\/types\/product"}],"replies":[{"embeddable":true,"href":"https:\/\/www.otiumhome.fi\/index.php\/wp-json\/wp\/v2\/comments?post=164885"}],"wp:featuredmedia":[{"embeddable":true,"href":"https:\/\/www.otiumhome.fi\/index.php\/wp-json\/"}],"wp:attachment":[{"href":"https:\/\/www.otiumhome.fi\/index.php\/wp-json\/wp\/v2\/media?parent=164885"}],"wp:term":[{"taxonomy":"product_brand","embeddable":true,"href":"https:\/\/www.otiumhome.fi\/index.php\/wp-json\/wp\/v2\/product_brand?post=164885"},{"taxonomy":"product_cat","embeddable":true,"href":"https:\/\/www.otiumhome.fi\/index.php\/wp-json\/wp\/v2\/product_cat?post=164885"},{"taxonomy":"product_tag","embeddable":true,"href":"https:\/\/www.otiumhome.fi\/index.php\/wp-json\/wp\/v2\/product_tag?post=164885"}],"curies":[{"name":"wp","href":"https:\/\/api.w.org\/{rel}","templated":true}]}}