{"id":164638,"date":"2025-08-06T18:16:45","date_gmt":"2025-08-06T18:16:45","guid":{"rendered":"https:\/\/www.otiumhome.fi\/?p=164638"},"modified":"2025-08-09T09:00:44","modified_gmt":"2025-08-09T09:00:44","slug":"kylpyhuoneen-seinakaappi-38x33x48-cm-taysi-akasiapuu","status":"publish","type":"product","link":"https:\/\/www.otiumhome.fi\/index.php\/tuote\/kylpyhuoneen-seinakaappi-38x33x48-cm-taysi-akasiapuu\/","title":{"rendered":"Kylpyhuoneen sein\u00e4kaappi 38x33x48 cm t\u00e4ysi akasiapuu"},"content":{"rendered":"<p>T\u00e4m\u00e4n kylpyhuoneen sein\u00e4kaapin tarkoituksena on optimoida sein\u00e4tilasi ja koristaa kylpyhuonettasi!<\/p>\n<\/p>\n<ul>\n<li>T\u00e4ysi akasiapuu: Sein\u00e4kaappi on valmistettu tekniseen puuhun yhdistetyst\u00e4 t\u00e4ydest\u00e4 akasiapuusta. T\u00e4ysi akasiapuu on kaunis luonnonmateriaali. Akasiapuu on tihe\u00e4syinen, tukeva ja kest\u00e4v\u00e4 trooppinen lehtipuu.<\/li>\n<li>Reilusti s\u00e4ilytystilaa: Riippuvassa kaapissa on kaksi lokeroa, se tarjoaa lis\u00e4\u00e4 tilaa tavaroiden s\u00e4ilytt\u00e4miseen kylpyhuoneessasi.<\/li>\n<li>Sein\u00e4lle asennettava toiminto: T\u00e4m\u00e4 kylpyhuoneen kaappi ei vie yht\u00e4\u00e4n lattiatilaa, sill\u00e4 voit kiinnitt\u00e4\u00e4 sen helposti sein\u00e4lle.<\/li>\n<li>Joustava ovi: Voit asentaa oven joko vasemmalle tai oikealle puolelle omien tarpeidesi mukaan.<\/li>\n<\/ul>\n<p>Hyv\u00e4 tiet\u00e4\u00e4:<\/p>\n<ul>\n<li>Sein\u00e4\u00e4n kiinnitett\u00e4v\u00e4t ruuvit ja tulpat eiv\u00e4t sis\u00e4lly toimitukseen. Suosittelemme etsim\u00e4\u00e4n ja k\u00e4ytt\u00e4m\u00e4\u00e4n sein\u00e4\u00e4si sopivia ruuveja ja tulppia. Jos olet ep\u00e4varma, kysy ammattilaisen neuvoa. Lue ja noudata ohjeiden jokaista vaihetta.<\/li>\n<li>Jokainen kappale on ainutlaatuisen eroavilla v\u00e4reill\u00e4 ja puunsyill\u00e4. Toimitus on sattumanvarainen, t\u00e4m\u00e4 takaa tuotteesi erityisyyden ja ainutlaatuisuuden.<\/li>\n<\/ul>\n<ul>\n<li>Materiaali: luonnollisesti pintak\u00e4sitelty t\u00e4ysi akaasiapuu, tekninen puu<\/li>\n<li>Mitat: 38 x 33 x 48 cm (L x S x K)<\/li>\n<li>Asennus vaaditaan: kyll\u00e4<\/li>\n<\/ul>\n","protected":false},"excerpt":{"rendered":"<ul>\n<li>Materiaali: luonnollisesti pintak\u00e4sitelty t\u00e4ysi akaasiapuu, tekninen puu<\/li>\n<li>Mitat: 38 x 33 x 48 cm (L x S x K)<\/li>\n<li>Asennus vaaditaan: kyll\u00e4<\/li>\n<\/ul>\n","protected":false},"featured_media":100000164638,"comment_status":"closed","ping_status":"closed","template":"","meta":[],"product_brand":[],"product_cat":[84,8560],"product_tag":[],"class_list":{"0":"post-164638","1":"product","2":"type-product","3":"status-publish","4":"has-post-thumbnail","6":"product_cat-huonekalut","7":"product_cat-kylpyhuoneen-kalusteet","9":"first","10":"instock","11":"taxable","12":"shipping-taxable","13":"purchasable","14":"product-type-simple"},"_links":{"self":[{"href":"https:\/\/www.otiumhome.fi\/index.php\/wp-json\/wp\/v2\/product\/164638","targetHints":{"allow":["GET"]}}],"collection":[{"href":"https:\/\/www.otiumhome.fi\/index.php\/wp-json\/wp\/v2\/product"}],"about":[{"href":"https:\/\/www.otiumhome.fi\/index.php\/wp-json\/wp\/v2\/types\/product"}],"replies":[{"embeddable":true,"href":"https:\/\/www.otiumhome.fi\/index.php\/wp-json\/wp\/v2\/comments?post=164638"}],"wp:featuredmedia":[{"embeddable":true,"href":"https:\/\/www.otiumhome.fi\/index.php\/wp-json\/"}],"wp:attachment":[{"href":"https:\/\/www.otiumhome.fi\/index.php\/wp-json\/wp\/v2\/media?parent=164638"}],"wp:term":[{"taxonomy":"product_brand","embeddable":true,"href":"https:\/\/www.otiumhome.fi\/index.php\/wp-json\/wp\/v2\/product_brand?post=164638"},{"taxonomy":"product_cat","embeddable":true,"href":"https:\/\/www.otiumhome.fi\/index.php\/wp-json\/wp\/v2\/product_cat?post=164638"},{"taxonomy":"product_tag","embeddable":true,"href":"https:\/\/www.otiumhome.fi\/index.php\/wp-json\/wp\/v2\/product_tag?post=164638"}],"curies":[{"name":"wp","href":"https:\/\/api.w.org\/{rel}","templated":true}]}}