{"id":161561,"date":"2025-07-27T04:39:29","date_gmt":"2025-07-27T04:39:29","guid":{"rendered":"https:\/\/www.otiumhome.fi\/?p=161561"},"modified":"2025-12-22T01:46:01","modified_gmt":"2025-12-22T01:46:01","slug":"sangyn-runko-musta-tammi-203-x-185-x-70-cm-tekninen-puu","status":"publish","type":"product","link":"https:\/\/www.otiumhome.fi\/index.php\/tuote\/sangyn-runko-musta-tammi-203-x-185-x-70-cm-tekninen-puu\/","title":{"rendered":"S\u00e4ngyn runko Musta tammi. 203 x 185 x 70 cm Tekninen puu"},"content":{"rendered":"<p>T\u00e4m\u00e4 moderni s\u00e4ngynrunko p\u00e4\u00e4tyineen on suunniteltu niille, jotka arvostavat yksinkertaisuutta ja k\u00e4yt\u00e4nn\u00f6llisyytt\u00e4. Valmistettu teknisest\u00e4 puusta, se on kest\u00e4v\u00e4 ja n\u00e4ytt\u00e4\u00e4 upealta modernissa sisustuksessa. Puhtaat linjat ja minimikoristeisuus tekev\u00e4t siit\u00e4 huomion keskipisteen makuuhuoneeseen, luoden rauhallista tunnelmaa. Hyvin suunniteltu p\u00e4\u00e4ty lis\u00e4\u00e4 k\u00e4yt\u00e4nn\u00f6llisyytt\u00e4 ja tyyli\u00e4.<\/p>\n<ul>\n<li><b>Laadukkaat materiaalit:<\/b> Valmistettu teknisest\u00e4 puusta, t\u00e4m\u00e4 s\u00e4ngynrunko yhdist\u00e4\u00e4 vahvuuden ja tyylin, tarjoten vakaan perustan rauhalliselle unelle. Tekninen puu on valittu kest\u00e4vyytens\u00e4 ja p\u00e4ivitt\u00e4isen kulutuksen kest\u00e4vyyden vuoksi, varmistaen ett\u00e4 s\u00e4nky pysyy t\u00e4rke\u00e4n\u00e4 huonekaluna vuosikymmeni\u00e4.<\/li>\n<li><b>Integroitu p\u00e4\u00e4ty:<\/b> P\u00e4\u00e4ty ei vain tuo lis\u00e4tukea vaan parantaa my\u00f6s s\u00e4ngyn ulkon\u00e4k\u00f6\u00e4, luoden yhten\u00e4isen ilmeen, joka sopii moneen eri sisustustyyliin.<\/li>\n<li><b>Moderni muotoilu:<\/b> Yhdist\u00e4m\u00e4ll\u00e4 puhtaat linjat ja yksinkertaiset muodot, t\u00e4m\u00e4 s\u00e4ngynrunko sulautuu vaivattomasti moderniin sisustukseen. Se on t\u00e4ydellinen tasapaino k\u00e4yt\u00e4nn\u00f6llisyyden ja kauneuden v\u00e4lill\u00e4, tehden makuuhuoneestasi tyylikk\u00e4\u00e4n turvapaikan.<\/li>\n<li><b>Kokoamisvaatimukset:<\/b> Kaksi henkil\u00f6\u00e4 tarvitaan kokoamiseen. Tarvitset ruuvimeisselin asennuksen loppuunsaattamiseksi, tuoden tyytyv\u00e4isyyden tunteen siit\u00e4, ett\u00e4 olet saanut kasaan oman s\u00e4nkysi.<\/li>\n<li><b>Helppo huolto:<\/b> Rutiinihoito vaatii vain pyyhkimist\u00e4 kostealla liinalla. T\u00e4m\u00e4 helppo huolto pit\u00e4\u00e4 s\u00e4nkysi hyv\u00e4ss\u00e4 kunnossa ja on kest\u00e4v\u00e4n\u00e4 investoinnina kodin sisustukseen.<\/li>\n<\/ul>\n<p><strong>Good to know:<\/strong><\/p>\n<ul>\n<li>A mattress is not included with this bed We do offer a various selection of mattresses You can check our shop for a matching mattress<\/li>\n<\/ul>\n<ul>\n<li>V\u00e4ri: Musta tammi.<\/li>\n<li>Materiaali: Tekninen puu<\/li>\n<li>Kehysmateriaali: Tekninen puu<\/li>\n<li>Yleiset mitat: 193 x 125 x 70 cm (P x L x K)<\/li>\n<li>Patjan koko: Lyhyt pieni kahden hengen s\u00e4nky (120 cm x 190 cm \/ 47&#8243; x 75&#8243;)<\/li>\n<li>Enimm\u00e4ispaino: 200 kg<\/li>\n<li>Enimm\u00e4ism\u00e4\u00e4r\u00e4 ihmisi\u00e4: 2<\/li>\n<li>Kest\u00e4v\u00e4<\/li>\n<li>Kokoonpano vaaditaan: Kyll\u00e4<\/li>\n<li>Toimitus-:<\/li>\n<li>1 x S\u00e4nkyrunko<\/li>\n<\/ul>\n","protected":false},"excerpt":{"rendered":"<ul>\n<li>V\u00e4ri: Musta tammi.<\/li>\n<li>Materiaali: Tekninen puu<\/li>\n<li>Kehysmateriaali: Tekninen puu<\/li>\n<li>Yleiset mitat: 193 x 125 x 70 cm (P x L x K)<\/li>\n<li>Patjan koko: Lyhyt pieni kahden hengen s\u00e4nky (120 cm x 190 cm \/ 47&#8243; x 75&#8243;)<\/li>\n<li>Enimm\u00e4ispaino: 200 kg<\/li>\n<li>Enimm\u00e4ism\u00e4\u00e4r\u00e4 ihmisi\u00e4: 2<\/li>\n<li>Kest\u00e4v\u00e4<\/li>\n<li>Kokoonpano vaaditaan: Kyll\u00e4<\/li>\n<li>Toimitus-:<\/li>\n<li>1 x S\u00e4nkyrunko<\/li>\n<\/ul>\n","protected":false},"featured_media":100000161561,"comment_status":"closed","ping_status":"closed","template":"","meta":[],"product_brand":[],"product_cat":[84,8638],"product_tag":[],"class_list":{"0":"post-161561","1":"product","2":"type-product","3":"status-publish","4":"has-post-thumbnail","6":"product_cat-huonekalut","7":"product_cat-sangyt-sangynrungot","9":"first","10":"instock","11":"taxable","12":"shipping-taxable","13":"purchasable","14":"product-type-simple"},"_links":{"self":[{"href":"https:\/\/www.otiumhome.fi\/index.php\/wp-json\/wp\/v2\/product\/161561","targetHints":{"allow":["GET"]}}],"collection":[{"href":"https:\/\/www.otiumhome.fi\/index.php\/wp-json\/wp\/v2\/product"}],"about":[{"href":"https:\/\/www.otiumhome.fi\/index.php\/wp-json\/wp\/v2\/types\/product"}],"replies":[{"embeddable":true,"href":"https:\/\/www.otiumhome.fi\/index.php\/wp-json\/wp\/v2\/comments?post=161561"}],"wp:featuredmedia":[{"embeddable":true,"href":"https:\/\/www.otiumhome.fi\/index.php\/wp-json\/"}],"wp:attachment":[{"href":"https:\/\/www.otiumhome.fi\/index.php\/wp-json\/wp\/v2\/media?parent=161561"}],"wp:term":[{"taxonomy":"product_brand","embeddable":true,"href":"https:\/\/www.otiumhome.fi\/index.php\/wp-json\/wp\/v2\/product_brand?post=161561"},{"taxonomy":"product_cat","embeddable":true,"href":"https:\/\/www.otiumhome.fi\/index.php\/wp-json\/wp\/v2\/product_cat?post=161561"},{"taxonomy":"product_tag","embeddable":true,"href":"https:\/\/www.otiumhome.fi\/index.php\/wp-json\/wp\/v2\/product_tag?post=161561"}],"curies":[{"name":"wp","href":"https:\/\/api.w.org\/{rel}","templated":true}]}}