{"id":161423,"date":"2025-07-27T02:19:20","date_gmt":"2025-07-27T02:19:20","guid":{"rendered":"https:\/\/www.otiumhome.fi\/?p=161423"},"modified":"2025-07-28T11:24:37","modified_gmt":"2025-07-28T11:24:37","slug":"lasten-parvisanky-tunnelilla-sininen-80x200-cm-taysi-manty","status":"publish","type":"product","link":"https:\/\/www.otiumhome.fi\/index.php\/tuote\/lasten-parvisanky-tunnelilla-sininen-80x200-cm-taysi-manty\/","title":{"rendered":"Lasten parvis\u00e4nky tunnelilla sininen 80&#215;200 cm t\u00e4ysi m\u00e4nty"},"content":{"rendered":"<p>T\u00e4m\u00e4 t\u00e4ydest\u00e4 m\u00e4nnyst\u00e4 valmistettu lasten parvis\u00e4nky on suunniteltu hauskanpitoon ja tilan optimointiin.<\/p>\n<\/p>\n<ul>\n<li>Vakaa ja pitk\u00e4kestoinen runko: T\u00e4ysi m\u00e4nty tunnetaan lujuudestaan ja kest\u00e4vyydest\u00e4\u00e4n. Sen suorat puunsyyt ja erottuvat oksanpaikat lis\u00e4\u00e4v\u00e4t sen rustiikkista charmia.<\/li>\n<li>Hauska setti: Voit yhdist\u00e4\u00e4 verhot ja tunnelin s\u00e4nkyyn luodaksesi lapsellesi salaisen tukikohdan, joka tarjoaa hupia nukkumaan menness\u00e4 ja lis\u00e4\u00e4 keskipisteen makuuhuoneeseen!<\/li>\n<li>Turvakaiteet: Yhden hengen parvis\u00e4ngyss\u00e4 on turvakaiteet kaikilla nelj\u00e4ll\u00e4 sivulla, joten lapsesi voi nukkua ilman huolta putoamisesta.<\/li>\n<li>K\u00e4tev\u00e4t tikkaat ja liukum\u00e4ki: T\u00e4ss\u00e4 lasten parvis\u00e4ngyss\u00e4 on hauska liukum\u00e4ki, joka tuo mukanaan iloa ja muuntaa lastenhuoneen leikkikent\u00e4ksi. Tikkaiden ja liukum\u00e4en yhdistelm\u00e4 tekee nukkumaanmenosta mielenkiintoisempaa lapsille.<\/li>\n<li> S\u00e4lepohja optimaaliseen tukeen: S\u00e4ngyn runko on varustettu s\u00e4lepohjalla, joka tukee patjaasi ja on hengitt\u00e4v\u00e4.<\/li>\n<\/ul>\n<p>Hyv\u00e4 tiet\u00e4\u00e4:<\/p>\n<ul>\n<li>Patja ei sis\u00e4lly t\u00e4h\u00e4n s\u00e4nkyyn. Tarjoamme monipuolisen valikoiman patjoja, jotka l\u00f6yd\u00e4t tarkistamalla myym\u00e4l\u00e4mme valikoiman.<\/li>\n<\/ul>\n<p>Varoitus:<\/p>\n<ul>\n<li>Kaatumisen est\u00e4miseksi t\u00e4t\u00e4 tuotetta on k\u00e4ytett\u00e4v\u00e4 mukana toimitetun sein\u00e4kiinnityslaitteen kanssa.<\/li>\n<\/ul>\n<ul>\n<li><strong>Lasten parvis\u00e4nky liukum\u00e4ell\u00e4:<\/strong><\/li>\n<li>V\u00e4ri: Vahanruskea ja antrasiitti\n<li>Materiaali: T\u00e4ysi m\u00e4nty<\/li>\n<li>Kokonaismitat (ilman liukum\u00e4ke\u00e4): 205,5 x 93 x 113,5 cm (P x L x K)<\/li>\n<li>Sopiva patjan koko: 80 x 200 cm (L x P) (patja ei sis\u00e4lly toimitukseen)<\/li>\n<li>Patjan maksimipaksuus: 12 cm<\/li>\n<li>Maks. kantavuus: 100 kg<\/li>\n<li>Liukum\u00e4en mitat: 169 x 38,5 x 20,5 cm (P x L x K)<\/li>\n<li>Liukum\u00e4en ja s\u00e4ngyn v\u00e4linen et\u00e4isyys: 143,5 cm<\/li>\n<li>Sopii yli 6-vuotiaille lapsille<\/li>\n<li><strong>Verhosarja tunnelilla:<\/strong><\/li>\n<li>V\u00e4ri: Sininen<\/li>\n<li>Materiaali: 100 % polyesteri<\/li>\n<li>Etuverhon koko: 100\/60\/34 x 75 cm (P x L)<\/li>\n<li>Sivuverhon koko (kukin): 85 x 76 cm (P x L)<\/li>\n<li>Verho kolmella taskulla: 80 x 43 cm (P x L)<\/li>\n<li>Tunnelin koko litte\u00e4n\u00e4: 211 x 94 cm (P x L)<\/li>\n<li>Vain sis\u00e4k\u00e4ytt\u00f6\u00f6n<\/li>\n<li>Asennus vaaditaan: Kyll\u00e4<\/li>\n<li><strong>Toimitus sis\u00e4lt\u00e4\u00e4:<\/strong><\/li>\n<li>1 x Lasten parvis\u00e4nky liukum\u00e4ell\u00e4<\/li>\n<li>3 x Etuverho<\/li>\n<li>1 x Verho kolmella taskulla<\/li>\n<li>2 x Sivuverho<\/li>\n<li>1 x Tunneli<\/li>\n<li>Legal Documents:\n<p><span>Lis\u00e4tietoja huonekalujesi kaatumisen est\u00e4misest\u00e4 voit l\u00f6yt\u00e4\u00e4 <span style=\"text-decoration: underline\"><strong><a title=\"https:\/\/bit.ly\/3bVwkQp\" href=\"https:\/\/bit.ly\/3bVwkQp\" target=\"_blank\">t\u00e4\u00e4lt\u00e4<\/a><\/strong><\/span><\/span><\/p>\n<\/li>\n<\/ul>\n","protected":false},"excerpt":{"rendered":"<ul>\n<li><strong>Lasten parvis\u00e4nky liukum\u00e4ell\u00e4:<\/strong><\/li>\n<li>V\u00e4ri: Vahanruskea ja antrasiitti\n<li>Materiaali: T\u00e4ysi m\u00e4nty<\/li>\n<li>Kokonaismitat (ilman liukum\u00e4ke\u00e4): 205,5 x 93 x 113,5 cm (P x L x K)<\/li>\n<li>Sopiva patjan koko: 80 x 200 cm (L x P) (patja ei sis\u00e4lly toimitukseen)<\/li>\n<li>Patjan maksimipaksuus: 12 cm<\/li>\n<li>Maks. kantavuus: 100 kg<\/li>\n<li>Liukum\u00e4en mitat: 169 x 38,5 x 20,5 cm (P x L x K)<\/li>\n<li>Liukum\u00e4en ja s\u00e4ngyn v\u00e4linen et\u00e4isyys: 143,5 cm<\/li>\n<li>Sopii yli 6-vuotiaille lapsille<\/li>\n<li><strong>Verhosarja tunnelilla:<\/strong><\/li>\n<li>V\u00e4ri: Sininen<\/li>\n<li>Materiaali: 100 % polyesteri<\/li>\n<li>Etuverhon koko: 100\/60\/34 x 75 cm (P x L)<\/li>\n<li>Sivuverhon koko (kukin): 85 x 76 cm (P x L)<\/li>\n<li>Verho kolmella taskulla: 80 x 43 cm (P x L)<\/li>\n<li>Tunnelin koko litte\u00e4n\u00e4: 211 x 94 cm (P x L)<\/li>\n<li>Vain sis\u00e4k\u00e4ytt\u00f6\u00f6n<\/li>\n<li>Asennus vaaditaan: Kyll\u00e4<\/li>\n<li><strong>Toimitus sis\u00e4lt\u00e4\u00e4:<\/strong><\/li>\n<li>1 x Lasten parvis\u00e4nky liukum\u00e4ell\u00e4<\/li>\n<li>3 x Etuverho<\/li>\n<li>1 x Verho kolmella taskulla<\/li>\n<li>2 x Sivuverho<\/li>\n<li>1 x Tunneli<\/li>\n<li>Legal Documents:\n<p><span>Lis\u00e4tietoja huonekalujesi kaatumisen est\u00e4misest\u00e4 voit l\u00f6yt\u00e4\u00e4 <span style=\"text-decoration: underline\"><strong><a title=\"https:\/\/bit.ly\/3bVwkQp\" href=\"https:\/\/bit.ly\/3bVwkQp\" target=\"_blank\">t\u00e4\u00e4lt\u00e4<\/a><\/strong><\/span><\/span><\/p>\n<\/li>\n<\/ul>\n","protected":false},"featured_media":100000161423,"comment_status":"closed","ping_status":"closed","template":"","meta":[],"product_brand":[],"product_cat":[84,8638],"product_tag":[],"class_list":{"0":"post-161423","1":"product","2":"type-product","3":"status-publish","4":"has-post-thumbnail","6":"product_cat-huonekalut","7":"product_cat-sangyt-sangynrungot","9":"first","10":"instock","11":"taxable","12":"shipping-taxable","13":"purchasable","14":"product-type-simple"},"_links":{"self":[{"href":"https:\/\/www.otiumhome.fi\/index.php\/wp-json\/wp\/v2\/product\/161423","targetHints":{"allow":["GET"]}}],"collection":[{"href":"https:\/\/www.otiumhome.fi\/index.php\/wp-json\/wp\/v2\/product"}],"about":[{"href":"https:\/\/www.otiumhome.fi\/index.php\/wp-json\/wp\/v2\/types\/product"}],"replies":[{"embeddable":true,"href":"https:\/\/www.otiumhome.fi\/index.php\/wp-json\/wp\/v2\/comments?post=161423"}],"wp:featuredmedia":[{"embeddable":true,"href":"https:\/\/www.otiumhome.fi\/index.php\/wp-json\/"}],"wp:attachment":[{"href":"https:\/\/www.otiumhome.fi\/index.php\/wp-json\/wp\/v2\/media?parent=161423"}],"wp:term":[{"taxonomy":"product_brand","embeddable":true,"href":"https:\/\/www.otiumhome.fi\/index.php\/wp-json\/wp\/v2\/product_brand?post=161423"},{"taxonomy":"product_cat","embeddable":true,"href":"https:\/\/www.otiumhome.fi\/index.php\/wp-json\/wp\/v2\/product_cat?post=161423"},{"taxonomy":"product_tag","embeddable":true,"href":"https:\/\/www.otiumhome.fi\/index.php\/wp-json\/wp\/v2\/product_tag?post=161423"}],"curies":[{"name":"wp","href":"https:\/\/api.w.org\/{rel}","templated":true}]}}