{"id":161416,"date":"2025-07-27T02:17:10","date_gmt":"2025-07-27T02:17:10","guid":{"rendered":"https:\/\/www.otiumhome.fi\/?p=161416"},"modified":"2025-08-01T15:17:31","modified_gmt":"2025-08-01T15:17:31","slug":"vuodesohva-rullilla-ja-laatikoilla-ei-patjaa-valkoinen-80x200cm","status":"publish","type":"product","link":"https:\/\/www.otiumhome.fi\/index.php\/tuote\/vuodesohva-rullilla-ja-laatikoilla-ei-patjaa-valkoinen-80x200cm\/","title":{"rendered":"Vuodesohva rullilla ja laatikoilla ei patjaa valkoinen 80x200cm"},"content":{"rendered":"<p>T\u00e4m\u00e4 2-in-1 vuodesohva rullilla toimii sek\u00e4 sohvana ett\u00e4 s\u00e4nkyn\u00e4. Se on k\u00e4yt\u00e4nn\u00f6llinen ja katseet vangitseva lis\u00e4 olo- tai makuuhuoneeseen.<\/p>\n<\/p>\n<ul>\n<li>Monipuolinen vuodesohva: Vuodesohva toimii p\u00e4iv\u00e4ll\u00e4 sohvana ja muuttuu helposti parivuoteeksi y\u00f6ll\u00e4 vet\u00e4m\u00e4ll\u00e4 rullarungon ulos. T\u00e4m\u00e4 tarjoaa k\u00e4tev\u00e4n ratkaisun vieraiden majoittamiseen ja tilan maksimointiin.<\/li>\n<li>Vakaa ja pitk\u00e4kestoinen runko: T\u00e4ysi m\u00e4nty tunnetaan lujuudestaan ja kest\u00e4vyydest\u00e4\u00e4n. Sen suorat puunsyyt ja erottuvat oksanpaikat lis\u00e4\u00e4v\u00e4t sen rustiikkista charmia.<\/li>\n<li>S\u00e4leet optimaaliseen tukeen: Sohvas\u00e4ngyss\u00e4 on s\u00e4leet, jotka tarjoavat t\u00e4rke\u00e4n tuen ja hengitt\u00e4vyyden patjallesi.<\/li>\n<li>Runsaasti s\u00e4ilytystilaa: T\u00e4ss\u00e4 vierasvuoteessa on kaksi vuodelaatikkoa, jotka tarjoavat runsaasti tilaa vaatteiden, sukkien, lelujen, tyynyjen ja vastaavien s\u00e4ilytt\u00e4miseen.<\/li>\n<\/ul>\n<p>Hyv\u00e4 tiet\u00e4\u00e4:<\/p>\n<ul>\n<li>Patjat eiv\u00e4t sis\u00e4lly t\u00e4h\u00e4n s\u00e4nkyyn. Tarjoamme monipuolisen valikoiman patjoja, jotka l\u00f6yd\u00e4t tarkistamalla myym\u00e4l\u00e4mme valikoiman.<\/li>\n<\/ul>\n<ul>\n<li>V\u00e4ri: Valkoinen<\/li>\n<li>Materiaali: T\u00e4ysi m\u00e4nty<\/li>\n<li>Mitat (avattuna): 203,5 x 160 x 69,5 cm (P x L x K)<\/li>\n<li>Mitat (ei avattuna): 203,5 x 86 x 69,5 cm (P x L x K)<\/li>\n<li>Sopiva patjan koko: 80 x 200 cm (L x P)<\/li>\n<li>Tarvitaan 2 x Patja (eiv\u00e4t sis\u00e4lly toimitukseen)<\/li>\n<li>Vapaa korkeus s\u00e4ngyn alla: 21 cm<\/li>\n<li>Vuodelaatikon mitat (kukin): 85 x 55 x 17 cm (L x S x K)<\/li>\n<li>Asennus vaaditaan: Kyll\u00e4<\/li>\n<li><strong>Toimitus sis\u00e4lt\u00e4\u00e4:<\/strong><\/li>\n<li>1 x Vuodesohva rullilla<\/li>\n<li>2 x s\u00e4ngyn vetolaatikko<\/li>\n<\/ul>\n","protected":false},"excerpt":{"rendered":"<ul>\n<li>V\u00e4ri: Valkoinen<\/li>\n<li>Materiaali: T\u00e4ysi m\u00e4nty<\/li>\n<li>Mitat (avattuna): 203,5 x 160 x 69,5 cm (P x L x K)<\/li>\n<li>Mitat (ei avattuna): 203,5 x 86 x 69,5 cm (P x L x K)<\/li>\n<li>Sopiva patjan koko: 80 x 200 cm (L x P)<\/li>\n<li>Tarvitaan 2 x Patja (eiv\u00e4t sis\u00e4lly toimitukseen)<\/li>\n<li>Vapaa korkeus s\u00e4ngyn alla: 21 cm<\/li>\n<li>Vuodelaatikon mitat (kukin): 85 x 55 x 17 cm (L x S x K)<\/li>\n<li>Asennus vaaditaan: Kyll\u00e4<\/li>\n<li><strong>Toimitus sis\u00e4lt\u00e4\u00e4:<\/strong><\/li>\n<li>1 x Vuodesohva rullilla<\/li>\n<li>2 x s\u00e4ngyn vetolaatikko<\/li>\n<\/ul>\n","protected":false},"featured_media":100000161416,"comment_status":"closed","ping_status":"closed","template":"","meta":[],"product_brand":[],"product_cat":[84,8638],"product_tag":[],"class_list":{"0":"post-161416","1":"product","2":"type-product","3":"status-publish","4":"has-post-thumbnail","6":"product_cat-huonekalut","7":"product_cat-sangyt-sangynrungot","9":"first","10":"instock","11":"taxable","12":"shipping-taxable","13":"purchasable","14":"product-type-simple"},"_links":{"self":[{"href":"https:\/\/www.otiumhome.fi\/index.php\/wp-json\/wp\/v2\/product\/161416","targetHints":{"allow":["GET"]}}],"collection":[{"href":"https:\/\/www.otiumhome.fi\/index.php\/wp-json\/wp\/v2\/product"}],"about":[{"href":"https:\/\/www.otiumhome.fi\/index.php\/wp-json\/wp\/v2\/types\/product"}],"replies":[{"embeddable":true,"href":"https:\/\/www.otiumhome.fi\/index.php\/wp-json\/wp\/v2\/comments?post=161416"}],"wp:featuredmedia":[{"embeddable":true,"href":"https:\/\/www.otiumhome.fi\/index.php\/wp-json\/"}],"wp:attachment":[{"href":"https:\/\/www.otiumhome.fi\/index.php\/wp-json\/wp\/v2\/media?parent=161416"}],"wp:term":[{"taxonomy":"product_brand","embeddable":true,"href":"https:\/\/www.otiumhome.fi\/index.php\/wp-json\/wp\/v2\/product_brand?post=161416"},{"taxonomy":"product_cat","embeddable":true,"href":"https:\/\/www.otiumhome.fi\/index.php\/wp-json\/wp\/v2\/product_cat?post=161416"},{"taxonomy":"product_tag","embeddable":true,"href":"https:\/\/www.otiumhome.fi\/index.php\/wp-json\/wp\/v2\/product_tag?post=161416"}],"curies":[{"name":"wp","href":"https:\/\/api.w.org\/{rel}","templated":true}]}}