{"id":161400,"date":"2025-07-27T01:58:38","date_gmt":"2025-07-27T01:58:38","guid":{"rendered":"https:\/\/www.otiumhome.fi\/?p=161400"},"modified":"2025-12-14T12:37:27","modified_gmt":"2025-12-14T12:37:27","slug":"lasten-parvisanky-tunnelilla-sininen-90x200-cm-taysi-manty","status":"publish","type":"product","link":"https:\/\/www.otiumhome.fi\/index.php\/tuote\/lasten-parvisanky-tunnelilla-sininen-90x200-cm-taysi-manty\/","title":{"rendered":"Lasten parvis\u00e4nky tunnelilla sininen 90&#215;200 cm t\u00e4ysi m\u00e4nty"},"content":{"rendered":"<p>T\u00e4m\u00e4 t\u00e4ydest\u00e4 m\u00e4nnyst\u00e4 valmistettu lasten parvis\u00e4nky sopii niin hauskanpitoon kuin tilan s\u00e4\u00e4st\u00e4miseen.<\/p>\n<\/p>\n<ul>\n<li>Vakaa puurakenne: T\u00e4m\u00e4 parvis\u00e4nky on valmistettu t\u00e4ydest\u00e4 m\u00e4nnyst\u00e4 vakauden ja kest\u00e4vyyden takaamiseksi. M\u00e4nnyss\u00e4 on suorat puunsyyt ja oksanpaikat antavat materiaalille ainutlaatuisen rustiikkisen tyylin.<\/li>\n<li>T\u00e4ysi tilank\u00e4ytt\u00f6: T\u00e4m\u00e4 yhden hengen parvis\u00e4nky on korotettu 78,5 cm maanpinnan yl\u00e4puolelle, mik\u00e4 tarjoaa runsaasti tilaa s\u00e4ilytykseen tai muihin aktiviteetteihin. T\u00e4t\u00e4 aluetta voidaan k\u00e4ytt\u00e4\u00e4 s\u00e4ilytyslaatikoiden pinoamiseen, suurten lelujen s\u00e4ilytt\u00e4miseen tai jopa lasten sohvan paikaksi lukemista varten. Lis\u00e4ksi lapsesi voi k\u00e4ytt\u00e4\u00e4 s\u00e4ngyn alla olevaa tilaa salaisena tukikohtana ja nauttia mielikuvituksellisesta leikist\u00e4.<\/li>\n<li>Turvakaiteet: Lasten parvis\u00e4ngyss\u00e4 on turvakaiteet kaikilla nelj\u00e4ll\u00e4 sivulla, joten lapsesi voi nukkua ilman huolta putoamisesta.<\/li>\n<li>K\u00e4tev\u00e4t tikkaat: T\u00e4ss\u00e4 lasten parvis\u00e4ngyss\u00e4 on tikkaat, jotka helpottavat s\u00e4nkyyn nousemista ja siit\u00e4 poistumista. Ne tuovat my\u00f6s iloa ja muuntavat lastenhuoneen sis\u00e4leikkikent\u00e4ksi.<\/li>\n<\/ul>\n<p>Hyv\u00e4 tiet\u00e4\u00e4:<\/p>\n<ul>\n<li>Patja ei sis\u00e4lly t\u00e4h\u00e4n s\u00e4nkyyn. Tarjoamme monipuolisen valikoiman patjoja, jotka l\u00f6yd\u00e4t tarkistamalla myym\u00e4l\u00e4mme valikoiman.<\/li>\n<\/ul>\n<p>Varoitus:<\/p>\n<ul>\n<li>Kaatumisen est\u00e4miseksi t\u00e4t\u00e4 tuotetta on k\u00e4ytett\u00e4v\u00e4 mukana toimitetun sein\u00e4kiinnityslaitteen kanssa.<\/li>\n<\/ul>\n<ul>\n<li><strong>Lasten parvis\u00e4nky:<\/strong><\/li>\n<li>Materiaali: t\u00e4ysi m\u00e4nty (k\u00e4sittelem\u00e4t\u00f6n)<\/li>\n<li>Mitat: 205,5 x 95,5 x 113,5 cm (P x L x K)<\/li>\n<li>Makuutilan korkeus maasta: 78,5 cm<\/li>\n<li>Turvakaiteen korkeus: 30 cm<\/li>\n<li>Tikkaiden leveys: 40 cm<\/li>\n<li>Sopiva patjan koko: 90 x 200 cm (L x P) (patja ei sis\u00e4lly toimitukseen)<\/li>\n<li>Patjan maksimipaksuus: 12 cm<\/li>\n<li><strong>Verhosarja:<\/strong><\/li>\n<li>V\u00e4ri: Sininen<\/li>\n<li>Materiaali: 100 % polyesteri<\/li>\n<li>Etuverhon koko: 100\/60\/34 x 75 cm (P x L)<\/li>\n<li>Sivuverhon koko (kukin): 85 x 76 cm (P x L)<\/li>\n<li>Verho kolmella taskulla: 80 x 43 cm (P x L)<\/li>\n<li>Tunneli (koko litte\u00e4n\u00e4): 211 x 94 cm (P x L)<\/li>\n<li>Maksimikantavuus: 80 kg<\/li>\n<li>Sopii yli 6-vuotiaille lapsille<\/li>\n<li>Vain sis\u00e4k\u00e4ytt\u00f6\u00f6n<\/li>\n<li>Asennus vaaditaan: Kyll\u00e4<\/li>\n<li><strong>Toimitus sis\u00e4lt\u00e4\u00e4:<\/strong><\/li>\n<li>1 x Lasten parvis\u00e4nky<\/li>\n<li>3 x Etuverho<\/li>\n<li>2 x Sivuverho<\/li>\n<li>1 x Verho kolmella taskulla<\/li>\n<li>1 x Tunneli<\/li>\n<li>Legal Documents:\n<p><span>Lis\u00e4tietoja huonekalujesi kaatumisen est\u00e4misest\u00e4 voit l\u00f6yt\u00e4\u00e4 <span style=\"text-decoration: underline\"><strong><a title=\"https:\/\/bit.ly\/3bVwkQp\" href=\"https:\/\/bit.ly\/3bVwkQp\" target=\"_blank\">t\u00e4\u00e4lt\u00e4<\/a><\/strong><\/span><\/span><\/p>\n<\/li>\n<\/ul>\n","protected":false},"excerpt":{"rendered":"<ul>\n<li><strong>Lasten parvis\u00e4nky:<\/strong><\/li>\n<li>Materiaali: t\u00e4ysi m\u00e4nty (k\u00e4sittelem\u00e4t\u00f6n)<\/li>\n<li>Mitat: 205,5 x 95,5 x 113,5 cm (P x L x K)<\/li>\n<li>Makuutilan korkeus maasta: 78,5 cm<\/li>\n<li>Turvakaiteen korkeus: 30 cm<\/li>\n<li>Tikkaiden leveys: 40 cm<\/li>\n<li>Sopiva patjan koko: 90 x 200 cm (L x P) (patja ei sis\u00e4lly toimitukseen)<\/li>\n<li>Patjan maksimipaksuus: 12 cm<\/li>\n<li><strong>Verhosarja:<\/strong><\/li>\n<li>V\u00e4ri: Sininen<\/li>\n<li>Materiaali: 100 % polyesteri<\/li>\n<li>Etuverhon koko: 100\/60\/34 x 75 cm (P x L)<\/li>\n<li>Sivuverhon koko (kukin): 85 x 76 cm (P x L)<\/li>\n<li>Verho kolmella taskulla: 80 x 43 cm (P x L)<\/li>\n<li>Tunneli (koko litte\u00e4n\u00e4): 211 x 94 cm (P x L)<\/li>\n<li>Maksimikantavuus: 80 kg<\/li>\n<li>Sopii yli 6-vuotiaille lapsille<\/li>\n<li>Vain sis\u00e4k\u00e4ytt\u00f6\u00f6n<\/li>\n<li>Asennus vaaditaan: Kyll\u00e4<\/li>\n<li><strong>Toimitus sis\u00e4lt\u00e4\u00e4:<\/strong><\/li>\n<li>1 x Lasten parvis\u00e4nky<\/li>\n<li>3 x Etuverho<\/li>\n<li>2 x Sivuverho<\/li>\n<li>1 x Verho kolmella taskulla<\/li>\n<li>1 x Tunneli<\/li>\n<li>Legal Documents:\n<p><span>Lis\u00e4tietoja huonekalujesi kaatumisen est\u00e4misest\u00e4 voit l\u00f6yt\u00e4\u00e4 <span style=\"text-decoration: underline\"><strong><a title=\"https:\/\/bit.ly\/3bVwkQp\" href=\"https:\/\/bit.ly\/3bVwkQp\" target=\"_blank\">t\u00e4\u00e4lt\u00e4<\/a><\/strong><\/span><\/span><\/p>\n<\/li>\n<\/ul>\n","protected":false},"featured_media":100000161400,"comment_status":"closed","ping_status":"closed","template":"","meta":[],"product_brand":[],"product_cat":[84,8638],"product_tag":[],"class_list":{"0":"post-161400","1":"product","2":"type-product","3":"status-publish","4":"has-post-thumbnail","6":"product_cat-huonekalut","7":"product_cat-sangyt-sangynrungot","9":"first","10":"instock","11":"taxable","12":"shipping-taxable","13":"purchasable","14":"product-type-simple"},"_links":{"self":[{"href":"https:\/\/www.otiumhome.fi\/index.php\/wp-json\/wp\/v2\/product\/161400","targetHints":{"allow":["GET"]}}],"collection":[{"href":"https:\/\/www.otiumhome.fi\/index.php\/wp-json\/wp\/v2\/product"}],"about":[{"href":"https:\/\/www.otiumhome.fi\/index.php\/wp-json\/wp\/v2\/types\/product"}],"replies":[{"embeddable":true,"href":"https:\/\/www.otiumhome.fi\/index.php\/wp-json\/wp\/v2\/comments?post=161400"}],"wp:featuredmedia":[{"embeddable":true,"href":"https:\/\/www.otiumhome.fi\/index.php\/wp-json\/"}],"wp:attachment":[{"href":"https:\/\/www.otiumhome.fi\/index.php\/wp-json\/wp\/v2\/media?parent=161400"}],"wp:term":[{"taxonomy":"product_brand","embeddable":true,"href":"https:\/\/www.otiumhome.fi\/index.php\/wp-json\/wp\/v2\/product_brand?post=161400"},{"taxonomy":"product_cat","embeddable":true,"href":"https:\/\/www.otiumhome.fi\/index.php\/wp-json\/wp\/v2\/product_cat?post=161400"},{"taxonomy":"product_tag","embeddable":true,"href":"https:\/\/www.otiumhome.fi\/index.php\/wp-json\/wp\/v2\/product_tag?post=161400"}],"curies":[{"name":"wp","href":"https:\/\/api.w.org\/{rel}","templated":true}]}}