{"id":161041,"date":"2025-07-26T23:01:47","date_gmt":"2025-07-26T23:01:47","guid":{"rendered":"https:\/\/www.otiumhome.fi\/?p=161041"},"modified":"2025-07-27T16:32:40","modified_gmt":"2025-07-27T16:32:40","slug":"sivukaappi-laatikolla-sonoma-tammi-40x50x75-cm-tekninen-puu","status":"publish","type":"product","link":"https:\/\/www.otiumhome.fi\/index.php\/tuote\/sivukaappi-laatikolla-sonoma-tammi-40x50x75-cm-tekninen-puu\/","title":{"rendered":"Sivukaappi laatikolla Sonoma-tammi 40x50x75 cm tekninen puu"},"content":{"rendered":"<p>T\u00e4m\u00e4 sivukaappi on tarkoitettu k\u00e4yt\u00e4nn\u00f6lliseksi ja koristeelliseksi lis\u00e4ksi elintilaasi!<\/p>\n<\/p>\n<ul>\n<li>Kest\u00e4v\u00e4 materiaali: Tekninen puu on poikkeuksellisen laadukasta ja sile\u00e4pintaista. Se on luja, vakaa ja kosteudelle vastustuskykyinen.<\/li>\n<li>Runsaasti s\u00e4ilytystilaa: Sivup\u00f6yd\u00e4ss\u00e4 on yksi laatikko ja yksi lokero, joten se tarjoaa runsaasti s\u00e4ilytystilaa p\u00e4ivitt\u00e4istavaroiden j\u00e4rjestyksess\u00e4 ja helposti ulottuvilla pit\u00e4miseen.<\/li>\n<li>K\u00e4yt\u00e4nn\u00f6llinen ovi: Pid\u00e4 t\u00e4rke\u00e4t tavarasi p\u00f6lytt\u00f6min\u00e4 piilottamalla ne t\u00e4m\u00e4n kaapin oven taakse.<\/li>\n<li>Esittelytoiminto: Sivukaapin tukeva yl\u00e4taso on t\u00e4ydellinen paikka valokuvien, juomien ja muiden esineiden sijoittamiseen.<\/li>\n<li>Joustava asennus: S\u00e4ilytyskaapin ovi voidaan asentaa vasemmalle tai oikealle puolelle t\u00e4ysin henkil\u00f6kohtaisten tottumusten ja mukavuutesi mukaan.\n<\/p>\n<\/li>\n<\/ul>\n<p>Varoitus:<\/p>\n<ul>\n<li>Kaatumisen est\u00e4miseksi on t\u00e4t\u00e4 tuotetta k\u00e4ytett\u00e4v\u00e4 mukana toimitettavan sein\u00e4kiinnityslaitteen kanssa.<\/li>\n<\/ul>\n<p>Hyv\u00e4 tiet\u00e4\u00e4:<\/p>\n<ul>\n<li>Jotta kokoaminen olisi mahdollisimman helppoa, jokainen tuote toimitetaan ohjekirjan kanssa.<\/li>\n<\/ul>\n<ul>\n<li>V\u00e4ri: Sonoma-tammi<\/li>\n<li>Materiaali: tekninen puu<\/li>\n<li>Mitat: 40 x 50 x 75 cm (L x S x K)<\/li>\n<\/ul>\n","protected":false},"excerpt":{"rendered":"<ul>\n<li>V\u00e4ri: Sonoma-tammi<\/li>\n<li>Materiaali: tekninen puu<\/li>\n<li>Mitat: 40 x 50 x 75 cm (L x S x K)<\/li>\n<\/ul>\n","protected":false},"featured_media":100000161041,"comment_status":"closed","ping_status":"closed","template":"","meta":[],"product_brand":[],"product_cat":[84,8635],"product_tag":[],"class_list":{"0":"post-161041","1":"product","2":"type-product","3":"status-publish","4":"has-post-thumbnail","6":"product_cat-huonekalut","7":"product_cat-sailytys-lukkokaapit","9":"first","10":"instock","11":"taxable","12":"shipping-taxable","13":"purchasable","14":"product-type-simple"},"_links":{"self":[{"href":"https:\/\/www.otiumhome.fi\/index.php\/wp-json\/wp\/v2\/product\/161041","targetHints":{"allow":["GET"]}}],"collection":[{"href":"https:\/\/www.otiumhome.fi\/index.php\/wp-json\/wp\/v2\/product"}],"about":[{"href":"https:\/\/www.otiumhome.fi\/index.php\/wp-json\/wp\/v2\/types\/product"}],"replies":[{"embeddable":true,"href":"https:\/\/www.otiumhome.fi\/index.php\/wp-json\/wp\/v2\/comments?post=161041"}],"wp:featuredmedia":[{"embeddable":true,"href":"https:\/\/www.otiumhome.fi\/index.php\/wp-json\/"}],"wp:attachment":[{"href":"https:\/\/www.otiumhome.fi\/index.php\/wp-json\/wp\/v2\/media?parent=161041"}],"wp:term":[{"taxonomy":"product_brand","embeddable":true,"href":"https:\/\/www.otiumhome.fi\/index.php\/wp-json\/wp\/v2\/product_brand?post=161041"},{"taxonomy":"product_cat","embeddable":true,"href":"https:\/\/www.otiumhome.fi\/index.php\/wp-json\/wp\/v2\/product_cat?post=161041"},{"taxonomy":"product_tag","embeddable":true,"href":"https:\/\/www.otiumhome.fi\/index.php\/wp-json\/wp\/v2\/product_tag?post=161041"}],"curies":[{"name":"wp","href":"https:\/\/api.w.org\/{rel}","templated":true}]}}