{"id":161028,"date":"2025-07-26T22:59:36","date_gmt":"2025-07-26T22:59:36","guid":{"rendered":"https:\/\/www.otiumhome.fi\/?p=161028"},"modified":"2025-07-31T21:10:50","modified_gmt":"2025-07-31T21:10:50","slug":"laatikosto-pyorilla-moss-musta-taysi-manty","status":"publish","type":"product","link":"https:\/\/www.otiumhome.fi\/index.php\/tuote\/laatikosto-pyorilla-moss-musta-taysi-manty\/","title":{"rendered":"Laatikosto py\u00f6rill\u00e4 MOSS musta t\u00e4ysi m\u00e4nty"},"content":{"rendered":"<p>T\u00e4m\u00e4 py\u00f6rill\u00e4 varustettu laatikosto auttaa sinua ty\u00f6skentelem\u00e4\u00e4n paremmin pit\u00e4m\u00e4ll\u00e4 tavarat j\u00e4rjestyksess\u00e4 ja helposti ulottuvilla.<\/p>\n<\/p>\n<ul>\n<li>Joustavat py\u00f6r\u00e4t: Py\u00f6rien ansiosta kaappi voidaan siirt\u00e4\u00e4 nopeasti ja helposti mille tahansa ty\u00f6skentelyalueelle.<\/li>\n<li>Runsaasti s\u00e4ilytystilaa: Arkistokaappi tarjoaa runsaasti s\u00e4ilytystilaa asiakirjojen, kirjojen tai tiedostojen s\u00e4ilytt\u00e4miseen tai luokitteluun. Se sopii ty\u00f6p\u00f6yt\u00e4si alle lattiatilan maksimoimiseksi. Koverat kahvat mahdollistavat kunkin laatikon avaamisen ja tavaroihin k\u00e4siksi p\u00e4\u00e4semisen.<\/li>\n<li>T\u00e4ysi m\u00e4nty: T\u00e4ysi m\u00e4ntypuu on kaunis luonnollinen materiaali. M\u00e4nnyll\u00e4 on suorat puunsyyt ja sen oksanpaikat antavat materiaalille sen ominaisen rustiikkisen ilmeen.<\/li>\n<li>Laaja k\u00e4ytt\u00f6: Yksinkertaisen muotoilunsa ansiosta laatikosto sopii hyvin mihin tahansa huoneeseen. Voit k\u00e4ytt\u00e4\u00e4 sit\u00e4 k\u00e4tev\u00e4n\u00e4 s\u00e4ilytysratkaisuna olohuoneessa, makuuhuoneessa, keitti\u00f6ss\u00e4, autotallissa, toimistossa tai harrastehuoneessa!<\/li>\n<li>Helppo puhdistaa: Toimistokaapin sile\u00e4 pinta on helppo puhdistaa kostealla liinalla.<\/li>\n<\/ul>\n<p>Varoitus:<\/p>\n<ul>\n<li>Kaatumisen est\u00e4miseksi t\u00e4t\u00e4 tuotetta on k\u00e4ytett\u00e4v\u00e4 mukana toimitetun sein\u00e4kiinnityslaitteen kanssa.<\/li>\n<\/ul>\n<ul>\n<li>V\u00e4ri: Musta<\/li>\n<li>Materiaali: T\u00e4ysi m\u00e4nty, tekninen puu, muovi<\/li>\n<li>Mitat: 34 x 39 x 65,5 cm (L x S x K)<\/li>\n<li>Laatikon ulkomitat: 27,5 x 34 x 9 cm (L x S x K)<\/li>\n<li>Laatikon sis\u00e4mitat: 26 x 33,5 x 7 cm (L x S x K)<\/li>\n<li>6 laatikkoa<\/li>\n<li>Valikoima: MOSS<\/li>\n<li>Asennus vaaditaan: Kyll\u00e4<\/li>\n<\/ul>\n","protected":false},"excerpt":{"rendered":"<ul>\n<li>V\u00e4ri: Musta<\/li>\n<li>Materiaali: T\u00e4ysi m\u00e4nty, tekninen puu, muovi<\/li>\n<li>Mitat: 34 x 39 x 65,5 cm (L x S x K)<\/li>\n<li>Laatikon ulkomitat: 27,5 x 34 x 9 cm (L x S x K)<\/li>\n<li>Laatikon sis\u00e4mitat: 26 x 33,5 x 7 cm (L x S x K)<\/li>\n<li>6 laatikkoa<\/li>\n<li>Valikoima: MOSS<\/li>\n<li>Asennus vaaditaan: Kyll\u00e4<\/li>\n<\/ul>\n","protected":false},"featured_media":100000161028,"comment_status":"closed","ping_status":"closed","template":"","meta":[],"product_brand":[],"product_cat":[84,8635],"product_tag":[],"class_list":{"0":"post-161028","1":"product","2":"type-product","3":"status-publish","4":"has-post-thumbnail","6":"product_cat-huonekalut","7":"product_cat-sailytys-lukkokaapit","9":"first","10":"instock","11":"taxable","12":"shipping-taxable","13":"purchasable","14":"product-type-simple"},"_links":{"self":[{"href":"https:\/\/www.otiumhome.fi\/index.php\/wp-json\/wp\/v2\/product\/161028","targetHints":{"allow":["GET"]}}],"collection":[{"href":"https:\/\/www.otiumhome.fi\/index.php\/wp-json\/wp\/v2\/product"}],"about":[{"href":"https:\/\/www.otiumhome.fi\/index.php\/wp-json\/wp\/v2\/types\/product"}],"replies":[{"embeddable":true,"href":"https:\/\/www.otiumhome.fi\/index.php\/wp-json\/wp\/v2\/comments?post=161028"}],"wp:featuredmedia":[{"embeddable":true,"href":"https:\/\/www.otiumhome.fi\/index.php\/wp-json\/"}],"wp:attachment":[{"href":"https:\/\/www.otiumhome.fi\/index.php\/wp-json\/wp\/v2\/media?parent=161028"}],"wp:term":[{"taxonomy":"product_brand","embeddable":true,"href":"https:\/\/www.otiumhome.fi\/index.php\/wp-json\/wp\/v2\/product_brand?post=161028"},{"taxonomy":"product_cat","embeddable":true,"href":"https:\/\/www.otiumhome.fi\/index.php\/wp-json\/wp\/v2\/product_cat?post=161028"},{"taxonomy":"product_tag","embeddable":true,"href":"https:\/\/www.otiumhome.fi\/index.php\/wp-json\/wp\/v2\/product_tag?post=161028"}],"curies":[{"name":"wp","href":"https:\/\/api.w.org\/{rel}","templated":true}]}}