{"id":160769,"date":"2025-07-26T22:07:31","date_gmt":"2025-07-26T22:07:31","guid":{"rendered":"https:\/\/www.otiumhome.fi\/?p=160769"},"modified":"2025-12-09T07:36:59","modified_gmt":"2025-12-09T07:36:59","slug":"kylpyhuonekalustesetti-2-pcs-valkoinen-ja-antiikkivalkoinen","status":"publish","type":"product","link":"https:\/\/www.otiumhome.fi\/index.php\/tuote\/kylpyhuonekalustesetti-2-pcs-valkoinen-ja-antiikkivalkoinen\/","title":{"rendered":"Kylpyhuonekalustesetti 2 pcs Valkoinen ja antiikkivalkoinen"},"content":{"rendered":"<p>T\u00e4\u00e4 rustiikkinen kylpyhuonekalustesetti yhdist\u00e4\u00e4 perinteisen charmikkuuden ja modernin k\u00e4yt\u00e4nn\u00f6llisyyden. Se sulautuu eri sisustustyyleihin ja tarjoaa runsaasti tilaa sun tarpeille. Suunniteltu parantamaan kylpp\u00e4ri\u00e4si, setti yhdist\u00e4\u00e4 eleganssia ja toimivuutta, luoden siistin ymp\u00e4rist\u00f6n. Sen rustiikkinen tyyli tuo l\u00e4mp\u00f6\u00e4 ja kutsuvuutta, tehden siit\u00e4 just oikean valinnan kodille, joka arvostaa j\u00e4senellist\u00e4 mutta k\u00e4yt\u00e4nn\u00f6llist\u00e4 sisustusta.<\/p>\n<ul>\n<li><b>Materiaalit:<\/b> T\u00e4\u00e4 kylpyhuonekalustesetti on tehty t\u00e4ysm\u00e4nty- ja valmistetusta puusta, mik\u00e4 antaa kest\u00e4v\u00e4n ja hyv\u00e4nn\u00e4k\u00f6isen ilmeen. T\u00e4\u00e4 yhdistelm\u00e4 takaa kaikille sun huonekaluille pitk\u00e4n k\u00e4ytt\u00f6i\u00e4n ja lis\u00e4\u00e4 tilan luonteen.<\/li>\n<li><b>Koostumukset:<\/b> Setti sis\u00e4lt\u00e4\u00e4 sein\u00e4lle kiinnitett\u00e4v\u00e4n kaapin ja itsen\u00e4isen yksik\u00f6n, joilla saat monenlaista s\u00e4ilytysratkaisua. Kaikki osat on suunniteltu niin, ett\u00e4 p\u00e4\u00e4set helposti k\u00e4siksi ja k\u00e4yt\u00e4nt\u00f6 on sujuva, ei h\u00e4t\u00e4\u00e4 siis.<\/li>\n<li><b>Ominaisuudet \/ Toiminta \/ Muotoilu:<\/b> T\u00e4\u00e4 huonekalu on k\u00e4yt\u00e4nn\u00f6llinen mutta my\u00f6s tyylik\u00e4s s\u00e4ilytysratkaisu. Sen tilaa s\u00e4\u00e4st\u00e4v\u00e4 muotoilu ja hyv\u00e4 s\u00e4ilytyskyky tekev\u00e4t siit\u00e4 tarpeellista joka kylpp\u00e4riin. N\u00e4\u00e4 osat n\u00e4ytt\u00e4v\u00e4t hyvilt\u00e4 ja ovat mukautuvia.<\/li>\n<li><b>Suositellut k\u00e4yt\u00f6t:<\/b> Loistava valinta pienille kylpyhuoneille, sein\u00e4n kaappi vapauttaa lattiatilaa ja tarjoaa s\u00e4ilytysmahdollisuuksia. Rustiikkinen tyyli sopii hienosti perinteisiin ja moderneihin sisustuksiin, tuoden mukautuvaa charmikkuutta.<\/li>\n<li><b>Huolto &amp; Yll\u00e4pito:<\/b> Pid\u00e4 kalusteet hyv\u00e4n\u00e4 helposti. Pyyhi vain kostealla kankaalla, niin kalusteet pysyv\u00e4t hyv\u00e4nn\u00e4k\u00f6isin\u00e4. V\u00e4lt\u00e4 hankaavia aineita, niin puun viimeistely yll\u00e4pit\u00e4\u00e4 kestoa ja esteettist\u00e4 vieh\u00e4tysvoimaa pitk\u00e4\u00e4n.<\/li>\n<\/ul>\n<ul>\n<li>V\u00e4ri: Valkoinen ja antiikkivalkoinen<\/li>\n<li>Materiaali: Massiivinen m\u00e4nty ja valmistettu puu<\/li>\n<li>Yleiset mitat: 68 x 34 x 150 cm (P x L x K)<\/li>\n<li>Paino: 25,8 kg<\/li>\n<li>S\u00e4ilytystila<\/li>\n<li>5 hyllyill\u00e4<\/li>\n<li>4 ovien kanssa<\/li>\n<li>Vain sis\u00e4k\u00e4ytt\u00f6\u00f6n<\/li>\n<li>Toimitus-:<\/li>\n<li>1 x Sein\u00e4\u00e4n kiinnitett\u00e4v\u00e4 kylpyhuonekaappi: 67.4 x 34 x 70 cm (P x L x K)<\/li>\n<li>1 x Kylpyhuonekaappi: 67.4 x 34 x 80 cm (P x L x K)<\/li>\n<li>Kokoonpano vaaditaan: Kyll\u00e4<\/li>\n<\/ul>\n","protected":false},"excerpt":{"rendered":"<ul>\n<li>V\u00e4ri: Valkoinen ja antiikkivalkoinen<\/li>\n<li>Materiaali: Massiivinen m\u00e4nty ja valmistettu puu<\/li>\n<li>Yleiset mitat: 68 x 34 x 150 cm (P x L x K)<\/li>\n<li>Paino: 25,8 kg<\/li>\n<li>S\u00e4ilytystila<\/li>\n<li>5 hyllyill\u00e4<\/li>\n<li>4 ovien kanssa<\/li>\n<li>Vain sis\u00e4k\u00e4ytt\u00f6\u00f6n<\/li>\n<li>Toimitus-:<\/li>\n<li>1 x Sein\u00e4\u00e4n kiinnitett\u00e4v\u00e4 kylpyhuonekaappi: 67.4 x 34 x 70 cm (P x L x K)<\/li>\n<li>1 x Kylpyhuonekaappi: 67.4 x 34 x 80 cm (P x L x K)<\/li>\n<li>Kokoonpano vaaditaan: Kyll\u00e4<\/li>\n<\/ul>\n","protected":false},"featured_media":100000160769,"comment_status":"closed","ping_status":"closed","template":"","meta":[],"product_brand":[],"product_cat":[84,8561,8562],"product_tag":[],"class_list":{"0":"post-160769","1":"product","2":"type-product","3":"status-publish","4":"has-post-thumbnail","6":"product_cat-huonekalut","7":"product_cat-kampauspoydat","8":"product_cat-kylpyhuoneen-kampauspoydat","10":"first","11":"instock","12":"taxable","13":"shipping-taxable","14":"purchasable","15":"product-type-simple"},"_links":{"self":[{"href":"https:\/\/www.otiumhome.fi\/index.php\/wp-json\/wp\/v2\/product\/160769","targetHints":{"allow":["GET"]}}],"collection":[{"href":"https:\/\/www.otiumhome.fi\/index.php\/wp-json\/wp\/v2\/product"}],"about":[{"href":"https:\/\/www.otiumhome.fi\/index.php\/wp-json\/wp\/v2\/types\/product"}],"replies":[{"embeddable":true,"href":"https:\/\/www.otiumhome.fi\/index.php\/wp-json\/wp\/v2\/comments?post=160769"}],"wp:featuredmedia":[{"embeddable":true,"href":"https:\/\/www.otiumhome.fi\/index.php\/wp-json\/"}],"wp:attachment":[{"href":"https:\/\/www.otiumhome.fi\/index.php\/wp-json\/wp\/v2\/media?parent=160769"}],"wp:term":[{"taxonomy":"product_brand","embeddable":true,"href":"https:\/\/www.otiumhome.fi\/index.php\/wp-json\/wp\/v2\/product_brand?post=160769"},{"taxonomy":"product_cat","embeddable":true,"href":"https:\/\/www.otiumhome.fi\/index.php\/wp-json\/wp\/v2\/product_cat?post=160769"},{"taxonomy":"product_tag","embeddable":true,"href":"https:\/\/www.otiumhome.fi\/index.php\/wp-json\/wp\/v2\/product_tag?post=160769"}],"curies":[{"name":"wp","href":"https:\/\/api.w.org\/{rel}","templated":true}]}}