{"id":160766,"date":"2025-07-26T22:07:30","date_gmt":"2025-07-26T22:07:30","guid":{"rendered":"https:\/\/www.otiumhome.fi\/?p=160766"},"modified":"2025-12-09T07:36:56","modified_gmt":"2025-12-09T07:36:56","slug":"kylpyhuonekalustesetti-laatikon-kanssa-hyllylla-vigo-2-pcs","status":"publish","type":"product","link":"https:\/\/www.otiumhome.fi\/index.php\/tuote\/kylpyhuonekalustesetti-laatikon-kanssa-hyllylla-vigo-2-pcs\/","title":{"rendered":"Kylpyhuonekalustesetti laatikon kanssa hyllyll\u00e4 VIGO 2 pcs"},"content":{"rendered":"<p>T\u00e4m\u00e4 Rustiikkinen Kylpyhuonekalustesarja tuo yhteen huippuosaamisen ja rustiikkisen vieh\u00e4tyksen. Se on t\u00e4ydellinen lis\u00e4 mihin tahansa kylpyhuoneeseen, jos haluat kodikasta ja luonnonl\u00e4heist\u00e4 tunnelmaa. Kokoelma tarjoaa kauniin yhdistelm\u00e4n esteettist\u00e4 kauneutta ja k\u00e4yt\u00e4nn\u00f6llist\u00e4 muotoilua, joten se ei vain n\u00e4yt\u00e4 hyv\u00e4lt\u00e4, vaan my\u00f6s vastaa s\u00e4ilytystarpeisiin.<\/p>\n<ul>\n<li><b>Materiaalit:<\/b> T\u00e4ysm\u00e4nty ja insin\u00f6\u00f6ripuu yhdist\u00e4v\u00e4t m\u00e4nnyn voiman ja kauneuden insin\u00f6\u00f6ripuun vakauteen. N\u00e4m\u00e4 materiaalit on valittu niiden kest\u00e4vyytens\u00e4 vuoksi, joten saat pitk\u00e4\u00e4n kest\u00e4v\u00e4n ja upeasti n\u00e4ytt\u00e4v\u00e4n kalusteen.<\/li>\n<li><b>Sis\u00e4lt\u00f6:<\/b> Sarja sis\u00e4lt\u00e4\u00e4 sein\u00e4lle kiinnitett\u00e4v\u00e4n n\u00e4yttelykaapin ja kylpyhuonekaapin. Molemmissa on paljon tilaa, jotta kylpyhuoneen tarvikkeet pysyv\u00e4t j\u00e4rjestyksess\u00e4 ja saatavilla. Yhdess\u00e4 ne tekev\u00e4t kylpp\u00e4rist\u00e4si tilavamman ja lis\u00e4\u00e4v\u00e4t rustiikkista tunnelmaa.<\/li>\n<li><b>Ominaisuudet \/Toiminta \/Suunnittelu:<\/b> Sein\u00e4kiinnitett\u00e4v\u00e4 malli s\u00e4\u00e4st\u00e4\u00e4 tilaa, mik\u00e4 on ideaalia pienille kylpyhuoneille. Nostamalla p\u00e4\u00e4komponentit, se vapauttaa lattiatilaa, jolloin kylpyhuoneesi pysyy siistin\u00e4.<\/li>\n<li><b>Suositellut k\u00e4ytt\u00f6tarkoitukset:<\/b> T\u00e4m\u00e4 sarja tuo autenttista rustiikkista charmia sek\u00e4 kaupunki- ett\u00e4 esikaupunkikylpyhuoneisiin. Se lis\u00e4\u00e4 maalaishenkist\u00e4 tunnelmaa, mik\u00e4 tekee siit\u00e4 erinomaisen valinnan kodikkaasta ilmasta ja k\u00e4yt\u00e4nn\u00f6llisist\u00e4 s\u00e4ilytysratkaisuista nauttiville.<\/li>\n<li><b>Huolto &amp; Yll\u00e4pito:<\/b> Pid\u00e4 kylpyhuonekalusteesi kunnossa noudattamalla helppoja ohjeita; pyyhi kuivalla liinalla ja v\u00e4lt\u00e4 hankaavia pesuaineita. Huolellinen k\u00e4sittely auttaa pit\u00e4m\u00e4\u00e4n sarjan ulkon\u00e4\u00f6n ja kunnon pitk\u00e4\u00e4n.\n<ul>\n<li>V\u00e4ri: Valkoinen ja antiikkivalkoinen<\/li>\n<li>Materiaali: Massiivinen m\u00e4nty ja valmistettu puu<\/li>\n<li>Yleiset mitat: 37 x 34 x 150 cm (L x P x K)<\/li>\n<li>Paino: 16,3 kg<\/li>\n<li>S\u00e4ilytystila<\/li>\n<li>Maalaistunnelma<\/li>\n<li>Yhdell\u00e4 laatikolla<\/li>\n<li>5 hyllyill\u00e4<\/li>\n<li>1 ovella<\/li>\n<li>Vain sis\u00e4k\u00e4ytt\u00f6\u00f6n<\/li>\n<li>Toimitus-:<\/li>\n<li>1 x N\u00e4ytt\u00f6kaappi: 37.2 x 34 x 70 cm(PxLxK)<\/li>\n<li>1 x Kylpyhuonekaappi: 37.2 x 34 x 80 cm(PxLxK)<\/li>\n<li>Kokoonpano vaaditaan: Kyll\u00e4<\/li>\n<li>Alueen nimi: Vigo<\/li>\n<\/ul>\n","protected":false},"excerpt":{"rendered":"<ul>\n<li>V\u00e4ri: Valkoinen ja antiikkivalkoinen<\/li>\n<li>Materiaali: Massiivinen m\u00e4nty ja valmistettu puu<\/li>\n<li>Yleiset mitat: 37 x 34 x 150 cm (L x P x K)<\/li>\n<li>Paino: 16,3 kg<\/li>\n<li>S\u00e4ilytystila<\/li>\n<li>Maalaistunnelma<\/li>\n<li>Yhdell\u00e4 laatikolla<\/li>\n<li>5 hyllyill\u00e4<\/li>\n<li>1 ovella<\/li>\n<li>Vain sis\u00e4k\u00e4ytt\u00f6\u00f6n<\/li>\n<li>Toimitus-:<\/li>\n<li>1 x N\u00e4ytt\u00f6kaappi: 37.2 x 34 x 70 cm(PxLxK)<\/li>\n<li>1 x Kylpyhuonekaappi: 37.2 x 34 x 80 cm(PxLxK)<\/li>\n<li>Kokoonpano vaaditaan: Kyll\u00e4<\/li>\n<li>Alueen nimi: Vigo<\/li>\n<\/ul>\n","protected":false},"featured_media":100000160766,"comment_status":"closed","ping_status":"closed","template":"","meta":[],"product_brand":[],"product_cat":[84,8561,8562],"product_tag":[],"class_list":{"0":"post-160766","1":"product","2":"type-product","3":"status-publish","4":"has-post-thumbnail","6":"product_cat-huonekalut","7":"product_cat-kampauspoydat","8":"product_cat-kylpyhuoneen-kampauspoydat","10":"first","11":"instock","12":"taxable","13":"shipping-taxable","14":"purchasable","15":"product-type-simple"},"_links":{"self":[{"href":"https:\/\/www.otiumhome.fi\/index.php\/wp-json\/wp\/v2\/product\/160766","targetHints":{"allow":["GET"]}}],"collection":[{"href":"https:\/\/www.otiumhome.fi\/index.php\/wp-json\/wp\/v2\/product"}],"about":[{"href":"https:\/\/www.otiumhome.fi\/index.php\/wp-json\/wp\/v2\/types\/product"}],"replies":[{"embeddable":true,"href":"https:\/\/www.otiumhome.fi\/index.php\/wp-json\/wp\/v2\/comments?post=160766"}],"wp:featuredmedia":[{"embeddable":true,"href":"https:\/\/www.otiumhome.fi\/index.php\/wp-json\/"}],"wp:attachment":[{"href":"https:\/\/www.otiumhome.fi\/index.php\/wp-json\/wp\/v2\/media?parent=160766"}],"wp:term":[{"taxonomy":"product_brand","embeddable":true,"href":"https:\/\/www.otiumhome.fi\/index.php\/wp-json\/wp\/v2\/product_brand?post=160766"},{"taxonomy":"product_cat","embeddable":true,"href":"https:\/\/www.otiumhome.fi\/index.php\/wp-json\/wp\/v2\/product_cat?post=160766"},{"taxonomy":"product_tag","embeddable":true,"href":"https:\/\/www.otiumhome.fi\/index.php\/wp-json\/wp\/v2\/product_tag?post=160766"}],"curies":[{"name":"wp","href":"https:\/\/api.w.org\/{rel}","templated":true}]}}