{"id":160705,"date":"2025-07-26T21:21:35","date_gmt":"2025-07-26T21:21:35","guid":{"rendered":"https:\/\/www.otiumhome.fi\/?p=160705"},"modified":"2025-12-09T06:22:24","modified_gmt":"2025-12-09T06:22:24","slug":"kylpyhuonekalustesetti-laatikon-kanssa-3-pcs-antiikkivalkoinen","status":"publish","type":"product","link":"https:\/\/www.otiumhome.fi\/index.php\/tuote\/kylpyhuonekalustesetti-laatikon-kanssa-3-pcs-antiikkivalkoinen\/","title":{"rendered":"Kylpyhuonekalustesetti laatikon kanssa 3 pcs Antiikkivalkoinen"},"content":{"rendered":"<p>T\u00e4\u00e4 kylpyhuonekalustesetti yhdist\u00e4\u00e4 modernin muotoilun ja k\u00e4yt\u00e4nn\u00f6llisyyden. Se on tehty t\u00e4ysm\u00e4ntyisest\u00e4 puusta ja suorakaiteen muotoinen design k\u00e4ypi hyvin erilaisiin kylpyhuonetiloihin. Yksinkertaiset linjat ja minimalistinen tyyli luo rauhoittavan ja tyylikk\u00e4\u00e4n tunnelman. Olipa se s\u00e4ilytyksess\u00e4 tai vaan koristeena, sen tyylik\u00e4s ulkon\u00e4k\u00f6 ja kest\u00e4v\u00e4 rakenne tekee siit\u00e4 loistavan lis\u00e4n mihin tahansa kylpyhuoneeseen, parantaen sek\u00e4 ilmett\u00e4 ett\u00e4 k\u00e4ytett\u00e4vyytt\u00e4.<\/p>\n<ul>\n<li><b>T\u00e4ysm\u00e4ntyinen rakenne<\/b> T\u00e4ss\u00e4 kalustesetiss\u00e4 on k\u00e4ytetty korkealaatuista t\u00e4ysm\u00e4ntyist\u00e4 puuta, joka on tunnettu kest\u00e4vyydest\u00e4\u00e4n ja n\u00e4pp\u00e4r\u00e4st\u00e4 ulkon\u00e4\u00f6st\u00e4\u00e4n. Vankka rakenne takaa, ett\u00e4 setti kest\u00e4\u00e4 pitk\u00e4\u00e4 k\u00e4ytt\u00f6\u00e4 samalla kun estetiikka pysyy. Materiaalin luonnolliset kuviot ja l\u00e4mpim\u00e4t s\u00e4vyt luo rauhoittavan tunnelman, joka sopii moderniin sisustukseen, joka kaipaa luonnollista fiilist\u00e4.<\/li>\n<li><b>Moderni muotoilu<\/b> Selke\u00e4t linjat ja minimalistinen muotoilu kuvastaa nykyp\u00e4iv\u00e4n estetiikkaa, ja tekee setist\u00e4 t\u00e4ydellisen kylpyhuonesisustukseen. Sen tyylikkyys ja yksinkertaisuus sulautuu helposti eri tyyleihin. Setin yksinkertaisuus ei tingi tyylist\u00e4, vaan luo katseenvangitsijan huoneeseen.<\/li>\n<li><b>Vankat puuovet<\/b> Vahvojen puuovien ansiosta setti tarjoaa turvallisen s\u00e4ilytystilan kylpyhuoneen v\u00e4lineille. T\u00e4\u00e4 yhdist\u00e4\u00e4 k\u00e4yt\u00e4nn\u00f6llisyyden ja tyylin, pit\u00e4en sis\u00e4ll\u00f6n turvassa ja helposti saavutettavissa samalla kun se parantaa koko yksik\u00f6n visuaalista vieh\u00e4tysvoimaa. Puun luonnollinen vieh\u00e4tys ja kest\u00e4vyys lis\u00e4\u00e4v\u00e4t suunnitteluissa ripauksen hienostuneisuutta.<\/li>\n<li><b>K\u00e4yt\u00e4nn\u00f6llinen k\u00e4ytt\u00f6<\/b> Suunniteltu sis\u00e4tiloihin, t\u00e4\u00e4 kalustesetti tarjoaa paljon s\u00e4ilytystilaa, joten se mahdollistaa l\u00e4\u00e4kkeiden ja pyyhkeiden j\u00e4rjestelyn. K\u00e4yt\u00e4nn\u00f6llinen muotoilu tukee siisteytt\u00e4, tehden siit\u00e4 t\u00e4ydellisen s\u00e4ilytysratkaisun, joka pit\u00e4\u00e4 kylpyhuoneen j\u00e4rjestyksess\u00e4 ja helposti v\u00e4ltett\u00e4viss\u00e4.<\/li>\n<li><b>Helppo huolto<\/b> T\u00e4m\u00e4n setin hoito on vaivatonta; nopea pyyhint\u00e4 kuumalla liinalla pit\u00e4\u00e4 sen siistin\u00e4. T\u00e4\u00e4 alhainen huoltovaatimus varmistaa, ett\u00e4 setti pysyy luotettavana ja houkuttelevana vuodesta toiseen, tekem\u00e4ll\u00e4 arjen yll\u00e4pidosta helpompaa.<\/li>\n<\/ul>\n<ul>\n<li>V\u00e4ri: Antiikkivalkoinen<\/li>\n<li>Materiaali: Massiivinen m\u00e4nty<\/li>\n<li>Viimeistely: Rustiikkinen<\/li>\n<li>Yleiset mitat: 37,5 x 34 x 80 cm (P x L x K)<\/li>\n<li>Paino: 23,5 kg<\/li>\n<li>5 laatikoilla<\/li>\n<li>Peilill\u00e4<\/li>\n<li>Peilikoko: 55,5 x 5 x 70 cm (P x L x K)<\/li>\n<li>4 hyllyill\u00e4<\/li>\n<li>Mukana 3 lujat puukayt<\/li>\n<li>Vain sis\u00e4k\u00e4ytt\u00f6\u00f6n<\/li>\n<li>Toimitus-:<\/li>\n<li>1 x Pesualtaatiko: 68 x 34 x 59 cm (P x L x K)<\/li>\n<li>1 x Kylpyhuonekaappi: 37.5 x 34 x 80 cm (P x L x K)<\/li>\n<li>1 x Kylpyhuonekaappi: 37 x 34 x 110 cm (P x L x K)<\/li>\n<li>1 x Peili: 55.5 x 5 x 70 cm (P x L x K)<\/li>\n<li>Kokoonpano vaaditaan: Kyll\u00e4<\/li>\n<\/ul>\n","protected":false},"excerpt":{"rendered":"<ul>\n<li>V\u00e4ri: Antiikkivalkoinen<\/li>\n<li>Materiaali: Massiivinen m\u00e4nty<\/li>\n<li>Viimeistely: Rustiikkinen<\/li>\n<li>Yleiset mitat: 37,5 x 34 x 80 cm (P x L x K)<\/li>\n<li>Paino: 23,5 kg<\/li>\n<li>5 laatikoilla<\/li>\n<li>Peilill\u00e4<\/li>\n<li>Peilikoko: 55,5 x 5 x 70 cm (P x L x K)<\/li>\n<li>4 hyllyill\u00e4<\/li>\n<li>Mukana 3 lujat puukayt<\/li>\n<li>Vain sis\u00e4k\u00e4ytt\u00f6\u00f6n<\/li>\n<li>Toimitus-:<\/li>\n<li>1 x Pesualtaatiko: 68 x 34 x 59 cm (P x L x K)<\/li>\n<li>1 x Kylpyhuonekaappi: 37.5 x 34 x 80 cm (P x L x K)<\/li>\n<li>1 x Kylpyhuonekaappi: 37 x 34 x 110 cm (P x L x K)<\/li>\n<li>1 x Peili: 55.5 x 5 x 70 cm (P x L x K)<\/li>\n<li>Kokoonpano vaaditaan: Kyll\u00e4<\/li>\n<\/ul>\n","protected":false},"featured_media":100000160705,"comment_status":"closed","ping_status":"closed","template":"","meta":[],"product_brand":[],"product_cat":[84,8560],"product_tag":[],"class_list":{"0":"post-160705","1":"product","2":"type-product","3":"status-publish","4":"has-post-thumbnail","6":"product_cat-huonekalut","7":"product_cat-kylpyhuoneen-kalusteet","9":"first","10":"instock","11":"taxable","12":"shipping-taxable","13":"purchasable","14":"product-type-simple"},"_links":{"self":[{"href":"https:\/\/www.otiumhome.fi\/index.php\/wp-json\/wp\/v2\/product\/160705","targetHints":{"allow":["GET"]}}],"collection":[{"href":"https:\/\/www.otiumhome.fi\/index.php\/wp-json\/wp\/v2\/product"}],"about":[{"href":"https:\/\/www.otiumhome.fi\/index.php\/wp-json\/wp\/v2\/types\/product"}],"replies":[{"embeddable":true,"href":"https:\/\/www.otiumhome.fi\/index.php\/wp-json\/wp\/v2\/comments?post=160705"}],"wp:featuredmedia":[{"embeddable":true,"href":"https:\/\/www.otiumhome.fi\/index.php\/wp-json\/"}],"wp:attachment":[{"href":"https:\/\/www.otiumhome.fi\/index.php\/wp-json\/wp\/v2\/media?parent=160705"}],"wp:term":[{"taxonomy":"product_brand","embeddable":true,"href":"https:\/\/www.otiumhome.fi\/index.php\/wp-json\/wp\/v2\/product_brand?post=160705"},{"taxonomy":"product_cat","embeddable":true,"href":"https:\/\/www.otiumhome.fi\/index.php\/wp-json\/wp\/v2\/product_cat?post=160705"},{"taxonomy":"product_tag","embeddable":true,"href":"https:\/\/www.otiumhome.fi\/index.php\/wp-json\/wp\/v2\/product_tag?post=160705"}],"curies":[{"name":"wp","href":"https:\/\/api.w.org\/{rel}","templated":true}]}}