{"id":160687,"date":"2025-07-26T21:20:28","date_gmt":"2025-07-26T21:20:28","guid":{"rendered":"https:\/\/www.otiumhome.fi\/?p=160687"},"modified":"2025-12-09T05:47:53","modified_gmt":"2025-12-09T05:47:53","slug":"poyta-hyllylla-harmaa-sonoma-122-x-67-x-145-cm-tekninen-puu","status":"publish","type":"product","link":"https:\/\/www.otiumhome.fi\/index.php\/tuote\/poyta-hyllylla-harmaa-sonoma-122-x-67-x-145-cm-tekninen-puu\/","title":{"rendered":"P\u00f6yt\u00e4 hyllyll\u00e4 Harmaa Sonoma 122 x 67 x 145 cm Tekninen puu"},"content":{"rendered":"<p>T\u00e4m\u00e4 moderni kirjoitusp\u00f6yt\u00e4, jossa on sis\u00e4\u00e4nrakennettua s\u00e4ilytystilaa, on t\u00e4ydellinen kun haluat kirjoittaa, ty\u00f6skennell\u00e4 tai vain j\u00e4rjestell\u00e4 toimistotarvikkeita. Sen tyylik\u00e4s muotoilu istuu t\u00e4ydellisesti monenlaisiin sisustustyyleihin, olitpa sitten modernin tai perinteisen ilmeen yst\u00e4v\u00e4. Tehty kest\u00e4v\u00e4st\u00e4 teknisest\u00e4 puusta, smooth pinta tarjoaa mukavan ja tilavan alueen kaikkeen.<\/p>\n<ul>\n<li><b>Huippulaatuinen tekninen puu:<\/b> Valmistettu laatupuisesta teknisest\u00e4 poldista, t\u00e4m\u00e4 p\u00f6yt\u00e4 on sile\u00e4pintainen, n\u00e4ytt\u00e4\u00e4 tosi hyv\u00e4lt\u00e4 ja kest\u00e4v\u00e4. Se k\u00e4y mainiosti kaikkiin kirjoitus- ja opiskelutarpeisiin ja kest\u00e4\u00e4 p\u00e4ivitt\u00e4ist\u00e4 k\u00e4ytt\u00f6\u00e4.<\/li>\n<li><b>K\u00e4tev\u00e4 hylly:<\/b> T\u00e4ss\u00e4 p\u00f6yd\u00e4ss\u00e4 on hyllyj\u00e4, joista on helppo napata kirjoja, tarvikkeita ja muita ty\u00f6v\u00e4lineit\u00e4. Ne pit\u00e4\u00e4 kaiken j\u00e4rjestyksess\u00e4 ja n\u00e4ytt\u00e4\u00e4 silti tyylikk\u00e4\u00e4lt\u00e4.<\/li>\n<li><b>Runsaasti s\u00e4ilytystilaa:<\/b> Tykk\u00e4\u00e4tk\u00f6 pit\u00e4\u00e4 asiat j\u00e4rjestyksess\u00e4? Silloin n\u00e4\u00e4 useat lokeroita ovat just sulle! Ne pit\u00e4\u00e4 kaaoksen kurissa ja auttaa keskittym\u00e4\u00e4n olennaiseen.<\/li>\n<li><b>Moderni minimalistinen tyyli:<\/b> Siistien linjojen ja yksinkertaisen muotoilun ansiosta t\u00e4m\u00e4 p\u00f6yt\u00e4 sopii jokaiseen sisustukseen, riippumatta siit\u00e4, onko se trendik\u00e4s loft-tila vai kotoisa opiskelutila. Se on t\u00e4ydellinen valinta niille, jotka arvostaa k\u00e4yt\u00e4nn\u00f6llisyytt\u00e4 ja tyyli\u00e4.<\/li>\n<li><b>Selke\u00e4t kokoamisohjeet:<\/b> Mukana on selke\u00e4t kokoamisohjeet, joten sen kokoaminen k\u00e4y helposti. Suositellaan kiinnitt\u00e4m\u00e4\u00e4n se sein\u00e4\u00e4n ylim\u00e4\u00e4r\u00e4isen turvallisuuden vuoksi osana kaatumisenestoa.<\/li>\n<\/ul>\n<ul>\n<li>V\u00e4ri: Harmaa sonoma<\/li>\n<li>Materiaali: Tekninen puu<\/li>\n<li>Yleiset mitat: 122 x 67 x 145 cm (P x L x K)<\/li>\n<li>Paino: 20,15 kg<\/li>\n<li>Kest\u00e4v\u00e4<\/li>\n<li>2 hyllyill\u00e4<\/li>\n<li>Kehysmateriaali: Tekninen puu<\/li>\n<li>Sis\u00e4- \/ ulkotiloissa: Vain sis\u00e4k\u00e4ytt\u00f6\u00f6n<\/li>\n<li>Toimitus-:<\/li>\n<li>1 x p\u00f6yt\u00e4<\/li>\n<li>Kokoonpano vaaditaan: Kyll\u00e4<\/li>\n<\/ul>\n","protected":false},"excerpt":{"rendered":"<ul>\n<li>V\u00e4ri: Harmaa sonoma<\/li>\n<li>Materiaali: Tekninen puu<\/li>\n<li>Yleiset mitat: 122 x 67 x 145 cm (P x L x K)<\/li>\n<li>Paino: 20,15 kg<\/li>\n<li>Kest\u00e4v\u00e4<\/li>\n<li>2 hyllyill\u00e4<\/li>\n<li>Kehysmateriaali: Tekninen puu<\/li>\n<li>Sis\u00e4- \/ ulkotiloissa: Vain sis\u00e4k\u00e4ytt\u00f6\u00f6n<\/li>\n<li>Toimitus-:<\/li>\n<li>1 x p\u00f6yt\u00e4<\/li>\n<li>Kokoonpano vaaditaan: Kyll\u00e4<\/li>\n<\/ul>\n","protected":false},"featured_media":100000160687,"comment_status":"closed","ping_status":"closed","template":"","meta":[],"product_brand":[],"product_cat":[84,8551],"product_tag":[],"class_list":{"0":"post-160687","1":"product","2":"type-product","3":"status-publish","4":"has-post-thumbnail","6":"product_cat-huonekalut","7":"product_cat-kirjoituspoydat","9":"first","10":"instock","11":"taxable","12":"shipping-taxable","13":"purchasable","14":"product-type-simple"},"_links":{"self":[{"href":"https:\/\/www.otiumhome.fi\/index.php\/wp-json\/wp\/v2\/product\/160687","targetHints":{"allow":["GET"]}}],"collection":[{"href":"https:\/\/www.otiumhome.fi\/index.php\/wp-json\/wp\/v2\/product"}],"about":[{"href":"https:\/\/www.otiumhome.fi\/index.php\/wp-json\/wp\/v2\/types\/product"}],"replies":[{"embeddable":true,"href":"https:\/\/www.otiumhome.fi\/index.php\/wp-json\/wp\/v2\/comments?post=160687"}],"wp:featuredmedia":[{"embeddable":true,"href":"https:\/\/www.otiumhome.fi\/index.php\/wp-json\/"}],"wp:attachment":[{"href":"https:\/\/www.otiumhome.fi\/index.php\/wp-json\/wp\/v2\/media?parent=160687"}],"wp:term":[{"taxonomy":"product_brand","embeddable":true,"href":"https:\/\/www.otiumhome.fi\/index.php\/wp-json\/wp\/v2\/product_brand?post=160687"},{"taxonomy":"product_cat","embeddable":true,"href":"https:\/\/www.otiumhome.fi\/index.php\/wp-json\/wp\/v2\/product_cat?post=160687"},{"taxonomy":"product_tag","embeddable":true,"href":"https:\/\/www.otiumhome.fi\/index.php\/wp-json\/wp\/v2\/product_tag?post=160687"}],"curies":[{"name":"wp","href":"https:\/\/api.w.org\/{rel}","templated":true}]}}