{"id":160679,"date":"2025-07-26T21:20:22","date_gmt":"2025-07-26T21:20:22","guid":{"rendered":"https:\/\/www.otiumhome.fi\/?p=160679"},"modified":"2025-12-09T05:47:50","modified_gmt":"2025-12-09T05:47:50","slug":"kulmapoyta-harmaa-sonoma-1015-x-1495-x-1495-cm-tekninen-puu","status":"publish","type":"product","link":"https:\/\/www.otiumhome.fi\/index.php\/tuote\/kulmapoyta-harmaa-sonoma-1015-x-1495-x-1495-cm-tekninen-puu\/","title":{"rendered":"Kulmap\u00f6yt\u00e4 Harmaa Sonoma 101,5 x 149,5 x 149,5 cm Tekninen puu"},"content":{"rendered":"<p>T\u00e4\u00e4 kulmap\u00f6yt\u00e4 on fiksu valinta ty\u00f6tilan optimointiin \u2013 toimii loistavasti kotitoimistossa tai opiskeluhuoneessa. Sen muotoilu on moderni ja yhdist\u00e4\u00e4 k\u00e4tev\u00e4sti yksinkertaisuuden ja toiminnallisuuden, jotta voit parantaa tuottavuuttasi. P\u00f6yd\u00e4ss\u00e4 on selke\u00e4t linjat ja hieno, sile\u00e4 pinta, joka tuo nykyaikaisen tunnelman, joka on sek\u00e4 k\u00e4yt\u00e4nn\u00f6llinen ett\u00e4 kaunis. Kulmaan muotoiltuna se s\u00e4\u00e4st\u00e4\u00e4 tilaa ja on ihanteellinen ahtaissa paikoissa, samalla kun se tarjoaa hyv\u00e4n tilan useille n\u00e4yt\u00f6ille tai ty\u00f6pisteille.<\/p>\n<ul>\n<li><b>Tekninen puumateriaali<\/b> T\u00e4m\u00e4 p\u00f6yt\u00e4 on valmistettu laadukkaasta teknisest\u00e4 puusta, mik\u00e4 takaa pitk\u00e4ik\u00e4isyyden ja vakauden. Sen tukeva rakenne kest\u00e4\u00e4 hyvin erilaisia toimiston haasteita ja pysyy tyylikk\u00e4\u00e4n\u00e4 naarmuuntumisen ja helpon hoidon ansiosta.<\/li>\n<li><b>Runsaasti s\u00e4ilytystilaa<\/b> T\u00e4ss\u00e4 p\u00f6yd\u00e4ss\u00e4 on paljon s\u00e4ilytysvaihtoehtoja, sill\u00e4 siin\u00e4 on hyllyj\u00e4, mitk\u00e4 helpottavat ty\u00f6tilan j\u00e4rjest\u00e4mist\u00e4. Kirjat, paperit ja toimistotarvikkeet mahtuvat hyvin, joten kaikki on helposti ulottuvilla ilman, ett\u00e4 ty\u00f6p\u00f6yt\u00e4 tukkeutuu.<\/li>\n<li><b>Muokattava asetelma<\/b> Siin\u00e4 on kaksi eri kokoamisvaihtoehtoa, joten voit mukauttaa sen tilan ja tarpeen mukaan. Jos kaipaat enemm\u00e4n ty\u00f6tilaa tai hyllyj\u00e4, vaihtoehdot tekev\u00e4t t\u00e4st\u00e4 p\u00f6yd\u00e4st\u00e4 muunneltavan mist\u00e4 tahansa toimistotilasta.<\/li>\n<li><b>Turvallinen ja vakaa<\/b> K\u00e4yt\u00f6st\u00e4 kaatumisriskit on minimoinut mukana tuleva sein\u00e4kiinnitys. Se on t\u00e4rke\u00e4 turvallisuusominaisuus, erityisesti paikoissa, joissa turvallisuus on ensisijaisen t\u00e4rke\u00e4\u00e4.<\/li>\n<li><b>Helppo hoito<\/b> Yksinkertaiset hoito-ohjeet ovat hyvi\u00e4: v\u00e4lt\u00e4 vahvoja kemikaaleja puhdistuksessa. Kuiva liina riitt\u00e4\u00e4, jotta pinta pysyy puhtaana ja s\u00e4ilytt\u00e4\u00e4 niin p\u00f6yd\u00e4n toiminnallisuuden kuin tyylikkyyden vuosien ajan.<\/li>\n<\/ul>\n<ul>\n<li>V\u00e4ri: Harmaa sonoma<\/li>\n<li>Materiaali: Tekninen puu<\/li>\n<li>Yleiset mitat: 149,5 x 101,5 x 149,5 cm (P x L x K)<\/li>\n<li>Paino: 20,2 kg<\/li>\n<li>Kest\u00e4v\u00e4<\/li>\n<li>Hyllyll\u00e4<\/li>\n<li>Kehysmateriaali: Tekninen puu<\/li>\n<li>Sis\u00e4- \/ ulkotiloissa: Vain sis\u00e4k\u00e4ytt\u00f6\u00f6n<\/li>\n<li>Toimitus-:<\/li>\n<li>1 x Kulmap\u00f6yt\u00e4<\/li>\n<li>Kokoonpano vaaditaan: Kyll\u00e4<\/li>\n<\/ul>\n","protected":false},"excerpt":{"rendered":"<ul>\n<li>V\u00e4ri: Harmaa sonoma<\/li>\n<li>Materiaali: Tekninen puu<\/li>\n<li>Yleiset mitat: 149,5 x 101,5 x 149,5 cm (P x L x K)<\/li>\n<li>Paino: 20,2 kg<\/li>\n<li>Kest\u00e4v\u00e4<\/li>\n<li>Hyllyll\u00e4<\/li>\n<li>Kehysmateriaali: Tekninen puu<\/li>\n<li>Sis\u00e4- \/ ulkotiloissa: Vain sis\u00e4k\u00e4ytt\u00f6\u00f6n<\/li>\n<li>Toimitus-:<\/li>\n<li>1 x Kulmap\u00f6yt\u00e4<\/li>\n<li>Kokoonpano vaaditaan: Kyll\u00e4<\/li>\n<\/ul>\n","protected":false},"featured_media":100000160679,"comment_status":"closed","ping_status":"closed","template":"","meta":[],"product_brand":[],"product_cat":[84,8551],"product_tag":[],"class_list":{"0":"post-160679","1":"product","2":"type-product","3":"status-publish","4":"has-post-thumbnail","6":"product_cat-huonekalut","7":"product_cat-kirjoituspoydat","9":"first","10":"instock","11":"taxable","12":"shipping-taxable","13":"purchasable","14":"product-type-simple"},"_links":{"self":[{"href":"https:\/\/www.otiumhome.fi\/index.php\/wp-json\/wp\/v2\/product\/160679","targetHints":{"allow":["GET"]}}],"collection":[{"href":"https:\/\/www.otiumhome.fi\/index.php\/wp-json\/wp\/v2\/product"}],"about":[{"href":"https:\/\/www.otiumhome.fi\/index.php\/wp-json\/wp\/v2\/types\/product"}],"replies":[{"embeddable":true,"href":"https:\/\/www.otiumhome.fi\/index.php\/wp-json\/wp\/v2\/comments?post=160679"}],"wp:featuredmedia":[{"embeddable":true,"href":"https:\/\/www.otiumhome.fi\/index.php\/wp-json\/"}],"wp:attachment":[{"href":"https:\/\/www.otiumhome.fi\/index.php\/wp-json\/wp\/v2\/media?parent=160679"}],"wp:term":[{"taxonomy":"product_brand","embeddable":true,"href":"https:\/\/www.otiumhome.fi\/index.php\/wp-json\/wp\/v2\/product_brand?post=160679"},{"taxonomy":"product_cat","embeddable":true,"href":"https:\/\/www.otiumhome.fi\/index.php\/wp-json\/wp\/v2\/product_cat?post=160679"},{"taxonomy":"product_tag","embeddable":true,"href":"https:\/\/www.otiumhome.fi\/index.php\/wp-json\/wp\/v2\/product_tag?post=160679"}],"curies":[{"name":"wp","href":"https:\/\/api.w.org\/{rel}","templated":true}]}}