{"id":160663,"date":"2025-07-26T21:02:49","date_gmt":"2025-07-26T21:02:49","guid":{"rendered":"https:\/\/www.otiumhome.fi\/?p=160663"},"modified":"2025-07-31T20:15:28","modified_gmt":"2025-07-31T20:15:28","slug":"tyopoyta-kaapilla-savutammi-tekninen-puu","status":"publish","type":"product","link":"https:\/\/www.otiumhome.fi\/index.php\/tuote\/tyopoyta-kaapilla-savutammi-tekninen-puu\/","title":{"rendered":"Ty\u00f6p\u00f6yt\u00e4 kaapilla savutammi tekninen puu"},"content":{"rendered":"<p>K\u00e4yt\u00e4 t\u00e4t\u00e4 kaapillista ty\u00f6p\u00f6yt\u00e4\u00e4 lis\u00e4t\u00e4ksesi tyylik\u00e4st\u00e4 charmia opiskelu- tai ty\u00f6tiloihisi.<\/p>\n<\/p>\n<ul>\n<li>Kest\u00e4v\u00e4 materiaali: Tekninen puu on poikkeuksellisen laadukasta ja sile\u00e4pintaista. Se on luja, vakaa ja kosteudelle vastustuskykyinen.<\/li>\n<li>Runsaasti s\u00e4ilytystilaa: Toimistop\u00f6yt\u00e4 ja kaapit tarjoavat reilusti tilaa erilaisten kirjojen, lehtien, kansioiden ja muiden tarpeellisten tavaroiden j\u00e4rjestyksess\u00e4 ja k\u00e4den ulottuvilla pit\u00e4miseen.<\/li>\n<li> Esittelymahdollisuus: Voit asettaa s\u00e4ilytyskaapin p\u00e4\u00e4lle my\u00f6s suosikkikuvasi, koristeesi tai kukkasi tuomaan kauneutta ymp\u00e4rist\u00f6\u00f6si.<\/li>\n<\/ul>\n<p>Hyv\u00e4 tiet\u00e4\u00e4:<\/p>\n<ul>\n<li>Jotta kokoaminen olisi mahdollisimman helppoa, jokainen tuote toimitetaan ohjekirjan kanssa.<\/li>\n<\/ul>\n<p>Varoitus:<\/p>\n<ul>\n<li>Kaatumisen est\u00e4miseksi on t\u00e4t\u00e4 tuotetta k\u00e4ytett\u00e4v\u00e4 mukana toimitettavan sein\u00e4kiinnityslaitteen kanssa.<\/li>\n<\/ul>\n<ul>\n<li>V\u00e4ri: savutammi<\/li>\n<li>Materiaali: tekninen puu<\/li>\n<li>Kokonaismitat: 154,5 x 50 x 75 cm (P x L x K) <\/li>\n<li><strong>Toimitus sis\u00e4lt\u00e4\u00e4:<\/strong><\/li>\n<li>1 x ty\u00f6p\u00f6yt\u00e4<\/li>\n<li>1 x kaappi<\/li>\n<\/ul>\n","protected":false},"excerpt":{"rendered":"<ul>\n<li>V\u00e4ri: savutammi<\/li>\n<li>Materiaali: tekninen puu<\/li>\n<li>Kokonaismitat: 154,5 x 50 x 75 cm (P x L x K) <\/li>\n<li><strong>Toimitus sis\u00e4lt\u00e4\u00e4:<\/strong><\/li>\n<li>1 x ty\u00f6p\u00f6yt\u00e4<\/li>\n<li>1 x kaappi<\/li>\n<\/ul>\n","protected":false},"featured_media":100000160663,"comment_status":"closed","ping_status":"closed","template":"","meta":[],"product_brand":[],"product_cat":[84,8551],"product_tag":[],"class_list":{"0":"post-160663","1":"product","2":"type-product","3":"status-publish","4":"has-post-thumbnail","6":"product_cat-huonekalut","7":"product_cat-kirjoituspoydat","9":"first","10":"instock","11":"taxable","12":"shipping-taxable","13":"purchasable","14":"product-type-simple"},"_links":{"self":[{"href":"https:\/\/www.otiumhome.fi\/index.php\/wp-json\/wp\/v2\/product\/160663","targetHints":{"allow":["GET"]}}],"collection":[{"href":"https:\/\/www.otiumhome.fi\/index.php\/wp-json\/wp\/v2\/product"}],"about":[{"href":"https:\/\/www.otiumhome.fi\/index.php\/wp-json\/wp\/v2\/types\/product"}],"replies":[{"embeddable":true,"href":"https:\/\/www.otiumhome.fi\/index.php\/wp-json\/wp\/v2\/comments?post=160663"}],"wp:featuredmedia":[{"embeddable":true,"href":"https:\/\/www.otiumhome.fi\/index.php\/wp-json\/"}],"wp:attachment":[{"href":"https:\/\/www.otiumhome.fi\/index.php\/wp-json\/wp\/v2\/media?parent=160663"}],"wp:term":[{"taxonomy":"product_brand","embeddable":true,"href":"https:\/\/www.otiumhome.fi\/index.php\/wp-json\/wp\/v2\/product_brand?post=160663"},{"taxonomy":"product_cat","embeddable":true,"href":"https:\/\/www.otiumhome.fi\/index.php\/wp-json\/wp\/v2\/product_cat?post=160663"},{"taxonomy":"product_tag","embeddable":true,"href":"https:\/\/www.otiumhome.fi\/index.php\/wp-json\/wp\/v2\/product_tag?post=160663"}],"curies":[{"name":"wp","href":"https:\/\/api.w.org\/{rel}","templated":true}]}}