{"id":160546,"date":"2025-07-26T20:47:47","date_gmt":"2025-07-26T20:47:47","guid":{"rendered":"https:\/\/www.otiumhome.fi\/?p=160546"},"modified":"2025-07-27T15:24:00","modified_gmt":"2025-07-27T15:24:00","slug":"kirjahylly-vanha-puu-63x20x90-cm-tekninen-puu","status":"publish","type":"product","link":"https:\/\/www.otiumhome.fi\/index.php\/tuote\/kirjahylly-vanha-puu-63x20x90-cm-tekninen-puu\/","title":{"rendered":"Kirjahylly vanha puu 63x20x90 cm tekninen puu"},"content":{"rendered":"<p>Nykyaikainen kirjahylly yhdist\u00e4\u00e4 geometriset muodot ja s\u00e4ilytystilan, t\u00e4ydellinen tilasi j\u00e4rjest\u00e4miseen tyylill\u00e4!<\/p>\n<\/p>\n<ul>\n<li>Vakaa ja kest\u00e4v\u00e4 materiaali: Tekninen puu on kest\u00e4v\u00e4 ja vakaa materiaali, jonka sile\u00e4 pinta kest\u00e4\u00e4 kosteutta, v\u00e4\u00e4ntymist\u00e4 ja halkeilua, joten se on luotettava valinta erilaisiin projekteihin.<\/li>\n<li>Runsaasti s\u00e4ilytystilaa: Erikokoisten lokeroiden ansiosta t\u00e4m\u00e4 kirjahylly tarjoaa joustavia s\u00e4ilytysvaihtoehtoja erimuotoisille ja -kokoisille tavaroille.<\/li>\n<li>Joustavat sijoitusvaihtoehdot: Hylly-yksikk\u00f6 voidaan sijoittaa joko leveydelt\u00e4\u00e4n tai korkeudeltaan maahan, mik\u00e4 tarjoaa monipuolisia huoneen j\u00e4rjestelyvaihtoehtoja.<\/li>\n<li>Laajat k\u00e4ytt\u00f6tarkoitukset: Esittelyhylly\u00e4 voidaan k\u00e4ytt\u00e4\u00e4 my\u00f6s tilanjakajana, joka sopii mink\u00e4 tahansa tyyliseen huoneeseen. Voit sijoittaa sen olohuoneeseen koristeiden esittelyyn, ty\u00f6huoneeseen kirjojen ja asiakirjojen s\u00e4ilytykseen, makuuhuoneeseen jokap\u00e4iv\u00e4isten tavaroiden s\u00e4ilytt\u00e4mist\u00e4 varten ja kellariin pullojen ja purnukoiden s\u00e4ilytt\u00e4miseen.<\/li>\n<li>Helppo hoitaa: Sile\u00e4n pinnan ansiosta kirjahylly on helppo puhdistaa kostealla liinalla ja se tarvitsee vain v\u00e4h\u00e4ist\u00e4 huoltoa.<\/li>\n<\/ul>\n<p>Varoitus:<\/p>\n<ul>\n<li>Kaatumisen est\u00e4miseksi t\u00e4t\u00e4 tuotetta on k\u00e4ytett\u00e4v\u00e4 mukana toimitetun sein\u00e4kiinnityslaitteen kanssa.<\/li>\n<\/ul>\n<p>Hyv\u00e4 tiet\u00e4\u00e4:<\/p>\n<ul>\n<li>Sein\u00e4\u00e4n kiinnitett\u00e4v\u00e4t ruuvit ja tulpat eiv\u00e4t sis\u00e4lly toimitukseen. Suosittelemme sinua etsim\u00e4\u00e4n ja k\u00e4ytt\u00e4m\u00e4\u00e4n sein\u00e4\u00e4si sopivia ruuveja ja tulppia. Jos olet ep\u00e4varma, kysy ammattilaisen neuvoa. Ole hyv\u00e4 ja lue kaikki ohjeet<\/li>\n<\/ul>\n<ul>\n<li>V\u00e4ri: Vanha puu<\/li>\n<li>Materiaali: Tekninen puu<\/li>\n<li>Kokonaismitat: 63 x 20 x 90 cm (L x S x K)<\/li>\n<li>Lokeroiden lukum\u00e4\u00e4r\u00e4: 7<\/li>\n<li>Kokonaiskantavuus: 60 kg<\/li>\n<li>Asennus vaaditaan: Kyll\u00e4<\/li>\n<li>Legal Documents:\n<p><span>Lis\u00e4tietoja huonekalujesi kaatumisen est\u00e4misest\u00e4 voit l\u00f6yt\u00e4\u00e4 <span style=\"text-decoration: underline\"><strong><a title=\"https:\/\/bit.ly\/3bVwkQp\" href=\"https:\/\/bit.ly\/3bVwkQp\" target=\"_blank\">t\u00e4\u00e4lt\u00e4<\/a><\/strong><\/span><\/span><\/p>\n<\/li>\n<\/ul>\n","protected":false},"excerpt":{"rendered":"<ul>\n<li>V\u00e4ri: Vanha puu<\/li>\n<li>Materiaali: Tekninen puu<\/li>\n<li>Kokonaismitat: 63 x 20 x 90 cm (L x S x K)<\/li>\n<li>Lokeroiden lukum\u00e4\u00e4r\u00e4: 7<\/li>\n<li>Kokonaiskantavuus: 60 kg<\/li>\n<li>Asennus vaaditaan: Kyll\u00e4<\/li>\n<li>Legal Documents:\n<p><span>Lis\u00e4tietoja huonekalujesi kaatumisen est\u00e4misest\u00e4 voit l\u00f6yt\u00e4\u00e4 <span style=\"text-decoration: underline\"><strong><a title=\"https:\/\/bit.ly\/3bVwkQp\" href=\"https:\/\/bit.ly\/3bVwkQp\" target=\"_blank\">t\u00e4\u00e4lt\u00e4<\/a><\/strong><\/span><\/span><\/p>\n<\/li>\n<\/ul>\n","protected":false},"featured_media":100000160546,"comment_status":"closed","ping_status":"closed","template":"","meta":[],"product_brand":[],"product_cat":[84,8547],"product_tag":[],"class_list":{"0":"post-160546","1":"product","2":"type-product","3":"status-publish","4":"has-post-thumbnail","6":"product_cat-huonekalut","7":"product_cat-kirjahyllyt","9":"first","10":"instock","11":"taxable","12":"shipping-taxable","13":"purchasable","14":"product-type-simple"},"_links":{"self":[{"href":"https:\/\/www.otiumhome.fi\/index.php\/wp-json\/wp\/v2\/product\/160546","targetHints":{"allow":["GET"]}}],"collection":[{"href":"https:\/\/www.otiumhome.fi\/index.php\/wp-json\/wp\/v2\/product"}],"about":[{"href":"https:\/\/www.otiumhome.fi\/index.php\/wp-json\/wp\/v2\/types\/product"}],"replies":[{"embeddable":true,"href":"https:\/\/www.otiumhome.fi\/index.php\/wp-json\/wp\/v2\/comments?post=160546"}],"wp:featuredmedia":[{"embeddable":true,"href":"https:\/\/www.otiumhome.fi\/index.php\/wp-json\/"}],"wp:attachment":[{"href":"https:\/\/www.otiumhome.fi\/index.php\/wp-json\/wp\/v2\/media?parent=160546"}],"wp:term":[{"taxonomy":"product_brand","embeddable":true,"href":"https:\/\/www.otiumhome.fi\/index.php\/wp-json\/wp\/v2\/product_brand?post=160546"},{"taxonomy":"product_cat","embeddable":true,"href":"https:\/\/www.otiumhome.fi\/index.php\/wp-json\/wp\/v2\/product_cat?post=160546"},{"taxonomy":"product_tag","embeddable":true,"href":"https:\/\/www.otiumhome.fi\/index.php\/wp-json\/wp\/v2\/product_tag?post=160546"}],"curies":[{"name":"wp","href":"https:\/\/api.w.org\/{rel}","templated":true}]}}