{"id":160531,"date":"2025-07-26T20:17:30","date_gmt":"2025-07-26T20:17:30","guid":{"rendered":"https:\/\/www.otiumhome.fi\/?p=160531"},"modified":"2025-12-09T05:05:50","modified_gmt":"2025-12-09T05:05:50","slug":"kirjahylly-musta-tammi-1375-x-29-x-1375-cm-tekninen-puu","status":"publish","type":"product","link":"https:\/\/www.otiumhome.fi\/index.php\/tuote\/kirjahylly-musta-tammi-1375-x-29-x-1375-cm-tekninen-puu\/","title":{"rendered":"Kirjahylly Musta tammi. 137,5 x 29 x 137,5 cm Tekninen puu"},"content":{"rendered":"<p>T\u00e4m\u00e4 moderni s\u00e4ilytysyksikk\u00f6 on t\u00e4ydellinen yhdistelm\u00e4 tyylik\u00e4st\u00e4 muotoilua ja k\u00e4yt\u00e4nn\u00f6llisyytt\u00e4. Irtonaisena se erottuu joukosta ja sopii t\u00e4ydellisesti nykyisiin olohuoneisiin ja ty\u00f6huoneisiin. Kest\u00e4v\u00e4 tekninen puu tuo runsaasti s\u00e4ilytystilaa, mutta n\u00e4ytt\u00e4\u00e4 samalla minimalistiselta ja tyylikk\u00e4\u00e4lt\u00e4 \u2013 t\u00e4ydellinen vaihtoehto kirjafaneille ja sisustusintoilijoille.<\/p>\n<ul>\n<li><b>Materiaalit:<\/b> Valmistettu laadukkaasta teknisest\u00e4 puusta, n\u00e4\u00e4 hyllyt hoitaa hommansa ja n\u00e4ytt\u00e4\u00e4 viel\u00e4 hyv\u00e4lt\u00e4, jopa s\u00e4\u00e4nn\u00f6llisess\u00e4 k\u00e4yt\u00f6ss\u00e4. Tekninen puu takaa kest\u00e4vyyden, joten t\u00e4\u00e4 on luotettava valinta kaikille, jotka haluaa pit\u00e4\u00e4 tavaransa j\u00e4rjestyksess\u00e4.<\/li>\n<li><b>Lis\u00e4varusteet:<\/b> Kaikki tarvittava muut hommat on mietitty, ja t\u00e4\u00e4 kirjahylly tulee kaikkine asennusty\u00f6kaluineen. Lopputulos on vakaa ja tyylik\u00e4s, joten on helppo napata kirjat ja n\u00e4ytt\u00e4\u00e4 koristeita.<\/li>\n<li><b>Ominaisuudet \/ Toiminto \/ Muotoilu:<\/b> T\u00e4ss\u00e4 hyllyss\u00e4 on runsaasti tilaa, mik\u00e4 tekee siit\u00e4 k\u00e4yt\u00e4nn\u00f6llisen valinnan ker\u00e4ilij\u00f6ille ja kaikille, jotka haluaa pit\u00e4\u00e4 omaa olohuonettaan siistin\u00e4. Yksinkertainen muotoilu on t\u00e4ydellinen kaikenlaiseen sisustamiseen.<\/li>\n<li><b>Suositellut k\u00e4ytt\u00f6tavat:<\/b> Ihan paras olohuoneissa ja ty\u00f6tiloissa, t\u00e4\u00e4 yksikk\u00f6 voi toimia jakajana tai taustana, lis\u00e4ten tilan arvoa. Se j\u00e4rjest\u00e4\u00e4 kaikki kirjat ja pikkuesineet, pit\u00e4en asiat siistin\u00e4 samalla kun se n\u00e4ytt\u00e4\u00e4 hyv\u00e4lt\u00e4.<\/li>\n<li><b>Huolto &amp; yll\u00e4pito:<\/b> Pid\u00e4t sen raikkaana helposti; riitt\u00e4\u00e4, ett\u00e4 pyyhkii sen kostealla liinalla. T\u00e4\u00e4 helppo huoltorutiini takaa, ett\u00e4 kirjahylly kest\u00e4\u00e4 pitk\u00e4\u00e4n ja n\u00e4ytt\u00e4\u00e4 hyv\u00e4lle sek\u00e4 pit\u00e4\u00e4 rakenteen tukevana.<\/li>\n<\/ul>\n<ul>\n<li>V\u00e4ri: Musta tammi.<\/li>\n<li>Materiaali: Tekninen puu<\/li>\n<li>Yleiset mitat: 137,5 x 29 x 137,5 cm (P x L x K)<\/li>\n<li>16 hyllyill\u00e4<\/li>\n<li>S\u00e4ilytysm\u00e4\u00e4r\u00e4: 16<\/li>\n<li>Kest\u00e4v\u00e4<\/li>\n<li>Kokoonpano vaaditaan: Kyll\u00e4<\/li>\n<\/ul>\n","protected":false},"excerpt":{"rendered":"<ul>\n<li>V\u00e4ri: Musta tammi.<\/li>\n<li>Materiaali: Tekninen puu<\/li>\n<li>Yleiset mitat: 137,5 x 29 x 137,5 cm (P x L x K)<\/li>\n<li>16 hyllyill\u00e4<\/li>\n<li>S\u00e4ilytysm\u00e4\u00e4r\u00e4: 16<\/li>\n<li>Kest\u00e4v\u00e4<\/li>\n<li>Kokoonpano vaaditaan: Kyll\u00e4<\/li>\n<\/ul>\n","protected":false},"featured_media":100000160531,"comment_status":"closed","ping_status":"closed","template":"","meta":[],"product_brand":[],"product_cat":[84,8547],"product_tag":[],"class_list":{"0":"post-160531","1":"product","2":"type-product","3":"status-publish","4":"has-post-thumbnail","6":"product_cat-huonekalut","7":"product_cat-kirjahyllyt","9":"first","10":"instock","11":"taxable","12":"shipping-taxable","13":"purchasable","14":"product-type-simple"},"_links":{"self":[{"href":"https:\/\/www.otiumhome.fi\/index.php\/wp-json\/wp\/v2\/product\/160531","targetHints":{"allow":["GET"]}}],"collection":[{"href":"https:\/\/www.otiumhome.fi\/index.php\/wp-json\/wp\/v2\/product"}],"about":[{"href":"https:\/\/www.otiumhome.fi\/index.php\/wp-json\/wp\/v2\/types\/product"}],"replies":[{"embeddable":true,"href":"https:\/\/www.otiumhome.fi\/index.php\/wp-json\/wp\/v2\/comments?post=160531"}],"wp:featuredmedia":[{"embeddable":true,"href":"https:\/\/www.otiumhome.fi\/index.php\/wp-json\/"}],"wp:attachment":[{"href":"https:\/\/www.otiumhome.fi\/index.php\/wp-json\/wp\/v2\/media?parent=160531"}],"wp:term":[{"taxonomy":"product_brand","embeddable":true,"href":"https:\/\/www.otiumhome.fi\/index.php\/wp-json\/wp\/v2\/product_brand?post=160531"},{"taxonomy":"product_cat","embeddable":true,"href":"https:\/\/www.otiumhome.fi\/index.php\/wp-json\/wp\/v2\/product_cat?post=160531"},{"taxonomy":"product_tag","embeddable":true,"href":"https:\/\/www.otiumhome.fi\/index.php\/wp-json\/wp\/v2\/product_tag?post=160531"}],"curies":[{"name":"wp","href":"https:\/\/api.w.org\/{rel}","templated":true}]}}