{"id":160244,"date":"2025-07-21T18:52:29","date_gmt":"2025-07-21T18:52:29","guid":{"rendered":"https:\/\/www.otiumhome.fi\/?p=160244"},"modified":"2025-12-14T05:47:41","modified_gmt":"2025-12-14T05:47:41","slug":"5-osainen-baarisarja-valkoinen-ja-harmaa","status":"publish","type":"product","link":"https:\/\/www.otiumhome.fi\/index.php\/tuote\/5-osainen-baarisarja-valkoinen-ja-harmaa\/","title":{"rendered":"5-osainen Baarisarja valkoinen ja harmaa"},"content":{"rendered":"<p>Moderni ja nykyaikainen baarisarjamme sopii t\u00e4ydellisesti modernien koteihin, puutarhoihin, baareihin, pubeihin tai ravintoloihin. Sen puhdas ja nykyaikainen muotoilu t\u00e4ydent\u00e4\u00e4 mit\u00e4 tahansa sisustusta.<\/p>\n<\/p>\n<p>P\u00f6yt\u00e4levy on valmistettu helposti puhdistettavasta MDF:st\u00e4. Jauhemaalattu metallirunko lis\u00e4\u00e4 p\u00f6yd\u00e4n vakautta ja vankkuutta. Baarijakkaroissa on ergonomisesti muotoiltu istuin ja integroitu matala verkkotyylinen selk\u00e4noja. Ne on valmistettu vankasta PP:st\u00e4 ja vahvoista jauhemaalatuista metallijaloista. N\u00e4m\u00e4 baarituolit ovat vankkoja ja kest\u00e4vi\u00e4.<\/p>\n<ul>\n<li><strong>Baarip\u00f6yt\u00e4:<\/strong><\/li>\n<li>V\u00e4ri: valkoinen<\/li>\n<li>Materiaali: MDF, metalli<\/li>\n<li>Mitat: 120 x 60 x 105 cm (P x L x K)<\/li>\n<li><strong>Baarijakkarat:<\/strong><\/li>\n<li>V\u00e4ri: harmaa<\/li>\n<li>Materiaali: PP, metalli<\/li>\n<li>Mitat: 48 x 47,5 x 95,5 cm (L x S x K)<\/li>\n<li>Istuimen korkeus maasta: 74,5 cm<\/li>\n<li>Matala selk\u00e4noja verkkomuotoilulla<\/li>\n<li>Asennus vaaditaan: kyll\u00e4<\/li>\n<li><strong>Toimitus sis\u00e4lt\u00e4\u00e4:<\/strong><\/li>\n<li>1 x baarip\u00f6yt\u00e4<\/li>\n<li>4 x baarituoli<\/li>\n<\/ul>\n","protected":false},"excerpt":{"rendered":"<ul>\n<li><strong>Baarip\u00f6yt\u00e4:<\/strong><\/li>\n<li>V\u00e4ri: valkoinen<\/li>\n<li>Materiaali: MDF, metalli<\/li>\n<li>Mitat: 120 x 60 x 105 cm (P x L x K)<\/li>\n<li><strong>Baarijakkarat:<\/strong><\/li>\n<li>V\u00e4ri: harmaa<\/li>\n<li>Materiaali: PP, metalli<\/li>\n<li>Mitat: 48 x 47,5 x 95,5 cm (L x S x K)<\/li>\n<li>Istuimen korkeus maasta: 74,5 cm<\/li>\n<li>Matala selk\u00e4noja verkkomuotoilulla<\/li>\n<li>Asennus vaaditaan: kyll\u00e4<\/li>\n<li><strong>Toimitus sis\u00e4lt\u00e4\u00e4:<\/strong><\/li>\n<li>1 x baarip\u00f6yt\u00e4<\/li>\n<li>4 x baarituoli<\/li>\n<\/ul>\n","protected":false},"featured_media":100000160244,"comment_status":"closed","ping_status":"closed","template":"","meta":[],"product_brand":[],"product_cat":[84,8545],"product_tag":[],"class_list":{"0":"post-160244","1":"product","2":"type-product","3":"status-publish","4":"has-post-thumbnail","6":"product_cat-huonekalut","7":"product_cat-keittion-ruokasalin-kalusteet","9":"first","10":"instock","11":"taxable","12":"shipping-taxable","13":"purchasable","14":"product-type-simple"},"_links":{"self":[{"href":"https:\/\/www.otiumhome.fi\/index.php\/wp-json\/wp\/v2\/product\/160244","targetHints":{"allow":["GET"]}}],"collection":[{"href":"https:\/\/www.otiumhome.fi\/index.php\/wp-json\/wp\/v2\/product"}],"about":[{"href":"https:\/\/www.otiumhome.fi\/index.php\/wp-json\/wp\/v2\/types\/product"}],"replies":[{"embeddable":true,"href":"https:\/\/www.otiumhome.fi\/index.php\/wp-json\/wp\/v2\/comments?post=160244"}],"wp:featuredmedia":[{"embeddable":true,"href":"https:\/\/www.otiumhome.fi\/index.php\/wp-json\/"}],"wp:attachment":[{"href":"https:\/\/www.otiumhome.fi\/index.php\/wp-json\/wp\/v2\/media?parent=160244"}],"wp:term":[{"taxonomy":"product_brand","embeddable":true,"href":"https:\/\/www.otiumhome.fi\/index.php\/wp-json\/wp\/v2\/product_brand?post=160244"},{"taxonomy":"product_cat","embeddable":true,"href":"https:\/\/www.otiumhome.fi\/index.php\/wp-json\/wp\/v2\/product_cat?post=160244"},{"taxonomy":"product_tag","embeddable":true,"href":"https:\/\/www.otiumhome.fi\/index.php\/wp-json\/wp\/v2\/product_tag?post=160244"}],"curies":[{"name":"wp","href":"https:\/\/api.w.org\/{rel}","templated":true}]}}