{"id":159520,"date":"2025-07-17T00:30:57","date_gmt":"2025-07-17T00:30:57","guid":{"rendered":"https:\/\/www.otiumhome.fi\/?p=159520"},"modified":"2025-12-09T09:42:46","modified_gmt":"2025-12-09T09:42:46","slug":"sivupoyta-2-pcs-hunajanruskea-60-x-33-x-75-cm-kiintea-mango-puu","status":"publish","type":"product","link":"https:\/\/www.otiumhome.fi\/index.php\/tuote\/sivupoyta-2-pcs-hunajanruskea-60-x-33-x-75-cm-kiintea-mango-puu\/","title":{"rendered":"Sivup\u00f6yt\u00e4 2 pcs Hunajanruskea 60 x 33 x 75 cm Kiinte\u00e4 mango puu"},"content":{"rendered":"<p>T\u00e4\u00e4 sivup\u00f6yt\u00e4 on tyylik\u00e4s ja kest\u00e4v\u00e4 s\u00e4ilytysratkaisu, joka sopii t\u00e4ydellisesti moderneihin tiloihin. Sen suorakaiteen muoto tarjoaa monenlaisia s\u00e4ilytysmahdollisuuksia olohuoneeseen tai ruokailualueelle, parantaen sek\u00e4 k\u00e4yt\u00e4nn\u00f6llisyytt\u00e4 ett\u00e4 ulkon\u00e4k\u00f6\u00e4. T\u00e4\u00e4 p\u00f6yt\u00e4 on valmistettu vahvasta mangopuusta ja teknisest\u00e4 puusta, mist\u00e4 tulee kaunis ja kest\u00e4v\u00e4 yhdistelm\u00e4. Siistit linjat auttavat sit\u00e4 sulautumaan mutkattomasti minimalistisiin ymp\u00e4rist\u00f6ihin, tehden siit\u00e4 hyv\u00e4n lis\u00e4n mihin tahansa nykyaikaiseen kotiin.<\/p>\n<ul>\n<li><b>T\u00e4ysimangopuu:<\/b> T\u00e4\u00e4 sivup\u00f6yt\u00e4 on tehty kest\u00e4vist\u00e4 materiaaleista, kuiten mangopuuta ja teknist\u00e4 puuta, jotka tarkottaa, ett\u00e4 se pysyy hyv\u00e4ss\u00e4 kunnossa ja n\u00e4ytt\u00e4\u00e4 kauniilta. <\/li>\n<li><b>Messinkikoristeet:<\/b> Tyylikk\u00e4\u00e4t messinkikahvat ja j\u00e4m\u00e4k\u00e4t jalat lis\u00e4\u00e4v\u00e4t ylellist\u00e4 ulkon\u00e4k\u00f6\u00e4 t\u00e4lle p\u00f6yd\u00e4lle, luoden l\u00e4mpim\u00e4n kontrastin puun s\u00e4vyjen kanssa.<\/li>\n<li><b>K\u00e4yt\u00e4nn\u00f6llinen s\u00e4ilytys:<\/b> T\u00e4\u00e4 p\u00f6yt\u00e4 tarjoaa loistavasti s\u00e4ilytystilaa niin avoimille kuin suljetuille alueilleka, mik\u00e4 tuo j\u00e4rjestyst\u00e4 ymp\u00e4rist\u00f6\u00f6n ja tekee siit\u00e4 toimivan!<\/li>\n<li><b>Moderni tyyli:<\/b> T\u00e4s on minimalistinen muoto ja messinkidetaljeita, jotka uivat yhdess\u00e4. T\u00e4\u00e4 p\u00f6yt\u00e4 on muokattavissa erilaisiin tyyleihin.<\/li>\n<li><b>Puhdistushelppous:<\/b> T\u00e4\u00e4 malli on helppo pit\u00e4\u00e4 puhtaana; riitt\u00e4\u00e4, ett\u00e4 pyyhit sen kuivalla liinalla!<\/li>\n<\/ul>\n<ul>\n<li>V\u00e4ri: Hunajanruskea<\/li>\n<li>Materiaali: Kiinte\u00e4 mango puu<\/li>\n<li>Yleiset mitat: 60 x 33 x 75 cm (P x L x K)<\/li>\n<li>Paino: 39,32 kg<\/li>\n<li>Messinkivetimill\u00e4<\/li>\n<li>6 laatikoilla<\/li>\n<li>Hyllyll\u00e4<\/li>\n<li>Vain sis\u00e4k\u00e4ytt\u00f6\u00f6n<\/li>\n<li>Toimitus-:<\/li>\n<li>2 kpl Kattop\u00f6yt\u00e4\u00e4<\/li>\n<li>Kokoonpano vaaditaan: Kyll\u00e4<\/li>\n<\/ul>\n","protected":false},"excerpt":{"rendered":"<ul>\n<li>V\u00e4ri: Hunajanruskea<\/li>\n<li>Materiaali: Kiinte\u00e4 mango puu<\/li>\n<li>Yleiset mitat: 60 x 33 x 75 cm (P x L x K)<\/li>\n<li>Paino: 39,32 kg<\/li>\n<li>Messinkivetimill\u00e4<\/li>\n<li>6 laatikoilla<\/li>\n<li>Hyllyll\u00e4<\/li>\n<li>Vain sis\u00e4k\u00e4ytt\u00f6\u00f6n<\/li>\n<li>Toimitus-:<\/li>\n<li>2 kpl Kattop\u00f6yt\u00e4\u00e4<\/li>\n<li>Kokoonpano vaaditaan: Kyll\u00e4<\/li>\n<\/ul>\n","protected":false},"featured_media":100000159520,"comment_status":"closed","ping_status":"closed","template":"","meta":[],"product_brand":[],"product_cat":[84,8635],"product_tag":[],"class_list":{"0":"post-159520","1":"product","2":"type-product","3":"status-publish","4":"has-post-thumbnail","6":"product_cat-huonekalut","7":"product_cat-sailytys-lukkokaapit","9":"first","10":"outofstock","11":"taxable","12":"shipping-taxable","13":"purchasable","14":"product-type-simple"},"_links":{"self":[{"href":"https:\/\/www.otiumhome.fi\/index.php\/wp-json\/wp\/v2\/product\/159520","targetHints":{"allow":["GET"]}}],"collection":[{"href":"https:\/\/www.otiumhome.fi\/index.php\/wp-json\/wp\/v2\/product"}],"about":[{"href":"https:\/\/www.otiumhome.fi\/index.php\/wp-json\/wp\/v2\/types\/product"}],"replies":[{"embeddable":true,"href":"https:\/\/www.otiumhome.fi\/index.php\/wp-json\/wp\/v2\/comments?post=159520"}],"wp:featuredmedia":[{"embeddable":true,"href":"https:\/\/www.otiumhome.fi\/index.php\/wp-json\/"}],"wp:attachment":[{"href":"https:\/\/www.otiumhome.fi\/index.php\/wp-json\/wp\/v2\/media?parent=159520"}],"wp:term":[{"taxonomy":"product_brand","embeddable":true,"href":"https:\/\/www.otiumhome.fi\/index.php\/wp-json\/wp\/v2\/product_brand?post=159520"},{"taxonomy":"product_cat","embeddable":true,"href":"https:\/\/www.otiumhome.fi\/index.php\/wp-json\/wp\/v2\/product_cat?post=159520"},{"taxonomy":"product_tag","embeddable":true,"href":"https:\/\/www.otiumhome.fi\/index.php\/wp-json\/wp\/v2\/product_tag?post=159520"}],"curies":[{"name":"wp","href":"https:\/\/api.w.org\/{rel}","templated":true}]}}