{"id":159332,"date":"2025-07-16T19:19:21","date_gmt":"2025-07-16T19:19:21","guid":{"rendered":"https:\/\/www.otiumhome.fi\/?p=159332"},"modified":"2025-12-09T05:47:57","modified_gmt":"2025-12-09T05:47:57","slug":"kulmapoyta-laatikon-kanssa-vanha-puu-102-x-88-x-75-cm","status":"publish","type":"product","link":"https:\/\/www.otiumhome.fi\/index.php\/tuote\/kulmapoyta-laatikon-kanssa-vanha-puu-102-x-88-x-75-cm\/","title":{"rendered":"Kulmap\u00f6yt\u00e4 laatikon kanssa Vanha puu 102 x 88 x 75 cm"},"content":{"rendered":"<p>T\u00e4m\u00e4 kulmap\u00f6yt\u00e4 tuo modernia ilmett\u00e4 toimisto- ja opiskelutiloihin. Tyylik\u00e4s ja minimalistinen muotoilu vastaa nykyaikaisia vaatimuksia. T\u00e4m\u00e4 p\u00f6yt\u00e4 sopii mainiosti molempiin ymp\u00e4rist\u00f6ihin, tarjoten tilaa s\u00e4\u00e4st\u00e4mist\u00e4 k\u00e4yt\u00e4nn\u00f6llisell\u00e4 asettelullaan. Se on loistava valinta niille, jotka arvostavat sek\u00e4 tyyli\u00e4 ett\u00e4 k\u00e4yt\u00e4nn\u00f6llisyytt\u00e4 huonekaluissaan.<\/p>\n<ul>\n<li><b>Tekninen puu:<\/b> Kest\u00e4v\u00e4 materiaali, joka varmistaa pitk\u00e4n k\u00e4ytt\u00f6i\u00e4n ja kest\u00e4\u00e4 p\u00e4ivitt\u00e4ist\u00e4 k\u00e4ytt\u00f6\u00e4. Sile\u00e4 pinta on t\u00e4ydellinen ty\u00f6st\u00e4miseen.<\/li>\n<li><b>Hyv\u00e4 s\u00e4ilytysratkaisu:<\/b> Kulmap\u00f6yd\u00e4ss\u00e4 on levyhyllyj\u00e4 ja korkea kaappi, jotka auttavat pit\u00e4m\u00e4\u00e4n asiat j\u00e4rjestyksess\u00e4. Saranoidut ovet antavat yksityisyytt\u00e4 t\u00e4rkeille asiakirjoille.<\/li>\n<li><b>Moderni tyyli:<\/b> Siisti ja tyylik\u00e4s muotoilu sopii jokaiseen ymp\u00e4rist\u00f6\u00f6n ja tukee siisti\u00e4 ty\u00f6skentelyaluetta.<\/li>\n<li><b>Ihana toimistok\u00e4ytt\u00f6\u00f6n:<\/b> P\u00f6yt\u00e4 toimii t\u00e4ydellisesti ty\u00f6skentelypisteen\u00e4 tai osana suurempia kokonaisuuksia. Sen koko optimoi tilank\u00e4yt\u00f6n.<\/li>\n<li><b>Helppo puhdistaa:<\/b> P\u00f6yt\u00e4 pysyy siistin\u00e4 pyyhkim\u00e4ll\u00e4 kostealla liinalla, mik\u00e4 varmistaa, ett\u00e4 se s\u00e4ilytt\u00e4\u00e4 vieh\u00e4tysvoimansa pitk\u00e4\u00e4n.<\/li>\n<\/ul>\n<ul>\n<li>V\u00e4ri: Vanha puu<\/li>\n<li>Yleiset mitat: 102 x 88 x 75 cm (P x L x K)<\/li>\n<li>Yhdell\u00e4 laatikolla<\/li>\n<li>Mukana 1 saranoitu ovi<\/li>\n<li>Kest\u00e4v\u00e4<\/li>\n<li>Kokoonpano vaaditaan: Kyll\u00e4<\/li>\n<li>Toimitus-:<\/li>\n<li>1 x Kulmap\u00f6yt\u00e4: 102 x 50 x 75 cm(PxLxK)<\/li>\n<li>1 x Korkea kaappi: 38 x 34 x 75 cm(PxLxK)<\/li>\n<\/ul>\n","protected":false},"excerpt":{"rendered":"<ul>\n<li>V\u00e4ri: Vanha puu<\/li>\n<li>Yleiset mitat: 102 x 88 x 75 cm (P x L x K)<\/li>\n<li>Yhdell\u00e4 laatikolla<\/li>\n<li>Mukana 1 saranoitu ovi<\/li>\n<li>Kest\u00e4v\u00e4<\/li>\n<li>Kokoonpano vaaditaan: Kyll\u00e4<\/li>\n<li>Toimitus-:<\/li>\n<li>1 x Kulmap\u00f6yt\u00e4: 102 x 50 x 75 cm(PxLxK)<\/li>\n<li>1 x Korkea kaappi: 38 x 34 x 75 cm(PxLxK)<\/li>\n<\/ul>\n","protected":false},"featured_media":100000159332,"comment_status":"closed","ping_status":"closed","template":"","meta":[],"product_brand":[],"product_cat":[84,8551],"product_tag":[],"class_list":{"0":"post-159332","1":"product","2":"type-product","3":"status-publish","4":"has-post-thumbnail","6":"product_cat-huonekalut","7":"product_cat-kirjoituspoydat","9":"first","10":"instock","11":"taxable","12":"shipping-taxable","13":"purchasable","14":"product-type-simple"},"_links":{"self":[{"href":"https:\/\/www.otiumhome.fi\/index.php\/wp-json\/wp\/v2\/product\/159332","targetHints":{"allow":["GET"]}}],"collection":[{"href":"https:\/\/www.otiumhome.fi\/index.php\/wp-json\/wp\/v2\/product"}],"about":[{"href":"https:\/\/www.otiumhome.fi\/index.php\/wp-json\/wp\/v2\/types\/product"}],"replies":[{"embeddable":true,"href":"https:\/\/www.otiumhome.fi\/index.php\/wp-json\/wp\/v2\/comments?post=159332"}],"wp:featuredmedia":[{"embeddable":true,"href":"https:\/\/www.otiumhome.fi\/index.php\/wp-json\/"}],"wp:attachment":[{"href":"https:\/\/www.otiumhome.fi\/index.php\/wp-json\/wp\/v2\/media?parent=159332"}],"wp:term":[{"taxonomy":"product_brand","embeddable":true,"href":"https:\/\/www.otiumhome.fi\/index.php\/wp-json\/wp\/v2\/product_brand?post=159332"},{"taxonomy":"product_cat","embeddable":true,"href":"https:\/\/www.otiumhome.fi\/index.php\/wp-json\/wp\/v2\/product_cat?post=159332"},{"taxonomy":"product_tag","embeddable":true,"href":"https:\/\/www.otiumhome.fi\/index.php\/wp-json\/wp\/v2\/product_tag?post=159332"}],"curies":[{"name":"wp","href":"https:\/\/api.w.org\/{rel}","templated":true}]}}