{"id":159278,"date":"2025-07-16T18:55:44","date_gmt":"2025-07-16T18:55:44","guid":{"rendered":"https:\/\/www.otiumhome.fi\/?p=159278"},"modified":"2025-07-17T13:14:11","modified_gmt":"2025-07-17T13:14:11","slug":"ruokapoyta-140x70x76-cm-taysi-akaasia-ja-mangopuu","status":"publish","type":"product","link":"https:\/\/www.otiumhome.fi\/index.php\/tuote\/ruokapoyta-140x70x76-cm-taysi-akaasia-ja-mangopuu\/","title":{"rendered":"Ruokap\u00f6yt\u00e4 140x70x76 cm t\u00e4ysi akaasia- ja mangopuu"},"content":{"rendered":"<p>T\u00e4m\u00e4 puinen ruokap\u00f6yt\u00e4 lis\u00e4\u00e4 teollista tyyli\u00e4 sisustukseesi ja on erinomainen lis\u00e4 keitti\u00f6\u00f6si tai ruokailuhuoneeseesi.<\/p>\n<\/p>\n<p>T\u00e4m\u00e4 ruokap\u00f6yt\u00e4 on valmistettu k\u00e4sin t\u00e4ydest\u00e4 akaasiapuusta ja mangopuusta, ja se on todella vakaa ja kest\u00e4v\u00e4. Mangopuu on tihe\u00e4syinen kovapuu ja akaasiapuu on s\u00e4\u00e4nkest\u00e4v\u00e4 trooppinen kovapuu. Jokainen valmistusvaihe on suoritettu erityisen huolella, olipa kyseess\u00e4 sitten kiillotus, maalaus tai lakkaus. Mustat jauhemaalatut ter\u00e4sjalat tuovat lis\u00e4vakautta. Vankka p\u00f6yt\u00e4levy on muotoiltu V:n muotoisilla ja mosaiikkimaisilla kuvioilla, joten p\u00f6yt\u00e4 on erityinen lis\u00e4 sisustukseesi. P\u00f6yd\u00e4lle voit laittaa juomat ja naposteltavat.<\/p>\n<\/p>\n<p>T\u00e4rke\u00e4 huomio: V\u00e4rit ja puunsyyt vaihtelevat kappaleittain, mik\u00e4 tekee jokaisesta huonekalusta ainutlaatuisen. Toimitus on sattumanvarainen.<\/p>\n<ul>\n<li>Materiaali: luonnollisesti viimeistelty t\u00e4ysi akaasia- ja mangopuu, ter\u00e4s mustalla jauhemaalilla<\/li>\n<li>Mitat: 140 x 70 x 76 cm (L x S x K)<\/li>\n<li>Asennus vaaditaan: kyll\u00e4<\/li>\n<\/ul>\n","protected":false},"excerpt":{"rendered":"<ul>\n<li>Materiaali: luonnollisesti viimeistelty t\u00e4ysi akaasia- ja mangopuu, ter\u00e4s mustalla jauhemaalilla<\/li>\n<li>Mitat: 140 x 70 x 76 cm (L x S x K)<\/li>\n<li>Asennus vaaditaan: kyll\u00e4<\/li>\n<\/ul>\n","protected":false},"featured_media":100000159278,"comment_status":"closed","ping_status":"closed","template":"","meta":[],"product_brand":[],"product_cat":[84,8543],"product_tag":[],"class_list":{"0":"post-159278","1":"product","2":"type-product","3":"status-publish","4":"has-post-thumbnail","6":"product_cat-huonekalut","7":"product_cat-keittion-ruokapoydat","9":"first","10":"instock","11":"taxable","12":"shipping-taxable","13":"purchasable","14":"product-type-simple"},"_links":{"self":[{"href":"https:\/\/www.otiumhome.fi\/index.php\/wp-json\/wp\/v2\/product\/159278","targetHints":{"allow":["GET"]}}],"collection":[{"href":"https:\/\/www.otiumhome.fi\/index.php\/wp-json\/wp\/v2\/product"}],"about":[{"href":"https:\/\/www.otiumhome.fi\/index.php\/wp-json\/wp\/v2\/types\/product"}],"replies":[{"embeddable":true,"href":"https:\/\/www.otiumhome.fi\/index.php\/wp-json\/wp\/v2\/comments?post=159278"}],"wp:featuredmedia":[{"embeddable":true,"href":"https:\/\/www.otiumhome.fi\/index.php\/wp-json\/"}],"wp:attachment":[{"href":"https:\/\/www.otiumhome.fi\/index.php\/wp-json\/wp\/v2\/media?parent=159278"}],"wp:term":[{"taxonomy":"product_brand","embeddable":true,"href":"https:\/\/www.otiumhome.fi\/index.php\/wp-json\/wp\/v2\/product_brand?post=159278"},{"taxonomy":"product_cat","embeddable":true,"href":"https:\/\/www.otiumhome.fi\/index.php\/wp-json\/wp\/v2\/product_cat?post=159278"},{"taxonomy":"product_tag","embeddable":true,"href":"https:\/\/www.otiumhome.fi\/index.php\/wp-json\/wp\/v2\/product_tag?post=159278"}],"curies":[{"name":"wp","href":"https:\/\/api.w.org\/{rel}","templated":true}]}}