{"id":158914,"date":"2025-07-11T23:26:09","date_gmt":"2025-07-11T23:26:09","guid":{"rendered":"https:\/\/www.otiumhome.fi\/?p=158914"},"modified":"2025-10-30T15:07:34","modified_gmt":"2025-10-30T15:07:34","slug":"kerrossanky-valkoinen-75x190-cm-taysi-manty","status":"publish","type":"product","link":"https:\/\/www.otiumhome.fi\/index.php\/tuote\/kerrossanky-valkoinen-75x190-cm-taysi-manty\/","title":{"rendered":"Kerross\u00e4nky valkoinen 75&#215;190 cm t\u00e4ysi m\u00e4nty"},"content":{"rendered":"<p>T\u00e4m\u00e4 kerross\u00e4nkyrunko on tilaa s\u00e4\u00e4st\u00e4v\u00e4 ratkaisu, jossa on kaksi s\u00e4nky\u00e4 yhdess\u00e4, joten se sopii erinomaisesti y\u00f6vieraille ja monilapsisille perheille.<\/p>\n<\/p>\n<ul>\n<li>Vakaa ja pitk\u00e4kestoinen runko: T\u00e4ysi m\u00e4nty tunnetaan lujuudestaan ja kest\u00e4vyydest\u00e4\u00e4n. Sen suorat puunsyyt ja erottuvat oksanpaikat lis\u00e4\u00e4v\u00e4t sen rustiikkista charmia.<\/li>\n<li>Maksimoi tilan k\u00e4ytt\u00f6: T\u00e4m\u00e4 kerross\u00e4nky yhdist\u00e4\u00e4 taitavasti kaksi s\u00e4nky\u00e4 yhteen, se tarjoaa tilaa s\u00e4\u00e4st\u00e4v\u00e4n ratkaisun vieraiden ja usean lapsen perheiden nukkumiseen.<\/li>\n<li>Helppo kiivet\u00e4 yl\u00f6s ja alas: T\u00e4ss\u00e4 s\u00e4ngynrungossa on sis\u00e4\u00e4nrakennetut tikkaat, jotka tarjoavat k\u00e4ytt\u00e4jille k\u00e4tev\u00e4n p\u00e4\u00e4syn yl\u00f6s ja alas.<\/li>\n<li>Kaiteet lis\u00e4turvallisuuteen: T\u00e4m\u00e4 s\u00e4ngynrunko on varustettu suojakaiteilla, jotka est\u00e4v\u00e4t sinua putoamasta s\u00e4ngyst\u00e4 nukkuessasi.<\/li>\n<\/ul>\n<p>Varoitus:<\/p>\n<ul>\n<li>Kaatumisen est\u00e4miseksi t\u00e4t\u00e4 tuotetta on k\u00e4ytett\u00e4v\u00e4 mukana toimitetun sein\u00e4kiinnityslaitteen kanssa.<\/li>\n<\/ul>\n<p>Hyv\u00e4 tiet\u00e4\u00e4:<\/p>\n<ul>\n<li>Patjat eiv\u00e4t sis\u00e4lly toimitukseen. Tarjoamme laajan valikoiman patjoja. Voit etsi\u00e4 myym\u00e4l\u00e4st\u00e4mme sopivia patjoja.<\/li>\n<li>Sein\u00e4\u00e4n kiinnitett\u00e4v\u00e4t ruuvit ja tulpat eiv\u00e4t sis\u00e4lly toimitukseen. Suosittelemme etsim\u00e4\u00e4n ja k\u00e4ytt\u00e4m\u00e4\u00e4n sein\u00e4\u00e4si sopivia ruuveja ja tulppia. Jos olet ep\u00e4varma, kysy ammattilaisen neuvoa. Lue ja noudata ohjeiden jokaista vaihetta.<\/li>\n<\/ul>\n<ul>\n<li>V\u00e4ri: Valkoinen<\/li>\n<li>Materiaali: Massiivim\u00e4nty<\/li>\n<li>Kokonaismitat: 195,5 x 75 x 145,5 cm (P x L x K)<\/li>\n<li>Kaiteen korkeus: 25,6 \/ 28,8 cm<\/li>\n<li>Nukkumisalueen korkeus maasta: 111 cm<\/li>\n<li>Sopiva patjan koko: 75 x 190 cm (L x P) (patja ei sis\u00e4lly hintaan)<\/li>\n<li>Patjan enimm\u00e4ispaksuus: 10 cm<\/li>\n<li>Maksimikantavuus (patjan kanssa): 100 kg<\/li>\n<li>S\u00e4lepohjalla<\/li>\n<li>Kokoaminen vaaditaan: Kyll\u00e4<\/li>\n<li>Yl\u00e4s\u00e4nky ei sovellu alle 6-vuotiaille lapsille<\/li>\n<li>Legal Documents:\n<p><span>Lis\u00e4tietoja huonekalujesi kaatumisen est\u00e4misest\u00e4 voit l\u00f6yt\u00e4\u00e4 <span style=\"text-decoration: underline\"><strong><a title=\"https:\/\/bit.ly\/3bVwkQp\" href=\"https:\/\/bit.ly\/3bVwkQp\" target=\"_blank\">t\u00e4\u00e4lt\u00e4<\/a><\/strong><\/span><\/span><\/p>\n<\/li>\n<\/ul>\n","protected":false},"excerpt":{"rendered":"<ul>\n<li>V\u00e4ri: Valkoinen<\/li>\n<li>Materiaali: Massiivim\u00e4nty<\/li>\n<li>Kokonaismitat: 195,5 x 75 x 145,5 cm (P x L x K)<\/li>\n<li>Kaiteen korkeus: 25,6 \/ 28,8 cm<\/li>\n<li>Nukkumisalueen korkeus maasta: 111 cm<\/li>\n<li>Sopiva patjan koko: 75 x 190 cm (L x P) (patja ei sis\u00e4lly hintaan)<\/li>\n<li>Patjan enimm\u00e4ispaksuus: 10 cm<\/li>\n<li>Maksimikantavuus (patjan kanssa): 100 kg<\/li>\n<li>S\u00e4lepohjalla<\/li>\n<li>Kokoaminen vaaditaan: Kyll\u00e4<\/li>\n<li>Yl\u00e4s\u00e4nky ei sovellu alle 6-vuotiaille lapsille<\/li>\n<li>Legal Documents:\n<p><span>Lis\u00e4tietoja huonekalujesi kaatumisen est\u00e4misest\u00e4 voit l\u00f6yt\u00e4\u00e4 <span style=\"text-decoration: underline\"><strong><a title=\"https:\/\/bit.ly\/3bVwkQp\" href=\"https:\/\/bit.ly\/3bVwkQp\" target=\"_blank\">t\u00e4\u00e4lt\u00e4<\/a><\/strong><\/span><\/span><\/p>\n<\/li>\n<\/ul>\n","protected":false},"featured_media":100000158914,"comment_status":"closed","ping_status":"closed","template":"","meta":[],"product_brand":[],"product_cat":[84,8638],"product_tag":[],"class_list":{"0":"post-158914","1":"product","2":"type-product","3":"status-publish","4":"has-post-thumbnail","6":"product_cat-huonekalut","7":"product_cat-sangyt-sangynrungot","9":"first","10":"instock","11":"taxable","12":"shipping-taxable","13":"purchasable","14":"product-type-simple"},"_links":{"self":[{"href":"https:\/\/www.otiumhome.fi\/index.php\/wp-json\/wp\/v2\/product\/158914","targetHints":{"allow":["GET"]}}],"collection":[{"href":"https:\/\/www.otiumhome.fi\/index.php\/wp-json\/wp\/v2\/product"}],"about":[{"href":"https:\/\/www.otiumhome.fi\/index.php\/wp-json\/wp\/v2\/types\/product"}],"replies":[{"embeddable":true,"href":"https:\/\/www.otiumhome.fi\/index.php\/wp-json\/wp\/v2\/comments?post=158914"}],"wp:featuredmedia":[{"embeddable":true,"href":"https:\/\/www.otiumhome.fi\/index.php\/wp-json\/"}],"wp:attachment":[{"href":"https:\/\/www.otiumhome.fi\/index.php\/wp-json\/wp\/v2\/media?parent=158914"}],"wp:term":[{"taxonomy":"product_brand","embeddable":true,"href":"https:\/\/www.otiumhome.fi\/index.php\/wp-json\/wp\/v2\/product_brand?post=158914"},{"taxonomy":"product_cat","embeddable":true,"href":"https:\/\/www.otiumhome.fi\/index.php\/wp-json\/wp\/v2\/product_cat?post=158914"},{"taxonomy":"product_tag","embeddable":true,"href":"https:\/\/www.otiumhome.fi\/index.php\/wp-json\/wp\/v2\/product_tag?post=158914"}],"curies":[{"name":"wp","href":"https:\/\/api.w.org\/{rel}","templated":true}]}}