{"id":158789,"date":"2025-07-11T23:12:28","date_gmt":"2025-07-11T23:12:28","guid":{"rendered":"https:\/\/www.otiumhome.fi\/?p=158789"},"modified":"2025-12-14T12:39:44","modified_gmt":"2025-12-14T12:39:44","slug":"kerrossanky-liukumaella-ja-verhoilla-mustavalkoinen-90x190-cm","status":"publish","type":"product","link":"https:\/\/www.otiumhome.fi\/index.php\/tuote\/kerrossanky-liukumaella-ja-verhoilla-mustavalkoinen-90x190-cm\/","title":{"rendered":"Kerross\u00e4nky liukum\u00e4ell\u00e4 ja verhoilla mustavalkoinen 90&#215;190 cm"},"content":{"rendered":"<p>T\u00e4m\u00e4 puinen kerross\u00e4nky on elegantti ja toimiva, siksi se on t\u00e4ydellinen lis\u00e4 mihin tahansa huoneeseen.<\/p>\n<\/p>\n<ul>\n<li>T\u00e4ysi m\u00e4nty: T\u00e4m\u00e4 parvis\u00e4nky on valmistettu t\u00e4ydest\u00e4 m\u00e4nnyst\u00e4 vakauden ja kest\u00e4vyyden takaamiseksi. M\u00e4nnyll\u00e4 on suorat puunsyyt ja sen oksanpaikat antavat materiaalille sen ominaisen rustiikkisen ilmeen.<\/li>\n<li>Hauska setti: Voit yhdist\u00e4\u00e4 verhot alas\u00e4nkyyn luodaksesi lapsellesi salaisen tukikohdan, joka tarjoaa hupia nukkumaan menness\u00e4 ja lis\u00e4\u00e4 keskipisteen makuuhuoneeseen!<\/li>\n<li>Turvakaiteet: Yl\u00e4s\u00e4ngyss\u00e4 on turvakaiteet kaikilla nelj\u00e4ll\u00e4 sivulla, joten lapsesi voi nukkua ilman huolta putoamisesta.<\/li>\n<li>K\u00e4tev\u00e4t tikkaat ja liukum\u00e4ki: T\u00e4ss\u00e4 kerross\u00e4ngyss\u00e4 on hauska liukum\u00e4ki, joka tuo mukanaan iloa ja muuntaa lastenhuoneen leikkikent\u00e4ksi. Tikkaiden ja liukum\u00e4en yhdistelm\u00e4 tekee nukkumaanmenosta mielenkiintoisempaa lapsille.<\/li>\n<li>Tukevat s\u00e4leet: Vaneris\u00e4leet tarjoavat hyv\u00e4n painon jakautumisen, taaten patjan pysymisen paikallaan jokaisen k\u00e4\u00e4nn\u00f6ksen ja liikahduksen my\u00f6t\u00e4, joita unissasi teet.<\/li>\n<\/ul>\n<p>Hyv\u00e4 tiet\u00e4\u00e4:<\/p>\n<ul>\n<li>Patja ei sis\u00e4lly t\u00e4h\u00e4n s\u00e4nkyyn. Tarjoamme monipuolisen valikoiman patjoja, jotka l\u00f6yd\u00e4t tarkistamalla myym\u00e4l\u00e4mme valikoiman.<\/li>\n<\/ul>\n<p>Varoitus:<\/p>\n<ul>\n<li>Kaatumisen est\u00e4miseksi t\u00e4t\u00e4 tuotetta on k\u00e4ytett\u00e4v\u00e4 mukana toimitetun sein\u00e4kiinnityslaitteen kanssa.<\/li>\n<\/ul>\n<ul>\n<li><strong>Kerross\u00e4nky liukum\u00e4ell\u00e4:<\/strong><\/li>\n<li>Liukum\u00e4en v\u00e4ri: Antrasiitti<\/li>\n<li>S\u00e4ngynrungon materiaali: t\u00e4ysi m\u00e4nty (k\u00e4sittelem\u00e4t\u00f6n)<\/li>\n<li>Kokonaismitat (ilman liukum\u00e4ke\u00e4): 195,5 x 97,5 x 113 cm (P x L x K)<\/li>\n<li>Liukum\u00e4en mitat: 169 x 38,5 x 20,5 cm (P x L x K)<\/li>\n<li>Liukum\u00e4en ja s\u00e4ngyn v\u00e4linen et\u00e4isyys: 143,5 cm<\/li>\n<li>Sopiva patjan koko: 90 x 190 cm (L x P) (Patja ei sis\u00e4lly tilaukseen)<\/li>\n<li>Patjan maksimipaksuus: 10 cm<\/li>\n<li>Sopii yli 6-vuotiaille lapsille<\/li>\n<li><strong>Verhosarja:<\/strong><\/li>\n<li>V\u00e4ri: valkoinen ja musta <\/li>\n<li>Materiaali: 100 % polyesteri<\/li>\n<li>Vain sis\u00e4k\u00e4ytt\u00f6\u00f6n<\/li>\n<li>Asennus vaaditaan: Kyll\u00e4<\/li>\n<li><strong>Toimitus sis\u00e4lt\u00e4\u00e4:<\/strong><\/li>\n<li>1 x Kerross\u00e4nky liukum\u00e4ell\u00e4<\/li>\n<li>1 x Etuverho: 100 x 75 cm (P x L) <\/li>\n<li>1 x Etuverho: 60 x 75 cm (P x L) <\/li>\n<li>1 x Etuverho: 34 x 75 cm (P x L) <\/li>\n<li>1 x Verho kolmella taskulla: 80 x 43 cm (P x L)<\/li>\n<li>2 x Sivuverho: 85 x 76 cm (P x L) <\/li>\n<li>1 x Torni: 44,5 x 43 x 190,5 cm (P x L x K)<\/li>\n<\/ul>\n","protected":false},"excerpt":{"rendered":"<ul>\n<li><strong>Kerross\u00e4nky liukum\u00e4ell\u00e4:<\/strong><\/li>\n<li>Liukum\u00e4en v\u00e4ri: Antrasiitti<\/li>\n<li>S\u00e4ngynrungon materiaali: t\u00e4ysi m\u00e4nty (k\u00e4sittelem\u00e4t\u00f6n)<\/li>\n<li>Kokonaismitat (ilman liukum\u00e4ke\u00e4): 195,5 x 97,5 x 113 cm (P x L x K)<\/li>\n<li>Liukum\u00e4en mitat: 169 x 38,5 x 20,5 cm (P x L x K)<\/li>\n<li>Liukum\u00e4en ja s\u00e4ngyn v\u00e4linen et\u00e4isyys: 143,5 cm<\/li>\n<li>Sopiva patjan koko: 90 x 190 cm (L x P) (Patja ei sis\u00e4lly tilaukseen)<\/li>\n<li>Patjan maksimipaksuus: 10 cm<\/li>\n<li>Sopii yli 6-vuotiaille lapsille<\/li>\n<li><strong>Verhosarja:<\/strong><\/li>\n<li>V\u00e4ri: valkoinen ja musta <\/li>\n<li>Materiaali: 100 % polyesteri<\/li>\n<li>Vain sis\u00e4k\u00e4ytt\u00f6\u00f6n<\/li>\n<li>Asennus vaaditaan: Kyll\u00e4<\/li>\n<li><strong>Toimitus sis\u00e4lt\u00e4\u00e4:<\/strong><\/li>\n<li>1 x Kerross\u00e4nky liukum\u00e4ell\u00e4<\/li>\n<li>1 x Etuverho: 100 x 75 cm (P x L) <\/li>\n<li>1 x Etuverho: 60 x 75 cm (P x L) <\/li>\n<li>1 x Etuverho: 34 x 75 cm (P x L) <\/li>\n<li>1 x Verho kolmella taskulla: 80 x 43 cm (P x L)<\/li>\n<li>2 x Sivuverho: 85 x 76 cm (P x L) <\/li>\n<li>1 x Torni: 44,5 x 43 x 190,5 cm (P x L x K)<\/li>\n<\/ul>\n","protected":false},"featured_media":100000158789,"comment_status":"closed","ping_status":"closed","template":"","meta":[],"product_brand":[],"product_cat":[84,8638],"product_tag":[],"class_list":{"0":"post-158789","1":"product","2":"type-product","3":"status-publish","4":"has-post-thumbnail","6":"product_cat-huonekalut","7":"product_cat-sangyt-sangynrungot","9":"first","10":"instock","11":"taxable","12":"shipping-taxable","13":"purchasable","14":"product-type-simple"},"_links":{"self":[{"href":"https:\/\/www.otiumhome.fi\/index.php\/wp-json\/wp\/v2\/product\/158789","targetHints":{"allow":["GET"]}}],"collection":[{"href":"https:\/\/www.otiumhome.fi\/index.php\/wp-json\/wp\/v2\/product"}],"about":[{"href":"https:\/\/www.otiumhome.fi\/index.php\/wp-json\/wp\/v2\/types\/product"}],"replies":[{"embeddable":true,"href":"https:\/\/www.otiumhome.fi\/index.php\/wp-json\/wp\/v2\/comments?post=158789"}],"wp:featuredmedia":[{"embeddable":true,"href":"https:\/\/www.otiumhome.fi\/index.php\/wp-json\/"}],"wp:attachment":[{"href":"https:\/\/www.otiumhome.fi\/index.php\/wp-json\/wp\/v2\/media?parent=158789"}],"wp:term":[{"taxonomy":"product_brand","embeddable":true,"href":"https:\/\/www.otiumhome.fi\/index.php\/wp-json\/wp\/v2\/product_brand?post=158789"},{"taxonomy":"product_cat","embeddable":true,"href":"https:\/\/www.otiumhome.fi\/index.php\/wp-json\/wp\/v2\/product_cat?post=158789"},{"taxonomy":"product_tag","embeddable":true,"href":"https:\/\/www.otiumhome.fi\/index.php\/wp-json\/wp\/v2\/product_tag?post=158789"}],"curies":[{"name":"wp","href":"https:\/\/api.w.org\/{rel}","templated":true}]}}