{"id":158750,"date":"2025-07-11T22:58:28","date_gmt":"2025-07-11T22:58:28","guid":{"rendered":"https:\/\/www.otiumhome.fi\/?p=158750"},"modified":"2025-07-17T03:10:30","modified_gmt":"2025-07-17T03:10:30","slug":"sangynrunko-laatikoilla-valkoinen-135x190-cm-double","status":"publish","type":"product","link":"https:\/\/www.otiumhome.fi\/index.php\/tuote\/sangynrunko-laatikoilla-valkoinen-135x190-cm-double\/","title":{"rendered":"S\u00e4ngynrunko laatikoilla valkoinen 135&#215;190 cm Double"},"content":{"rendered":"<p>Lis\u00e4\u00e4 makuuhuoneestasi modernia tyyli\u00e4 t\u00e4ll\u00e4 klassisella puisella s\u00e4ngynrungolla! Se on k\u00e4yt\u00e4nn\u00f6llinen ja koristeellinen lis\u00e4 sisustukseen.<\/p>\n<\/p>\n<ul>\n<li>T\u00e4ysi m\u00e4nty: T\u00e4ysi m\u00e4nty on kaunis luonnollinen materiaali. M\u00e4nnyll\u00e4 on suorat puunsyyt ja sen oksanpaikat antavat materiaalille sen ominaisen rustiikkisen ilmeen.<\/li>\n<li>Tukevat s\u00e4leet: Vaneris\u00e4leet tarjoavat hyv\u00e4n painon jakautumisen, taaten patjan pysymisen paikallaan jokaisen k\u00e4\u00e4nn\u00f6ksen ja liikahduksen my\u00f6t\u00e4, joita unissasi teet.<\/li>\n<li>S\u00e4ilytystoiminto: Mukana toimitetut s\u00e4nkylaatikot tarjoavat runsaasti s\u00e4ilytystilaa t\u00e4rkeiden tavaroiden s\u00e4ilytt\u00e4miseen, t\u00e4m\u00e4 pit\u00e4\u00e4 huoneesi puhtaana ja siistin\u00e4.<\/li>\n<li>Mukava p\u00e4\u00e4tylevy: Klassisen p\u00e4\u00e4tylevyn avulla voit lev\u00e4t\u00e4 mukavasti, kun luet tai katsot elokuvaa.<\/li>\n<\/ul>\n<p>Huomioi:<\/p>\n<ul>\n<li>Patja ei sis\u00e4lly toimitukseen. Patja ei mukana. Voit etsi\u00e4 myym\u00e4l\u00e4st\u00e4mme sopivia patjoja.<\/li>\n<li>T\u00e4m\u00e4 s\u00e4ngynrunko sopii patjalle, jonka mitat ovat 135 x 190 cm (4FT6 Double).<\/li>\n<\/ul>\n<ul>\n<li>V\u00e4ri: valkoinen<\/li>\n<li>S\u00e4ngynrungon materiaali: T\u00e4ysi m\u00e4nty<\/li>\n<li>S\u00e4lemateriaali: Vaneri<\/li>\n<li>S\u00e4ngynrungon kokonaismitat: 195,5 x 140,5 x 51 cm (P x L x K)<\/li>\n<li>Laatikon mitat (kukin): 90 x 57 x 18 cm (L x S x K)<\/li>\n<li>Sopiva patjan koko: 135 x 190 cm (P x L) (4FT6 Double) (Patja ei sis\u00e4lly toimitukseen)<\/li>\n<li>Asennus vaaditaan: kyll\u00e4<\/li>\n<li><strong>Toimitus sis\u00e4lt\u00e4\u00e4:<\/strong><\/li>\n<li>1 x s\u00e4ngyn runko<\/li>\n<li>1 x P\u00e4\u00e4tylevy<\/li>\n<li>4 x vuodelaatikko<\/li>\n<\/ul>\n","protected":false},"excerpt":{"rendered":"<ul>\n<li>V\u00e4ri: valkoinen<\/li>\n<li>S\u00e4ngynrungon materiaali: T\u00e4ysi m\u00e4nty<\/li>\n<li>S\u00e4lemateriaali: Vaneri<\/li>\n<li>S\u00e4ngynrungon kokonaismitat: 195,5 x 140,5 x 51 cm (P x L x K)<\/li>\n<li>Laatikon mitat (kukin): 90 x 57 x 18 cm (L x S x K)<\/li>\n<li>Sopiva patjan koko: 135 x 190 cm (P x L) (4FT6 Double) (Patja ei sis\u00e4lly toimitukseen)<\/li>\n<li>Asennus vaaditaan: kyll\u00e4<\/li>\n<li><strong>Toimitus sis\u00e4lt\u00e4\u00e4:<\/strong><\/li>\n<li>1 x s\u00e4ngyn runko<\/li>\n<li>1 x P\u00e4\u00e4tylevy<\/li>\n<li>4 x vuodelaatikko<\/li>\n<\/ul>\n","protected":false},"featured_media":100000158750,"comment_status":"closed","ping_status":"closed","template":"","meta":[],"product_brand":[],"product_cat":[84,8638],"product_tag":[],"class_list":{"0":"post-158750","1":"product","2":"type-product","3":"status-publish","4":"has-post-thumbnail","6":"product_cat-huonekalut","7":"product_cat-sangyt-sangynrungot","9":"first","10":"instock","11":"taxable","12":"shipping-taxable","13":"purchasable","14":"product-type-simple"},"_links":{"self":[{"href":"https:\/\/www.otiumhome.fi\/index.php\/wp-json\/wp\/v2\/product\/158750","targetHints":{"allow":["GET"]}}],"collection":[{"href":"https:\/\/www.otiumhome.fi\/index.php\/wp-json\/wp\/v2\/product"}],"about":[{"href":"https:\/\/www.otiumhome.fi\/index.php\/wp-json\/wp\/v2\/types\/product"}],"replies":[{"embeddable":true,"href":"https:\/\/www.otiumhome.fi\/index.php\/wp-json\/wp\/v2\/comments?post=158750"}],"wp:featuredmedia":[{"embeddable":true,"href":"https:\/\/www.otiumhome.fi\/index.php\/wp-json\/"}],"wp:attachment":[{"href":"https:\/\/www.otiumhome.fi\/index.php\/wp-json\/wp\/v2\/media?parent=158750"}],"wp:term":[{"taxonomy":"product_brand","embeddable":true,"href":"https:\/\/www.otiumhome.fi\/index.php\/wp-json\/wp\/v2\/product_brand?post=158750"},{"taxonomy":"product_cat","embeddable":true,"href":"https:\/\/www.otiumhome.fi\/index.php\/wp-json\/wp\/v2\/product_cat?post=158750"},{"taxonomy":"product_tag","embeddable":true,"href":"https:\/\/www.otiumhome.fi\/index.php\/wp-json\/wp\/v2\/product_tag?post=158750"}],"curies":[{"name":"wp","href":"https:\/\/api.w.org\/{rel}","templated":true}]}}