{"id":158662,"date":"2025-07-11T22:40:20","date_gmt":"2025-07-11T22:40:20","guid":{"rendered":"https:\/\/www.otiumhome.fi\/?p=158662"},"modified":"2025-07-12T04:28:56","modified_gmt":"2025-07-12T04:28:56","slug":"seinakaappi-musta-tammi-60x31x60-cm-tekopuu","status":"publish","type":"product","link":"https:\/\/www.otiumhome.fi\/index.php\/tuote\/seinakaappi-musta-tammi-60x31x60-cm-tekopuu\/","title":{"rendered":"Sein\u00e4kaappi musta tammi 60x31x60 cm tekopuu"},"content":{"rendered":"<p>T\u00e4m\u00e4 k\u00e4tev\u00e4 sein\u00e4kaappi on helppo kiinnitt\u00e4\u00e4 sein\u00e4\u00e4n, mik\u00e4 tekee siit\u00e4 koristeellisen ja k\u00e4yt\u00e4nn\u00f6llisen lis\u00e4n kodin sisustukseen.<\/p>\n<\/p>\n<ul>\n<li>Vakaa ja kest\u00e4v\u00e4 materiaali: Puu on kest\u00e4v\u00e4 ja vakaa materiaali, jonka sile\u00e4 pinta kest\u00e4\u00e4 kosteutta, v\u00e4\u00e4ntymist\u00e4 ja halkeilua, joten se on luotettava valinta monenlaisiin projekteihin.<\/li>\n<li>Runsaasti s\u00e4ilytystilaa: Kelluva kaappi tarjoaa runsaasti s\u00e4ilytystilaa esimerkiksi mediasoittimen, lehtien ja muiden tavaroiden j\u00e4rjest\u00e4miseen.<\/li>\n<li>Tilans\u00e4\u00e4st\u00f6: T\u00e4m\u00e4 s\u00e4ilytyskaappi voidaan kiinnitt\u00e4\u00e4 sein\u00e4\u00e4n lis\u00e4\u00e4m\u00e4\u00e4n s\u00e4ilytystilaa. N\u00e4in voit maksimoida lattiatilan ja pit\u00e4\u00e4 alueen siistin\u00e4.<\/li>\n<li>K\u00e4yt\u00e4nn\u00f6lliset ovet: Kaksi ovea auttavat pit\u00e4m\u00e4\u00e4n tilan siistin\u00e4 ja j\u00e4rjestyksess\u00e4 piilottamalla pienet t\u00e4rke\u00e4t tavarat ja sotkun taakseen.<\/li>\n<li>Helppo huoltaa: T\u00e4m\u00e4 sein\u00e4\u00e4n kiinnitett\u00e4v\u00e4 kaappi on helppo puhdistaa kostealla liinalla ja vaatii v\u00e4hemm\u00e4n huoltoa.<\/li>\n<\/ul>\n<p>Hyv\u00e4 tiet\u00e4\u00e4:<\/p>\n<ul>\n<li>Sein\u00e4n sis\u00e4puolelle tarkoitetut ruuvit ja tulpat eiv\u00e4t sis\u00e4lly toimitukseen. Suosittelemme etsim\u00e4\u00e4n ja k\u00e4ytt\u00e4m\u00e4\u00e4n seinille sopivia ruuveja ja tulppia. Jos et ole varma, voit kysy\u00e4 neuvoa ammattilaiselta. Lue ja noudata ohjeita jokaista vaihetta.<\/li>\n<\/ul>\n<ul>\n<li>V\u00e4ri: Musta tammi<\/li>\n<li>Materiaali: Puusep\u00e4nty\u00f6t<\/li>\n<li>Mitat: 60 x 31 x 60 cm (L x S x K)<\/li>\n<li>Suurin painokapasiteetti (kokonaispaino): 60 kg<\/li>\n<li>Kokoaminen vaaditaan: Kyll\u00e4<\/li>\n<\/ul>\n","protected":false},"excerpt":{"rendered":"<ul>\n<li>V\u00e4ri: Musta tammi<\/li>\n<li>Materiaali: Puusep\u00e4nty\u00f6t<\/li>\n<li>Mitat: 60 x 31 x 60 cm (L x S x K)<\/li>\n<li>Suurin painokapasiteetti (kokonaispaino): 60 kg<\/li>\n<li>Kokoaminen vaaditaan: Kyll\u00e4<\/li>\n<\/ul>\n","protected":false},"featured_media":100000158662,"comment_status":"closed","ping_status":"closed","template":"","meta":[],"product_brand":[],"product_cat":[84,8635],"product_tag":[],"class_list":{"0":"post-158662","1":"product","2":"type-product","3":"status-publish","4":"has-post-thumbnail","6":"product_cat-huonekalut","7":"product_cat-sailytys-lukkokaapit","9":"first","10":"instock","11":"taxable","12":"shipping-taxable","13":"purchasable","14":"product-type-simple"},"_links":{"self":[{"href":"https:\/\/www.otiumhome.fi\/index.php\/wp-json\/wp\/v2\/product\/158662","targetHints":{"allow":["GET"]}}],"collection":[{"href":"https:\/\/www.otiumhome.fi\/index.php\/wp-json\/wp\/v2\/product"}],"about":[{"href":"https:\/\/www.otiumhome.fi\/index.php\/wp-json\/wp\/v2\/types\/product"}],"replies":[{"embeddable":true,"href":"https:\/\/www.otiumhome.fi\/index.php\/wp-json\/wp\/v2\/comments?post=158662"}],"wp:featuredmedia":[{"embeddable":true,"href":"https:\/\/www.otiumhome.fi\/index.php\/wp-json\/"}],"wp:attachment":[{"href":"https:\/\/www.otiumhome.fi\/index.php\/wp-json\/wp\/v2\/media?parent=158662"}],"wp:term":[{"taxonomy":"product_brand","embeddable":true,"href":"https:\/\/www.otiumhome.fi\/index.php\/wp-json\/wp\/v2\/product_brand?post=158662"},{"taxonomy":"product_cat","embeddable":true,"href":"https:\/\/www.otiumhome.fi\/index.php\/wp-json\/wp\/v2\/product_cat?post=158662"},{"taxonomy":"product_tag","embeddable":true,"href":"https:\/\/www.otiumhome.fi\/index.php\/wp-json\/wp\/v2\/product_tag?post=158662"}],"curies":[{"name":"wp","href":"https:\/\/api.w.org\/{rel}","templated":true}]}}