{"id":158648,"date":"2025-07-11T22:36:43","date_gmt":"2025-07-11T22:36:43","guid":{"rendered":"https:\/\/www.otiumhome.fi\/?p=158648"},"modified":"2025-07-12T04:18:47","modified_gmt":"2025-07-12T04:18:47","slug":"puinen-sailytysteline-3-punotulla-korilla-valkoinen","status":"publish","type":"product","link":"https:\/\/www.otiumhome.fi\/index.php\/tuote\/puinen-sailytysteline-3-punotulla-korilla-valkoinen\/","title":{"rendered":"Puinen s\u00e4ilytysteline 3 punotulla korilla Valkoinen"},"content":{"rendered":"<p>T\u00e4m\u00e4 upea, korkealaatuisesta puusta valmistettu s\u00e4ilytysteline on yksinkertaisesti, mutta tyylikk\u00e4\u00e4sti muotoiltu. Se ei pelk\u00e4st\u00e4\u00e4n varastoi tavaroitasi, vaan on my\u00f6s upea lis\u00e4 huoneen sisustukseen.<\/p>\n<\/p>\n<p>T\u00e4m\u00e4 kest\u00e4v\u00e4 puinen teline, joka toimitetaan kolmen punotun korin kanssa, tarjoaa sinulle paljon tilaa tavaroidesi s\u00e4ilytt\u00e4miseen. Teline luo samalla maalaistyyli\u00e4 huoneesi sisustukseen. Puinen telineemme tulee varmasti olemaan yksi lempihuonekaluistasi miss\u00e4 tahansa huoneessa.<\/p>\n<ul>\n<li>V\u00e4ri: valkoinen<\/li>\n<li>Mitat: 25 x 28 x 58 cm (P x L x K)<\/li>\n<li>Kest\u00e4v\u00e4 keisaripuurunko<\/li>\n<li>Toimitus sis\u00e4lt\u00e4\u00e4 1 puisen rungon ja 3 koria<\/li>\n<li>Tekstiili: Puuvilla: 20%, Polyesteri: 80%<\/li>\n<\/ul>\n","protected":false},"excerpt":{"rendered":"<ul>\n<li>V\u00e4ri: valkoinen<\/li>\n<li>Mitat: 25 x 28 x 58 cm (P x L x K)<\/li>\n<li>Kest\u00e4v\u00e4 keisaripuurunko<\/li>\n<li>Toimitus sis\u00e4lt\u00e4\u00e4 1 puisen rungon ja 3 koria<\/li>\n<li>Tekstiili: Puuvilla: 20%, Polyesteri: 80%<\/li>\n<\/ul>\n","protected":false},"featured_media":100000158648,"comment_status":"closed","ping_status":"closed","template":"","meta":[],"product_brand":[],"product_cat":[84,8635],"product_tag":[],"class_list":{"0":"post-158648","1":"product","2":"type-product","3":"status-publish","4":"has-post-thumbnail","6":"product_cat-huonekalut","7":"product_cat-sailytys-lukkokaapit","9":"first","10":"instock","11":"taxable","12":"shipping-taxable","13":"purchasable","14":"product-type-simple"},"_links":{"self":[{"href":"https:\/\/www.otiumhome.fi\/index.php\/wp-json\/wp\/v2\/product\/158648","targetHints":{"allow":["GET"]}}],"collection":[{"href":"https:\/\/www.otiumhome.fi\/index.php\/wp-json\/wp\/v2\/product"}],"about":[{"href":"https:\/\/www.otiumhome.fi\/index.php\/wp-json\/wp\/v2\/types\/product"}],"replies":[{"embeddable":true,"href":"https:\/\/www.otiumhome.fi\/index.php\/wp-json\/wp\/v2\/comments?post=158648"}],"wp:featuredmedia":[{"embeddable":true,"href":"https:\/\/www.otiumhome.fi\/index.php\/wp-json\/"}],"wp:attachment":[{"href":"https:\/\/www.otiumhome.fi\/index.php\/wp-json\/wp\/v2\/media?parent=158648"}],"wp:term":[{"taxonomy":"product_brand","embeddable":true,"href":"https:\/\/www.otiumhome.fi\/index.php\/wp-json\/wp\/v2\/product_brand?post=158648"},{"taxonomy":"product_cat","embeddable":true,"href":"https:\/\/www.otiumhome.fi\/index.php\/wp-json\/wp\/v2\/product_cat?post=158648"},{"taxonomy":"product_tag","embeddable":true,"href":"https:\/\/www.otiumhome.fi\/index.php\/wp-json\/wp\/v2\/product_tag?post=158648"}],"curies":[{"name":"wp","href":"https:\/\/api.w.org\/{rel}","templated":true}]}}