{"id":158594,"date":"2025-07-11T22:07:40","date_gmt":"2025-07-11T22:07:40","guid":{"rendered":"https:\/\/www.otiumhome.fi\/?p=158594"},"modified":"2025-12-09T07:49:21","modified_gmt":"2025-12-09T07:49:21","slug":"tv-kaappi-monivarinen-100-x-30-x-24-cm-taysi-mangopuu","status":"publish","type":"product","link":"https:\/\/www.otiumhome.fi\/index.php\/tuote\/tv-kaappi-monivarinen-100-x-30-x-24-cm-taysi-mangopuu\/","title":{"rendered":"TV-kaappi Moniv\u00e4rinen 100 x 30 x 24 cm T\u00e4ysi Mangopuu"},"content":{"rendered":"<p>T\u00e4m\u00e4 sein\u00e4lle asennettava TV-kaappi on t\u00e4ydellinen vaihtoehto modernia s\u00e4ilytysratkaisua etsiville, sill\u00e4 se sulautuu hyvin olohuoneeseen. Sen siistit linjat ja v\u00e4h\u00e4inen koristelu tuovat esille modernia yksinkertaisuutta, samalla kun se tarjoaa k\u00e4yt\u00e4nn\u00f6llisi\u00e4 s\u00e4ilytysratkaisuja, jotka auttavat pit\u00e4m\u00e4\u00e4n tilasi j\u00e4rjestyksess\u00e4. Kaapin moniv\u00e4rinen etupaneeli tuo energiaa ymp\u00e4rist\u00f6\u00f6n, ja sen suorakaiteen muoto tarjoaa riitt\u00e4v\u00e4sti tilaa TV:lle ja muille laitteille. T\u00e4m\u00e4 on loistava valinta tyylille ja tehokkuudelle vaativille kaupunkiasunnoille, jotka kaipaavat siisti\u00e4 ja virtaviivaista ymp\u00e4rist\u00f6\u00e4.<\/p>\n<ul>\n<li><b>Materiaalirakenne:<\/b> Rakennettu kokonaisista mangopuista, t\u00e4m\u00e4 kaappi on kest\u00e4v\u00e4 ja luotettava, tukea paljon painoa ilman kauneutensa heikent\u00e4mist\u00e4. T\u00e4m\u00e4 materiaali lis\u00e4\u00e4 l\u00e4mp\u00f6\u00e4 ja tyyli\u00e4, ja se on tunnettu kest\u00e4vyydest\u00e4\u00e4n, varmistaen pitk\u00e4n k\u00e4ytt\u00f6i\u00e4n olohuoneessasi.<\/li>\n<li><b>Asennus &amp; Kokoonpano:<\/b> Kaappi on helppo asentaa sein\u00e4lle tavallisilla ty\u00f6kaluilla, kuten ruuvimeisselill\u00e4, ja se muodostaa pysyv\u00e4n osan sein\u00e4llesi, vapauttaen arvokasta lattiatilaa. Kokoamiseen tarvitaan vain kaksi henkil\u00f6\u00e4, mik\u00e4 takaa stabiilin ja turvallisen asennuksen, jolloin voit rentoutua kotisi rauhassa.<\/li>\n<li><b>S\u00e4ilytystoiminnot:<\/b> T\u00e4ss\u00e4 TV-kaapissa on runsaasti s\u00e4ilytystilaa, joka on varustettu laajoilla hyllyill\u00e4, joihin mahtuu monenlaisia asioita, kuten multimedia-laitteita, kirjoja ja koristeita. Sen nerokas muotoilu tukee hyvin j\u00e4rjestetty\u00e4 elintilaa, parantaen kokonaisn\u00e4kyvyytt\u00e4 samalla kun se tarjoaa k\u00e4yt\u00e4nn\u00f6llisyytt\u00e4.<\/li>\n<li><b>Moderni esteettisyys:<\/b> Paranna mink\u00e4 tahansa modernin sisustuksen ilmett\u00e4 tyylikk\u00e4\u00e4ll\u00e4 muotoilulla, joka sopii nykyaikaiseen tyyliin. Olitpa j\u00e4rjest\u00e4m\u00e4ss\u00e4 elokuvailtoja perheen kanssa tai ty\u00f6skentelem\u00e4ss\u00e4 kotoa k\u00e4sin, sen tyyli palvelee sek\u00e4 henkil\u00f6kohtaisia ett\u00e4 ammatillisia tarpeita huomaamattomasti, samalla kun se tuo eleganssia huoneeseesi.<\/li>\n<li><b>Hoito &amp; Yll\u00e4pito:<\/b> S\u00e4ilyt\u00e4 sen luonnollinen kauneus helposti pyyhkim\u00e4ll\u00e4 ja puhdistamalla pinta kuivalla liinalla. V\u00e4lt\u00e4 kovia kemikaaleja, jotka voivat vahingoittaa puun pintak\u00e4sittely\u00e4. N\u00e4in voit s\u00e4ilytt\u00e4\u00e4 l\u00e4mpim\u00e4n patinan ja varmistaa kaapin kestoajan olohuoneessasi.<\/li>\n<\/ul>\n<ul>\n<li>V\u00e4ri: Moniv\u00e4rinen<\/li>\n<li>Materiaali: T\u00e4ysi mangopuu<\/li>\n<li>Yleiset mitat: 100 x 30 x 24 cm (P x L x K)<\/li>\n<li>Paino: 10,55 kg<\/li>\n<li>S\u00e4ilytystila<\/li>\n<li>3 laatikoilla<\/li>\n<li>Vain sis\u00e4k\u00e4ytt\u00f6\u00f6n<\/li>\n<li>Toimitus-:<\/li>\n<li>1 x TV-kaappi<\/li>\n<li>Kokoonpano vaaditaan: Kyll\u00e4<\/li>\n<\/ul>\n","protected":false},"excerpt":{"rendered":"<ul>\n<li>V\u00e4ri: Moniv\u00e4rinen<\/li>\n<li>Materiaali: T\u00e4ysi mangopuu<\/li>\n<li>Yleiset mitat: 100 x 30 x 24 cm (P x L x K)<\/li>\n<li>Paino: 10,55 kg<\/li>\n<li>S\u00e4ilytystila<\/li>\n<li>3 laatikoilla<\/li>\n<li>Vain sis\u00e4k\u00e4ytt\u00f6\u00f6n<\/li>\n<li>Toimitus-:<\/li>\n<li>1 x TV-kaappi<\/li>\n<li>Kokoonpano vaaditaan: Kyll\u00e4<\/li>\n<\/ul>\n","protected":false},"featured_media":100000158594,"comment_status":"closed","ping_status":"closed","template":"","meta":[],"product_brand":[],"product_cat":[84,8567],"product_tag":[],"class_list":{"0":"post-158594","1":"product","2":"type-product","3":"status-publish","4":"has-post-thumbnail","6":"product_cat-huonekalut","7":"product_cat-medialaitekaapit-telineet","9":"first","10":"instock","11":"taxable","12":"shipping-taxable","13":"purchasable","14":"product-type-simple"},"_links":{"self":[{"href":"https:\/\/www.otiumhome.fi\/index.php\/wp-json\/wp\/v2\/product\/158594","targetHints":{"allow":["GET"]}}],"collection":[{"href":"https:\/\/www.otiumhome.fi\/index.php\/wp-json\/wp\/v2\/product"}],"about":[{"href":"https:\/\/www.otiumhome.fi\/index.php\/wp-json\/wp\/v2\/types\/product"}],"replies":[{"embeddable":true,"href":"https:\/\/www.otiumhome.fi\/index.php\/wp-json\/wp\/v2\/comments?post=158594"}],"wp:featuredmedia":[{"embeddable":true,"href":"https:\/\/www.otiumhome.fi\/index.php\/wp-json\/"}],"wp:attachment":[{"href":"https:\/\/www.otiumhome.fi\/index.php\/wp-json\/wp\/v2\/media?parent=158594"}],"wp:term":[{"taxonomy":"product_brand","embeddable":true,"href":"https:\/\/www.otiumhome.fi\/index.php\/wp-json\/wp\/v2\/product_brand?post=158594"},{"taxonomy":"product_cat","embeddable":true,"href":"https:\/\/www.otiumhome.fi\/index.php\/wp-json\/wp\/v2\/product_cat?post=158594"},{"taxonomy":"product_tag","embeddable":true,"href":"https:\/\/www.otiumhome.fi\/index.php\/wp-json\/wp\/v2\/product_tag?post=158594"}],"curies":[{"name":"wp","href":"https:\/\/api.w.org\/{rel}","templated":true}]}}