{"id":158374,"date":"2025-07-11T21:13:24","date_gmt":"2025-07-11T21:13:24","guid":{"rendered":"https:\/\/www.otiumhome.fi\/?p=158374"},"modified":"2025-12-09T06:09:22","modified_gmt":"2025-12-09T06:09:22","slug":"kylpyhuonekalustesetti-ovella-5-pcs-pahkina-ruskea-tekninen-puu","status":"publish","type":"product","link":"https:\/\/www.otiumhome.fi\/index.php\/tuote\/kylpyhuonekalustesetti-ovella-5-pcs-pahkina-ruskea-tekninen-puu\/","title":{"rendered":"Kylpyhuonekalustesetti ovella 5 pcs P\u00e4hkin\u00e4 Ruskea Tekninen puu"},"content":{"rendered":"<p>T\u00e4\u00e4 tyylik\u00e4s ja moderni kylpyhuonekalustesetti on t\u00e4ydellinen valinta kaikkiin kylpyhuonetiloihin. Ihanteellinen niille, jotka arvostaa nykyaikaista muotoilua, se optimoi s\u00e4ilytystilan silti s\u00e4ilytt\u00e4en esteettisen vieh\u00e4tyksens\u00e4. Suunniteltu sis\u00e4k\u00e4ytt\u00f6\u00f6n, t\u00e4\u00e4 setti tuo minimalistista charmia, joka sulautuu moderniin sisustukseen kuin nakutettu. Olitpa j\u00e4rjest\u00e4m\u00e4ss\u00e4 kauneustuotteita, pyyhkeit\u00e4 tai muita tarpeellisia juttuja, t\u00e4\u00e4 setti tarjoaa runsaasti tilaa \u2013 eli t\u00e4ydellinen valinta sek\u00e4 omistajille ett\u00e4 vuokralaisille, jotka haluaa tyyli\u00e4 ja toimivuutta.<\/p>\n<ul>\n<li><b>Tekninen puu:<\/b> Setti on kest\u00e4v\u00e4 ja muotoilultaan tyylik\u00e4s. Materiaali on helppo pyyhki\u00e4 kostealla liinalla, joten se sopii kiireisiin kotitalouksiin. Teknisen puun kaunis pinta lis\u00e4\u00e4 eleganssia kylpyhuoneeseen ilman ylikuormituksen tunnetta.<\/li>\n<li><b>Kattava setti:<\/b> Peili, pesukaluste, korkea kaappi, matala kaappi ja sein\u00e4kaappi, kaikki t\u00e4ll\u00e4 setill\u00e4 on t\u00e4ydelliset mitat, jotka tarjoavat monipuolisia s\u00e4ilytysratkaisuja eri kylpyhuoneisiin.<\/li>\n<li><b>Modernit tulvaovet:<\/b> Sleek tulvaovet tuovat puhtaan ilmeen, mik\u00e4 sopii nykyaikaiseen ymp\u00e4rist\u00f6\u00f6n. Minimalistiset kahvat tekev\u00e4t k\u00e4yt\u00f6st\u00e4 helppoa.<\/li>\n<li><b>Tilaa s\u00e4\u00e4st\u00e4v\u00e4 muotoilu:<\/b> Sein\u00e4lle kiinnitett\u00e4v\u00e4 kalustesetti maximoi lattiapinta-alan, mik\u00e4 tekee pienemmist\u00e4 kylpyhuoneista avarampia. Postijalat tuovat vakautta ja keveytt\u00e4 tilaan.<\/li>\n<li><b>Helppo huolto:<\/b> Pienen huollon vaatimuksiin riitt\u00e4\u00e4 pintojen pyyhkiminen kostealla pyyhkeell\u00e4. V\u00e4lt\u00e4 voimakkaita kemikaaleja, jotta kalusteet pysyy hyv\u00e4ss\u00e4 kunnossa.<\/li>\n<\/ul>\n<ul>\n<li>V\u00e4ri: P\u00e4hkin\u00e4 ruskea<\/li>\n<li>Materiaali: Tekninen puu<\/li>\n<li>Yleiset mitat: 38 x 33 x 160 cm (P x L x K)<\/li>\n<li>Paino: 62,15 kg<\/li>\n<li>Runsaasti s\u00e4ilytystilaa<\/li>\n<li>Kest\u00e4v\u00e4<\/li>\n<li>Laatikolla<\/li>\n<li>Tasainen peili<\/li>\n<li>Hyllyll\u00e4<\/li>\n<li>Kehysmateriaali: Tekninen puu<\/li>\n<li>5 ovien kanssa<\/li>\n<li>Sis\u00e4- \/ ulkotiloissa: Vain sis\u00e4k\u00e4ytt\u00f6\u00f6n<\/li>\n<li>Toimitus-:<\/li>\n<li>1 x Peili: 50 x 70 cm (KxL)<\/li>\n<li>1 x Pesuallas kaappi: 62 x 33 x 58 cm (LxWxH)<\/li>\n<li>1 x Korkea kaappi: 38 x 33 x 160 cm (LxWxH)<\/li>\n<li>1 x Matala kaappi: 38 x 33 x 58 cm (LxWxH)<\/li>\n<li>1 x Sein\u00e4lle asennettava kaappi: 38 x 33 x 48 cm (LxWxH)<\/li>\n<li>Kokoonpano vaaditaan: Kyll\u00e4<\/li>\n<\/ul>\n","protected":false},"excerpt":{"rendered":"<ul>\n<li>V\u00e4ri: P\u00e4hkin\u00e4 ruskea<\/li>\n<li>Materiaali: Tekninen puu<\/li>\n<li>Yleiset mitat: 38 x 33 x 160 cm (P x L x K)<\/li>\n<li>Paino: 62,15 kg<\/li>\n<li>Runsaasti s\u00e4ilytystilaa<\/li>\n<li>Kest\u00e4v\u00e4<\/li>\n<li>Laatikolla<\/li>\n<li>Tasainen peili<\/li>\n<li>Hyllyll\u00e4<\/li>\n<li>Kehysmateriaali: Tekninen puu<\/li>\n<li>5 ovien kanssa<\/li>\n<li>Sis\u00e4- \/ ulkotiloissa: Vain sis\u00e4k\u00e4ytt\u00f6\u00f6n<\/li>\n<li>Toimitus-:<\/li>\n<li>1 x Peili: 50 x 70 cm (KxL)<\/li>\n<li>1 x Pesuallas kaappi: 62 x 33 x 58 cm (LxWxH)<\/li>\n<li>1 x Korkea kaappi: 38 x 33 x 160 cm (LxWxH)<\/li>\n<li>1 x Matala kaappi: 38 x 33 x 58 cm (LxWxH)<\/li>\n<li>1 x Sein\u00e4lle asennettava kaappi: 38 x 33 x 48 cm (LxWxH)<\/li>\n<li>Kokoonpano vaaditaan: Kyll\u00e4<\/li>\n<\/ul>\n","protected":false},"featured_media":100000158374,"comment_status":"closed","ping_status":"closed","template":"","meta":[],"product_brand":[],"product_cat":[84,8560],"product_tag":[],"class_list":{"0":"post-158374","1":"product","2":"type-product","3":"status-publish","4":"has-post-thumbnail","6":"product_cat-huonekalut","7":"product_cat-kylpyhuoneen-kalusteet","9":"first","10":"instock","11":"taxable","12":"shipping-taxable","13":"purchasable","14":"product-type-simple"},"_links":{"self":[{"href":"https:\/\/www.otiumhome.fi\/index.php\/wp-json\/wp\/v2\/product\/158374","targetHints":{"allow":["GET"]}}],"collection":[{"href":"https:\/\/www.otiumhome.fi\/index.php\/wp-json\/wp\/v2\/product"}],"about":[{"href":"https:\/\/www.otiumhome.fi\/index.php\/wp-json\/wp\/v2\/types\/product"}],"replies":[{"embeddable":true,"href":"https:\/\/www.otiumhome.fi\/index.php\/wp-json\/wp\/v2\/comments?post=158374"}],"wp:featuredmedia":[{"embeddable":true,"href":"https:\/\/www.otiumhome.fi\/index.php\/wp-json\/"}],"wp:attachment":[{"href":"https:\/\/www.otiumhome.fi\/index.php\/wp-json\/wp\/v2\/media?parent=158374"}],"wp:term":[{"taxonomy":"product_brand","embeddable":true,"href":"https:\/\/www.otiumhome.fi\/index.php\/wp-json\/wp\/v2\/product_brand?post=158374"},{"taxonomy":"product_cat","embeddable":true,"href":"https:\/\/www.otiumhome.fi\/index.php\/wp-json\/wp\/v2\/product_cat?post=158374"},{"taxonomy":"product_tag","embeddable":true,"href":"https:\/\/www.otiumhome.fi\/index.php\/wp-json\/wp\/v2\/product_tag?post=158374"}],"curies":[{"name":"wp","href":"https:\/\/api.w.org\/{rel}","templated":true}]}}