{"id":158349,"date":"2025-07-11T21:11:55","date_gmt":"2025-07-11T21:11:55","guid":{"rendered":"https:\/\/www.otiumhome.fi\/?p=158349"},"modified":"2025-12-09T05:47:52","modified_gmt":"2025-12-09T05:47:52","slug":"poyta-hyllylla-harmaa-sonoma-1385-x-55-x-143-cm-tekninen-puu","status":"publish","type":"product","link":"https:\/\/www.otiumhome.fi\/index.php\/tuote\/poyta-hyllylla-harmaa-sonoma-1385-x-55-x-143-cm-tekninen-puu\/","title":{"rendered":"P\u00f6yt\u00e4 hyllyll\u00e4 Harmaa Sonoma 138,5 x 55 x 143 cm Tekninen puu"},"content":{"rendered":"<p>T\u00e4m\u00e4 tyylik\u00e4s p\u00f6yt\u00e4 on ty\u00f6tilasi syd\u00e4n, suunniteltu erityisesti kotitoimistojen tarpeisiin. Se on tehty teknisest\u00e4 puusta, joten se on kest\u00e4v\u00e4\u00e4 ja tosi hyv\u00e4nn\u00e4k\u00f6ist\u00e4, tuoden ripauksen eleganssia mihin tahansa huoneeseen. Suuri pinta-ala antaa tilaa kaikille toimistotarvikkeillesi, ja p\u00f6yt\u00e4 on reilusti tilava esimerkiksi askarteluun, opiskeluun tai pelaamiseen. Sen moderni tyyli sopii t\u00e4ydellisesti mihin tahansa sisustukseen, joten se on loistava lis\u00e4ys sis\u00e4tiloihin.<\/p>\n<ul>\n<li><b>Tekninen puu<\/b> T\u00e4m\u00e4 p\u00f6yt\u00e4 on valmistettu laadukkaasta teknisest\u00e4 puusta, mik\u00e4 takaa kest\u00e4v\u00e4n ja siistin viimeistelyn. Se on vahva ja siin\u00e4 on sile\u00e4, naarmuuntumaton pinta, joten se on helppo puhdistaa, ja se pysyy hyv\u00e4n\u00e4 pitk\u00e4\u00e4n.<\/li>\n<li><b>Runsaasti s\u00e4ilytystilaa<\/b> Useiden hyllyjen avulla t\u00e4m\u00e4 p\u00f6yt\u00e4 tarjoaa paljon s\u00e4ilytystilaa toimistotarvikkeille ja asiakirjoille. Siisti ilme tekee oikeasti helpoksi l\u00f6yt\u00e4\u00e4 tarvittavat jutut nopeasti, pit\u00e4en ty\u00f6p\u00f6yd\u00e4n puhtaana ja parantaen tuottavuuttasi.<\/li>\n<li><b>Modernit design-ominaisuudet<\/b> P\u00f6yd\u00e4n suorat linjat ja yksinkertainen tyyli antavat sille modernin ilmeen, mik\u00e4 tekee siit\u00e4 tyylikk\u00e4\u00e4n lis\u00e4yksen mihin tahansa sisustukseen. Fiksu muotoilu tasapainottaa tyylikkyyden ja k\u00e4yt\u00e4nn\u00f6llisyyden, ja se on t\u00e4ydellinen kaikille k\u00e4ytt\u00e4jille.<\/li>\n<li><b>Sis\u00e4k\u00e4ytt\u00f6\u00f6n<\/b> T\u00e4m\u00e4 p\u00f6yt\u00e4 on erityisesti suunniteltu sis\u00e4tiloihin, joten se on t\u00e4ydellinen kotitoimistoihin, luokkahuoneisiin tai pieniin yrityksiin. Sen kest\u00e4v\u00e4 rakenne on luotettava, joten se sopii hyvin ty\u00f6skentelyyn tai opiskeluun.<\/li>\n<li><b>Helppo hoitaa<\/b> P\u00f6yd\u00e4st\u00e4 huolehtiminen on helppoa, kunhan p\u00f6ly\u00e4t sen s\u00e4\u00e4nn\u00f6llisesti. Kest\u00e4v\u00e4 pinta kest\u00e4\u00e4 pieni\u00e4 naarmuja ja roiskeita, joten se on rakennettu kest\u00e4m\u00e4\u00e4n ilman suurta vaivann\u00e4k\u00f6\u00e4.<\/li>\n<\/ul>\n<ul>\n<li>V\u00e4ri: Harmaa sonoma<\/li>\n<li>Materiaali: Tekninen puu<\/li>\n<li>Yleiset mitat: 138,5 x 55 x 143 cm (P x L x K)<\/li>\n<li>Paino: 17,9 kg<\/li>\n<li>Kest\u00e4v\u00e4<\/li>\n<li>4 hyllyill\u00e4<\/li>\n<li>Kehysmateriaali: Tekninen puu<\/li>\n<li>Sis\u00e4- \/ ulkotiloissa: Vain sis\u00e4k\u00e4ytt\u00f6\u00f6n<\/li>\n<li>Toimitus-:<\/li>\n<li>1 x p\u00f6yt\u00e4<\/li>\n<li>Kokoonpano vaaditaan: Kyll\u00e4<\/li>\n<\/ul>\n","protected":false},"excerpt":{"rendered":"<ul>\n<li>V\u00e4ri: Harmaa sonoma<\/li>\n<li>Materiaali: Tekninen puu<\/li>\n<li>Yleiset mitat: 138,5 x 55 x 143 cm (P x L x K)<\/li>\n<li>Paino: 17,9 kg<\/li>\n<li>Kest\u00e4v\u00e4<\/li>\n<li>4 hyllyill\u00e4<\/li>\n<li>Kehysmateriaali: Tekninen puu<\/li>\n<li>Sis\u00e4- \/ ulkotiloissa: Vain sis\u00e4k\u00e4ytt\u00f6\u00f6n<\/li>\n<li>Toimitus-:<\/li>\n<li>1 x p\u00f6yt\u00e4<\/li>\n<li>Kokoonpano vaaditaan: Kyll\u00e4<\/li>\n<\/ul>\n","protected":false},"featured_media":100000158349,"comment_status":"closed","ping_status":"closed","template":"","meta":[],"product_brand":[],"product_cat":[84,8551],"product_tag":[],"class_list":{"0":"post-158349","1":"product","2":"type-product","3":"status-publish","4":"has-post-thumbnail","6":"product_cat-huonekalut","7":"product_cat-kirjoituspoydat","9":"first","10":"instock","11":"taxable","12":"shipping-taxable","13":"purchasable","14":"product-type-simple"},"_links":{"self":[{"href":"https:\/\/www.otiumhome.fi\/index.php\/wp-json\/wp\/v2\/product\/158349","targetHints":{"allow":["GET"]}}],"collection":[{"href":"https:\/\/www.otiumhome.fi\/index.php\/wp-json\/wp\/v2\/product"}],"about":[{"href":"https:\/\/www.otiumhome.fi\/index.php\/wp-json\/wp\/v2\/types\/product"}],"replies":[{"embeddable":true,"href":"https:\/\/www.otiumhome.fi\/index.php\/wp-json\/wp\/v2\/comments?post=158349"}],"wp:featuredmedia":[{"embeddable":true,"href":"https:\/\/www.otiumhome.fi\/index.php\/wp-json\/"}],"wp:attachment":[{"href":"https:\/\/www.otiumhome.fi\/index.php\/wp-json\/wp\/v2\/media?parent=158349"}],"wp:term":[{"taxonomy":"product_brand","embeddable":true,"href":"https:\/\/www.otiumhome.fi\/index.php\/wp-json\/wp\/v2\/product_brand?post=158349"},{"taxonomy":"product_cat","embeddable":true,"href":"https:\/\/www.otiumhome.fi\/index.php\/wp-json\/wp\/v2\/product_cat?post=158349"},{"taxonomy":"product_tag","embeddable":true,"href":"https:\/\/www.otiumhome.fi\/index.php\/wp-json\/wp\/v2\/product_tag?post=158349"}],"curies":[{"name":"wp","href":"https:\/\/api.w.org\/{rel}","templated":true}]}}