{"id":158291,"date":"2025-07-11T18:43:32","date_gmt":"2025-07-11T18:43:32","guid":{"rendered":"https:\/\/www.otiumhome.fi\/?p=158291"},"modified":"2025-07-12T04:26:39","modified_gmt":"2025-07-12T04:26:39","slug":"3-kpl-ruokailuryhma-reine-hunajanruskea-ja-harmaa-taysi-manty","status":"publish","type":"product","link":"https:\/\/www.otiumhome.fi\/index.php\/tuote\/3-kpl-ruokailuryhma-reine-hunajanruskea-ja-harmaa-taysi-manty\/","title":{"rendered":"3 kpl Ruokailuryhm\u00e4 REINE hunajanruskea ja harmaa t\u00e4ysi m\u00e4nty"},"content":{"rendered":"<p>Luo l\u00e4mmin ja kutsuva paikka p\u00e4iv\u00e4n aloittamiseen tai ihana ateria yhdess\u00e4 t\u00e4m\u00e4n puisen ruokailuryhm\u00e4n \u00e4\u00e4rell\u00e4.<\/p>\n<\/p>\n<p>T\u00e4ydest\u00e4 m\u00e4nnyst\u00e4 valmistettu ruokailuryhm\u00e4 erottuu edukseen lujatekoisuudellaan. Kulmapenkin selk\u00e4noja takaa istumamukavuutesi. Lis\u00e4ksi pitk\u00e4 penkki voidaan koota oikean- ja vasemmanpuoleiseksi, jotta se sopii erilaisiin ymp\u00e4rist\u00f6ihin. P\u00f6yt\u00e4 on ihanteellinen paikka aterioille ja juomille. Sit\u00e4 voidaan k\u00e4ytt\u00e4\u00e4 rentoon ruokailuun tai paikkana kotit\u00f6iden tekemiseen tai kodin projektin viimeistelyyn.<\/p>\n<ul>\n<li>V\u00e4ri: hunajanruskea ja harmaa<\/li>\n<li>Materiaali: t\u00e4ysi m\u00e4nty<\/li>\n<li>Kulmapenkin mitat: 151 x 118,5 x 85 cm (P x L x K)<\/li>\n<li>P\u00f6yd\u00e4n mitat: 100 x 60 x 73 cm (P x L x K)<\/li>\n<li>Penkin mitat: 92 x 28 x 43 cm (P x L x K)<\/li>\n<li>Pitk\u00e4 penkki voidaan koota sek\u00e4 vasemman- ett\u00e4 oikeanpuoleiseksi<\/li>\n<li>Malliston nimi: REINE<\/li>\n<li>Asennus vaaditaan: kyll\u00e4<\/li>\n<li><strong>Toimitus sis\u00e4lt\u00e4\u00e4:<\/strong><\/li>\n<li>1 x kulmapenkki<\/li>\n<li>1 x penkki<\/li>\n<li>1 x p\u00f6yt\u00e4<\/li>\n<\/ul>\n","protected":false},"excerpt":{"rendered":"<ul>\n<li>V\u00e4ri: hunajanruskea ja harmaa<\/li>\n<li>Materiaali: t\u00e4ysi m\u00e4nty<\/li>\n<li>Kulmapenkin mitat: 151 x 118,5 x 85 cm (P x L x K)<\/li>\n<li>P\u00f6yd\u00e4n mitat: 100 x 60 x 73 cm (P x L x K)<\/li>\n<li>Penkin mitat: 92 x 28 x 43 cm (P x L x K)<\/li>\n<li>Pitk\u00e4 penkki voidaan koota sek\u00e4 vasemman- ett\u00e4 oikeanpuoleiseksi<\/li>\n<li>Malliston nimi: REINE<\/li>\n<li>Asennus vaaditaan: kyll\u00e4<\/li>\n<li><strong>Toimitus sis\u00e4lt\u00e4\u00e4:<\/strong><\/li>\n<li>1 x kulmapenkki<\/li>\n<li>1 x penkki<\/li>\n<li>1 x p\u00f6yt\u00e4<\/li>\n<\/ul>\n","protected":false},"featured_media":100000158291,"comment_status":"closed","ping_status":"closed","template":"","meta":[],"product_brand":[],"product_cat":[84,8545],"product_tag":[],"class_list":{"0":"post-158291","1":"product","2":"type-product","3":"status-publish","4":"has-post-thumbnail","6":"product_cat-huonekalut","7":"product_cat-keittion-ruokasalin-kalusteet","9":"first","10":"instock","11":"taxable","12":"shipping-taxable","13":"purchasable","14":"product-type-simple"},"_links":{"self":[{"href":"https:\/\/www.otiumhome.fi\/index.php\/wp-json\/wp\/v2\/product\/158291","targetHints":{"allow":["GET"]}}],"collection":[{"href":"https:\/\/www.otiumhome.fi\/index.php\/wp-json\/wp\/v2\/product"}],"about":[{"href":"https:\/\/www.otiumhome.fi\/index.php\/wp-json\/wp\/v2\/types\/product"}],"replies":[{"embeddable":true,"href":"https:\/\/www.otiumhome.fi\/index.php\/wp-json\/wp\/v2\/comments?post=158291"}],"wp:featuredmedia":[{"embeddable":true,"href":"https:\/\/www.otiumhome.fi\/index.php\/wp-json\/"}],"wp:attachment":[{"href":"https:\/\/www.otiumhome.fi\/index.php\/wp-json\/wp\/v2\/media?parent=158291"}],"wp:term":[{"taxonomy":"product_brand","embeddable":true,"href":"https:\/\/www.otiumhome.fi\/index.php\/wp-json\/wp\/v2\/product_brand?post=158291"},{"taxonomy":"product_cat","embeddable":true,"href":"https:\/\/www.otiumhome.fi\/index.php\/wp-json\/wp\/v2\/product_cat?post=158291"},{"taxonomy":"product_tag","embeddable":true,"href":"https:\/\/www.otiumhome.fi\/index.php\/wp-json\/wp\/v2\/product_tag?post=158291"}],"curies":[{"name":"wp","href":"https:\/\/api.w.org\/{rel}","templated":true}]}}